{"id":14339,"date":"2021-04-07T10:10:23","date_gmt":"2021-04-07T08:10:23","guid":{"rendered":"http:\/\/ksiegarnia-akademicka.pl\/?post_type=product&#038;p=14339"},"modified":"2021-04-07T10:11:15","modified_gmt":"2021-04-07T08:11:15","slug":"ochodzenie-roszczen-z-umow-kredytow-frankowych-praktyka-orzecznictwo-pytania-i-odpowiedzi","status":"publish","type":"product","link":"https:\/\/ksiegarnia-akademicka.pl\/index.php\/product\/ochodzenie-roszczen-z-umow-kredytow-frankowych-praktyka-orzecznictwo-pytania-i-odpowiedzi\/","title":{"rendered":"Dochodzenie roszcze\u0144 z um\u00f3w kredyt\u00f3w frankowych. Praktyka, orzecznictwo, pytania i odpowiedzi"},"content":{"rendered":"<p>Helena Ciep\u0142a<br \/>\nWydawnictwo: Wolters Kluwer Polska<br \/>\nRok publikacji: 2020<br \/>\nWydanie: 1<br \/>\nLiczba stron: 368<br \/>\nSeria: Biblioteka S\u0105dowa<br \/>\nRodzaj: Opracowanie<br \/>\nOk\u0142adka: twarda<br \/>\nFormat: B5<\/p>\n<p>Publikacja kompleksowo wskazuje rodzaje wytaczanych pow\u00f3dztw i prawid\u0142owe sposoby formu\u0142owania \u017c\u0105da\u0144 pozw\u00f3w przy dochodzeniu roszcze\u0144 z um\u00f3w kredyt\u00f3w frankowych. Uwzgl\u0119dnia ma\u0142\u017conk\u00f3w jako kredytobiorc\u00f3w po obu stronach procesu, zar\u00f3wno w trakcie trwania wsp\u00f3lno\u015bci ustawowej, jak i po jej ustaniu.<\/p>\n<p>Autorka przedstawia istotne dla omawianej problematyki najnowsze zmiany legislacyjne w Kodeksie post\u0119powania cywilnego, aktualne stanowisko doktryny oraz rozbudowane wykazy wybranych tez orzecze\u0144 S\u0105du Najwy\u017cszego, s\u0105d\u00f3w apelacyjnych i okr\u0119gowych. Szczeg\u00f3lnie cenne dla czytelnik\u00f3w b\u0119d\u0105 odpowiedzi na kilkadziesi\u0105t pyta\u0144 zadanych podczas szkole\u0144 otwartych dla praktyk\u00f3w oraz w s\u0105dach, dotycz\u0105cych ju\u017c prowadzonych spraw b\u0105d\u017a planowanych do wytoczenia pow\u00f3dztw w dochodzeniu roszcze\u0144 frankowych.<\/p>\n<p>Adresaci:<br \/>\nKsi\u0105\u017cka jest przeznaczona przede wszystkim dla praktyk\u00f3w prawa, w tym adwokat\u00f3w, radc\u00f3w prawnych, s\u0119dzi\u00f3w i ich asystent\u00f3w, a tak\u017ce pracownik\u00f3w bank\u00f3w udzielaj\u0105cych kredyt\u00f3w frankowych oraz aplikant\u00f3w zawod\u00f3w prawniczych.<\/p>\n","protected":false},"excerpt":{"rendered":"<p>Helena Ciep\u0142a Wydawnictwo: Wolters Kluwer Polska Rok publikacji: 2020 Wydanie: [&hellip;]<\/p>\n","protected":false},"featured_media":14340,"template":"","meta":[],"product_brand":[],"product_cat":[7491,18],"product_tag":[692,615,4745],"class_list":{"0":"post-14339","1":"product","2":"type-product","3":"status-publish","4":"has-post-thumbnail","6":"product_cat-cywilne","7":"product_cat-prawo","8":"product_tag-postepowanie-cywilne","9":"product_tag-prawo-cywilne","10":"product_tag-seria-biblioteka-sadowa-2","12":"first","13":"instock","14":"sale","15":"shipping-taxable","16":"purchasable","17":"product-type-simple"},"_links":{"self":[{"href":"https:\/\/ksiegarnia-akademicka.pl\/index.php\/wp-json\/wp\/v2\/product\/14339","targetHints":{"allow":["GET"]}}],"collection":[{"href":"https:\/\/ksiegarnia-akademicka.pl\/index.php\/wp-json\/wp\/v2\/product"}],"about":[{"href":"https:\/\/ksiegarnia-akademicka.pl\/index.php\/wp-json\/wp\/v2\/types\/product"}],"wp:featuredmedia":[{"embeddable":true,"href":"https:\/\/ksiegarnia-akademicka.pl\/index.php\/wp-json\/wp\/v2\/media\/14340"}],"wp:attachment":[{"href":"https:\/\/ksiegarnia-akademicka.pl\/index.php\/wp-json\/wp\/v2\/media?parent=14339"}],"wp:term":[{"taxonomy":"product_brand","embeddable":true,"href":"https:\/\/ksiegarnia-akademicka.pl\/index.php\/wp-json\/wp\/v2\/product_brand?post=14339"},{"taxonomy":"product_cat","embeddable":true,"href":"https:\/\/ksiegarnia-akademicka.pl\/index.php\/wp-json\/wp\/v2\/product_cat?post=14339"},{"taxonomy":"product_tag","embeddable":true,"href":"https:\/\/ksiegarnia-akademicka.pl\/index.php\/wp-json\/wp\/v2\/product_tag?post=14339"}],"curies":[{"name":"wp","href":"https:\/\/api.w.org\/{rel}","templated":true}]}}