{"id":14310,"date":"2021-04-02T11:11:19","date_gmt":"2021-04-02T09:11:19","guid":{"rendered":"http:\/\/ksiegarnia-akademicka.pl\/?post_type=product&#038;p=14310"},"modified":"2024-12-05T08:36:05","modified_gmt":"2024-12-05T07:36:05","slug":"zatrudnianie-i-zwalnianie-pracownikow-obowiazki-pracodawcow-2021","status":"publish","type":"product","link":"https:\/\/ksiegarnia-akademicka.pl\/index.php\/product\/zatrudnianie-i-zwalnianie-pracownikow-obowiazki-pracodawcow-2021\/","title":{"rendered":"Zatrudnianie i zwalnianie pracownik\u00f3w.Obowi\u0105zki pracodawc\u00f3w 2021"},"content":{"rendered":"<p>Wydawca: Infor<br \/>\nOprawa: Kartonowa Foliowana<br \/>\nFormat: 16.5&#215;23.5cm<br \/>\nLiczba stron: 178<br \/>\nRok wydania: 2021<br \/>\nJ\u0119zyk wydania: polski<\/p>\n<p>Jest to kompleksowe opracowanie, kt\u00f3re przedstawia krok po kroku zasady zatrudniania pracownik\u00f3w oraz rozwi\u0105zywania um\u00f3w o prac\u0119. Uwzgl\u0119dniono w nim najnowsze zmiany przepis\u00f3w, w tym szczeg\u00f3lne rozwi\u0105zania wprowadzone przez tzw. tarcz\u0119 antykryzysow\u0105 w czasie epidemii COVID-19. Dotycz\u0105 one m.in. obowi\u0105zk\u00f3w pracodawcy w przypadku zako\u0144czenia stosunku pracy oraz przeprowadzania bada\u0144 lekarskich i szkole\u0144 bhp. Dzi\u0119ki publikacji pracodawcy dowiedz\u0105 si\u0119 r\u00f3wnie\u017c, jak rozwi\u0105za\u0107 umow\u0119 o prac\u0119, aby nie narazi\u0107 si\u0119 na roszczenia pracownik\u00f3w.<br \/>\nKsi\u0105\u017cka wyja\u015bnia m.in.:<br \/>\n\u2022 jakich danych mo\u017cna wymaga\u0107 od kandydata do pracy, a jakich od pracownika,<br \/>\n\u2022 co powinien zawiera\u0107 kwestionariusz osobowy,<br \/>\n\u2022 jak sporz\u0105dzi\u0107 umow\u0119 o prac\u0119,<br \/>\n\u2022 jaki rodzaj umowy o prac\u0119 dla pracownika wybra\u0107,<br \/>\n\u2022 jak uzasadni\u0107 wypowiedzenie umowy o prac\u0119,<br \/>\n\u2022 co powinno zawiera\u0107 porozumienie stron dotycz\u0105ce rozwi\u0105zania stosunku pracy,<br \/>\n\u2022 w jakich przypadkach pracownicy podlegaj\u0105 ochronie przed zwolnieniem z pracy,<br \/>\n\u2022 kiedy mo\u017cna rozwi\u0105za\u0107 z pracownikiem umow\u0119 o prac\u0119 bez wypowiedzenia.<br \/>\nPublikacja zawiera liczne przyk\u0142ady, zestawienia tabelaryczne i wzory dokument\u00f3w. Jest niezb\u0119dnym narz\u0119dziem przydatnym w pracy ka\u017cdego specjalisty ds. kadr.<\/p>\n<p>ATUTY PUBLIKACJI:<br \/>\nPraktyczna publikacja, kt\u00f3ra w kompleksowy spos\u00f3b przedstawia zasady zatrudniania i zwalniania pracownik\u00f3w w czasie pandemii COVID-19.<\/p>\n","protected":false},"excerpt":{"rendered":"<p>Wydawca: Infor Oprawa: Kartonowa Foliowana Format: 16.5&#215;23.5cm Liczba stron: 178 [&hellip;]<\/p>\n","protected":false},"featured_media":14311,"template":"","meta":[],"product_brand":[],"product_cat":[18,7550],"product_tag":[793,545],"class_list":{"0":"post-14310","1":"product","2":"type-product","3":"status-publish","4":"has-post-thumbnail","6":"product_cat-prawo","7":"product_cat-prawo-pracy","8":"product_tag-prawo-pracy","9":"product_tag-zarzadzanie-personelem","11":"first","12":"instock","13":"sale","14":"shipping-taxable","15":"purchasable","16":"product-type-simple"},"_links":{"self":[{"href":"https:\/\/ksiegarnia-akademicka.pl\/index.php\/wp-json\/wp\/v2\/product\/14310","targetHints":{"allow":["GET"]}}],"collection":[{"href":"https:\/\/ksiegarnia-akademicka.pl\/index.php\/wp-json\/wp\/v2\/product"}],"about":[{"href":"https:\/\/ksiegarnia-akademicka.pl\/index.php\/wp-json\/wp\/v2\/types\/product"}],"wp:featuredmedia":[{"embeddable":true,"href":"https:\/\/ksiegarnia-akademicka.pl\/index.php\/wp-json\/wp\/v2\/media\/14311"}],"wp:attachment":[{"href":"https:\/\/ksiegarnia-akademicka.pl\/index.php\/wp-json\/wp\/v2\/media?parent=14310"}],"wp:term":[{"taxonomy":"product_brand","embeddable":true,"href":"https:\/\/ksiegarnia-akademicka.pl\/index.php\/wp-json\/wp\/v2\/product_brand?post=14310"},{"taxonomy":"product_cat","embeddable":true,"href":"https:\/\/ksiegarnia-akademicka.pl\/index.php\/wp-json\/wp\/v2\/product_cat?post=14310"},{"taxonomy":"product_tag","embeddable":true,"href":"https:\/\/ksiegarnia-akademicka.pl\/index.php\/wp-json\/wp\/v2\/product_tag?post=14310"}],"curies":[{"name":"wp","href":"https:\/\/api.w.org\/{rel}","templated":true}]}}