{"id":14296,"date":"2021-04-02T10:49:43","date_gmt":"2021-04-02T08:49:43","guid":{"rendered":"http:\/\/ksiegarnia-akademicka.pl\/?post_type=product&#038;p=14296"},"modified":"2021-04-02T10:49:45","modified_gmt":"2021-04-02T08:49:45","slug":"jak-uniknac-ryzyka-odpowiedzialnosci-podatkowej-tax-compliance","status":"publish","type":"product","link":"https:\/\/ksiegarnia-akademicka.pl\/index.php\/product\/jak-uniknac-ryzyka-odpowiedzialnosci-podatkowej-tax-compliance\/","title":{"rendered":"Jak unikn\u0105\u0107 ryzyka odpowiedzialno\u015bci podatkowej Tax compliance"},"content":{"rendered":"<p>Redakcja naukowa:<br \/>\nPawe\u0142 Tomczykowski<br \/>\nBart\u0142omiej Bia\u0142y, Daniel Borzym, Rados\u0142aw Bulejak, Micha\u0142 Czajkowski, Marta Czerwi\u0144ska-Szczygie\u0142, Aleksander Dyl, Marek Ko\u0144czak, Wojciech Kotowski, Jacek Matarewicz, Ewelina Racho\u0144, Marcin Rozbicki, Bart\u0142omiej Senderowski, Pawe\u0142 Sta\u0144czyk, Krystyna Szyd\u0142owska, \u0141ukasz Warszawski<br \/>\nWydawnictwo: Wolters Kluwer Polska<br \/>\nRok publikacji: 2021<br \/>\nWydanie: 1<br \/>\nLiczba stron: 388<br \/>\nSeria: Zagadnienia Podatkowe<br \/>\nOk\u0142adka: twarda<br \/>\nFormat: B5<\/p>\n<p>Publikacja w spos\u00f3b kompleksowy omawia zagadnienia zwi\u0105zane z szeroko rozumian\u0105 sprawozdawczo\u015bci\u0105 podatkow\u0105. Autorzy, opieraj\u0105c si\u0119 na aktualnych przepisach, orzecznictwie, stanowiskach organ\u00f3w podatkowych wyra\u017conych w interpretacjach przepis\u00f3w prawa podatkowego oraz swoim bogatym do\u015bwiadczeniu praktycznym, szczeg\u00f3\u0142owo omawiaj\u0105 najwa\u017cniejsze zagadnienia zwi\u0105zane z tematyk\u0105 tax compliance.<\/p>\n<p>Przedstawiaj\u0105 m.in. istotne aspekty dotycz\u0105ce:<br \/>\n\u2022 zasad stosowania tax compliance w praktyce oraz tworzenia skutecznych system\u00f3w compliance,<br \/>\n\u2022 planowania podatkowego (m.in. schematy podatkowe, exit tax, podatek u \u017ar\u00f3d\u0142a),<br \/>\n\u2022 innowacji i dzia\u0142alno\u015bci badawczo-rozwojowej (ulga B+R, IP Box),<br \/>\n\u2022 nowych obowi\u0105zk\u00f3w i instrument\u00f3w raportowania strategii podatkowej,<br \/>\n\u2022 um\u00f3w o wsp\u00f3\u0142dzia\u0142anie z organami podatkowymi,<br \/>\n\u2022 o\u015bwiadcze\u0144 o sporz\u0105dzeniu dokumentacji cen transferowych oraz transakcji z rajami podatkowymi,<br \/>\n\u2022 podatk\u00f3w dochodowych,<br \/>\n\u2022 ubezpiecze\u0144 spo\u0142ecznych,<br \/>\n\u2022 podatku VAT, akcyzy i c\u0142a,<br \/>\n\u2022 zmian prawa podatkowego w zwi\u0105zku z wprowadzonym stanem epidemii COVID\u201319.<\/p>\n<p>Opracowanie zosta\u0142o przygotowane przez praktyk\u00f3w z wieloletnim do\u015bwiadczeniem w obszarze prawa podatkowego.<\/p>\n<p>Ksi\u0105\u017cka jest przeznaczona dla doradc\u00f3w podatkowych, adwokat\u00f3w, radc\u00f3w prawnych oraz compliance officer\u00f3w, kt\u00f3rzy w swojej codziennej pracy maj\u0105 styczno\u015b\u0107 z zagadnieniami podatkowymi, zwi\u0105zanymi z obs\u0142ug\u0105 podmiot\u00f3w gospodarczych. B\u0119dzie r\u00f3wnie\u017c cennym \u017ar\u00f3d\u0142em wiedzy dla ekonomist\u00f3w, ksi\u0119gowych, mened\u017cer\u00f3w oraz przedsi\u0119biorc\u00f3w.<\/p>\n","protected":false},"excerpt":{"rendered":"<p>Redakcja naukowa: Pawe\u0142 Tomczykowski Bart\u0142omiej Bia\u0142y, Daniel Borzym, Rados\u0142aw Bulejak, [&hellip;]<\/p>\n","protected":false},"featured_media":14297,"template":"","meta":[],"product_brand":[],"product_cat":[22,23],"product_tag":[1214,1055,1496,8117,8076],"class_list":{"0":"post-14296","1":"product","2":"type-product","3":"status-publish","4":"has-post-thumbnail","6":"product_cat-podatki-i-prawo-podatkowe","7":"product_cat-rachunkowosc","8":"product_tag-postepowanie-podatkowe","9":"product_tag-prawo-podatkowe","10":"product_tag-rachunkowosc","11":"product_tag-seria-biblioteka-compliance","12":"product_tag-seria-zagadnienia-podatkowe","14":"first","15":"instock","16":"sale","17":"shipping-taxable","18":"purchasable","19":"product-type-simple"},"_links":{"self":[{"href":"https:\/\/ksiegarnia-akademicka.pl\/index.php\/wp-json\/wp\/v2\/product\/14296","targetHints":{"allow":["GET"]}}],"collection":[{"href":"https:\/\/ksiegarnia-akademicka.pl\/index.php\/wp-json\/wp\/v2\/product"}],"about":[{"href":"https:\/\/ksiegarnia-akademicka.pl\/index.php\/wp-json\/wp\/v2\/types\/product"}],"wp:featuredmedia":[{"embeddable":true,"href":"https:\/\/ksiegarnia-akademicka.pl\/index.php\/wp-json\/wp\/v2\/media\/14297"}],"wp:attachment":[{"href":"https:\/\/ksiegarnia-akademicka.pl\/index.php\/wp-json\/wp\/v2\/media?parent=14296"}],"wp:term":[{"taxonomy":"product_brand","embeddable":true,"href":"https:\/\/ksiegarnia-akademicka.pl\/index.php\/wp-json\/wp\/v2\/product_brand?post=14296"},{"taxonomy":"product_cat","embeddable":true,"href":"https:\/\/ksiegarnia-akademicka.pl\/index.php\/wp-json\/wp\/v2\/product_cat?post=14296"},{"taxonomy":"product_tag","embeddable":true,"href":"https:\/\/ksiegarnia-akademicka.pl\/index.php\/wp-json\/wp\/v2\/product_tag?post=14296"}],"curies":[{"name":"wp","href":"https:\/\/api.w.org\/{rel}","templated":true}]}}