{"id":14284,"date":"2021-03-31T10:47:17","date_gmt":"2021-03-31T08:47:17","guid":{"rendered":"http:\/\/ksiegarnia-akademicka.pl\/?post_type=product&#038;p=14284"},"modified":"2021-03-31T10:47:18","modified_gmt":"2021-03-31T08:47:18","slug":"techniki-iniekcyjne-w-zabiegach-medycyny-estetycznej","status":"publish","type":"product","link":"https:\/\/ksiegarnia-akademicka.pl\/index.php\/product\/techniki-iniekcyjne-w-zabiegach-medycyny-estetycznej\/","title":{"rendered":"Techniki iniekcyjne w zabiegach medycyny estetycznej"},"content":{"rendered":"<p>TECHNIKI INIEKCYJNE W ZABIEGACH MEDYCYNY ESTETYCZNEJ<br \/>\nT.C. Kontis , V.G. Lacombe<br \/>\nred. A. Ignaciuk<br \/>\nWydawnictwo Edra Urban &amp; Partner<br \/>\nliczba stron\t232<br \/>\nrok wydania\t2021<br \/>\nformat\t170 x 240, oprawa twarda<br \/>\nISBN\t978-83-66548-66-4<\/p>\n<p>Medycyna estetyczna sta\u0142a si\u0119 w ostatnich latach jedn\u0105 z najdynamiczniej rozwijaj\u0105cych si\u0119 dziedzin sztuki lekarskiej.<br \/>\nWskazuje na to nie tylko bardzo du\u017ca liczba pacjent\u00f3w korzystaj\u0105cych z jej us\u0142ug, ale tak\u017ce ogromne zainteresowanie ze strony lekarzy j\u0105 praktykuj\u0105cych.<br \/>\nReprezentuj\u0105 oni najr\u00f3\u017cniejsze do\u015bwiadczenia zawodowe, r\u00f3\u017cne specjalizacje, du\u017ca ich cz\u0119\u015b\u0107 posiada wykszta\u0142cenie specyficzne dla medycyny estetycznej, uzyskane podczas studi\u00f3w podyplomowych, liczni korzystaj\u0105 z kurs\u00f3w, szkole\u0144 i kongres\u00f3w organizowanych mi\u0119dzy innymi przez reprezentowane przeze mnie Polskie Towarzystwo Medycyny Estetycznej i Anti-Aging.<br \/>\nDynamika wprowadzania do medycyny estetycznej nowych terapii, technik i produkt\u00f3w powoduje, \u017ce dla lekarza j\u0105 praktykuj\u0105cego istnieje potrzeba ci\u0105g\u0142ej aktualizacji wiedzy i dost\u0119pno\u015bci aktualnych publikacji.<br \/>\nOddawany do Waszych r\u0105k Kole\u017canki i Koledzy podr\u0119cznik, kt\u00f3ry w zwi\u0119z\u0142ej formie przedstawia i przypomina podstawowe za\u0142o\u017cenia technik iniekcyjnych, jak dowodz\u0105 statystyki najcz\u0119\u015bciej wykonywanych zabieg\u00f3w, dostosowany do warunk\u00f3w praktykowania w naszym kraju, nie tylko przyda si\u0119 w codziennej praktyce, ale mo\u017ce by\u0107 inspiracj\u0105 do poszerzenia propozycji terapeutyczno-korekcyjnych.<\/p>\n<p>Polecam!<\/p>\n<p>Dr med. Andrzej Ignaciuk<br \/>\nPrezes Polskiego Towarzystwa Medycyny Estetycznej i Anti-Aging<br \/>\nPrezes Mi\u0119dzynarodowej Unii Medycyny Estetycznej<\/p>\n<p>Cz\u0119\u015b\u0107 I Wprowadzenie \u2013 preparaty przeznaczone do podawania drog\u0105 iniekcji<br \/>\n1 Konsultacja . 2<br \/>\n2 Stowarzyszenie lekarzy medycyny estetycznej na rzecz bezpiecze\u0144stwa zabieg\u00f3w z u\u017cyciem neurotoksyny i wype\u0142niaczy . 5<br \/>\nCz\u0119\u015b\u0107 II Wprowadzenie do neurotoksyn<br \/>\n3 Przegl\u0105d neurotoksyn . 8<br \/>\n4 Przygotowanie neurotoksyny . 10<br \/>\n5 Instrumentarium do wykonywania iniekcji neurotoksyny . 11<br \/>\nCz\u0119\u015b\u0107 III Techniki iniekcji neurotoksyny<br \/>\n6 Iniekcje neurotoksyny w obr\u0119bie zmarszczek g\u0142adzizny powstaj\u0105cych w wyniku marszczenia brwi . 15<br \/>\n7 Wstrzykiwanie neurotoksyny w zmarszczki czo\u0142a . 22<br \/>\n8 Wstrzykiwanie neurotoksyny w zmarszczki \u015bmiechowe . 28<br \/>\n9 Wstrzykiwanie neurotoksyny w celu uniesienia bocznych cz\u0119\u015bci brwi . 32<br \/>\n10 Iniekcje neurotoksyny w celu uniesienia brwi . 34<br \/>\n11 Iniekcje neurotoksyny w obr\u0119bie fa\u0142du powieki dolnej (Roll \u2013 wywini\u0119tej powieki dolnej) . 37<br \/>\n12 Iniekcje neurotoksyny w obr\u0119bie zmarszczek kr\u00f3liczych . 39<br \/>\n13 Iniekcje neurotoksyny w celu uniesienia koniuszka nosa . 42<br \/>\n14 Iniekcje neurotoksyny w celu zmniejszenia nadmiernie szerokich nozdrzy . 44<br \/>\n15 Iniekcje neurotoksyny w celu uniesienia k\u0105cik\u00f3w ust . 46<br \/>\n16 Iniekcje neurotoksyny w celu powi\u0119kszenia czerwieni wargowej . 48<br \/>\n17 Iniekcje neurotoksyny w obr\u0119bie zmarszczek palacza . 50<br \/>\n18 Iniekcje neurotoksyny w celu leczenia u\u015bmiechu dzi\u0105s\u0142owego . 52<br \/>\n19 Iniekcje neurotoksyny w celu leczenia do\u0142eczk\u00f3w brody . 56<br \/>\n55 Iniekcje wype\u0142niaczy w celu korekcji zapadni\u0119tych policzk\u00f3w . 160<br \/>\n56 Iniekcje wype\u0142niaczy w celu uniesienia policzk\u00f3w: metoda de Maio . 163<br \/>\n57 Iniekcje wype\u0142niaczy w celu powi\u0119kszenia br\u00f3dki . 166<br \/>\n58 Iniekcje wype\u0142niaczy w celu korekcji bruzdy br\u00f3dki . 168<br \/>\n59 Iniekcje wype\u0142niaczy w celu odm\u0142odzenia linii \u017cuchwy . 170<br \/>\n60 Iniekcje wype\u0142niaczy w celu podkre\u015blenia k\u0105ta \u017cuchwy . 172<br \/>\n61 Iniekcje wype\u0142niaczy w celu odm\u0142odzenia ma\u0142\u017cowiny usznej . 174<br \/>\n62 Iniekcje wype\u0142niaczy w celu zniwelowania blizn potr\u0105dzikowych . 176<br \/>\n63 Iniekcje wype\u0142niaczy w celu odm\u0142odzenia starzej\u0105cej si\u0119 sk\u00f3ry r\u0105k . 178<br \/>\n64 Iniekcje wype\u0142niaczy z kwasem poli-L-mlekowym w celu odbudowy obj\u0119to\u015bci tkanek twarzy (Sculptra) . 180<br \/>\n65 Iniekcje wype\u0142niaczy na bazie kwasu poli-L-mlekowego w obr\u0119bie dekoltu . 183<br \/>\n66 \u201eP\u0142ynny lifting twarzy\u201d . 186<br \/>\n67 Iniekcje specyficzne dla p\u0142ci . 188<br \/>\n68 Post\u0119powanie w przypadku wyst\u0105pienia powik\u0142a\u0144 po zastosowaniu wype\u0142niaczy . 189<br \/>\nCz\u0119\u015b\u0107 VI Wykonywanie iniekcji w celu lipolizy<br \/>\n69 Redukcja tkanki t\u0142uszczowej podbr\u00f3dkowej<br \/>\nCz\u0119\u015b\u0107 VII Dodatki<\/p>\n","protected":false},"excerpt":{"rendered":"<p>TECHNIKI INIEKCYJNE W ZABIEGACH MEDYCYNY ESTETYCZNEJ T.C. Kontis , V.G. [&hellip;]<\/p>\n","protected":false},"featured_media":14285,"template":"","meta":[],"product_brand":[],"product_cat":[7493],"product_tag":[5163],"class_list":{"0":"post-14284","1":"product","2":"type-product","3":"status-publish","4":"has-post-thumbnail","6":"product_cat-medycyna","7":"product_tag-medycyna-estetyczna","9":"first","10":"instock","11":"sale","12":"shipping-taxable","13":"purchasable","14":"product-type-simple"},"_links":{"self":[{"href":"https:\/\/ksiegarnia-akademicka.pl\/index.php\/wp-json\/wp\/v2\/product\/14284","targetHints":{"allow":["GET"]}}],"collection":[{"href":"https:\/\/ksiegarnia-akademicka.pl\/index.php\/wp-json\/wp\/v2\/product"}],"about":[{"href":"https:\/\/ksiegarnia-akademicka.pl\/index.php\/wp-json\/wp\/v2\/types\/product"}],"wp:featuredmedia":[{"embeddable":true,"href":"https:\/\/ksiegarnia-akademicka.pl\/index.php\/wp-json\/wp\/v2\/media\/14285"}],"wp:attachment":[{"href":"https:\/\/ksiegarnia-akademicka.pl\/index.php\/wp-json\/wp\/v2\/media?parent=14284"}],"wp:term":[{"taxonomy":"product_brand","embeddable":true,"href":"https:\/\/ksiegarnia-akademicka.pl\/index.php\/wp-json\/wp\/v2\/product_brand?post=14284"},{"taxonomy":"product_cat","embeddable":true,"href":"https:\/\/ksiegarnia-akademicka.pl\/index.php\/wp-json\/wp\/v2\/product_cat?post=14284"},{"taxonomy":"product_tag","embeddable":true,"href":"https:\/\/ksiegarnia-akademicka.pl\/index.php\/wp-json\/wp\/v2\/product_tag?post=14284"}],"curies":[{"name":"wp","href":"https:\/\/api.w.org\/{rel}","templated":true}]}}