{"id":14280,"date":"2021-03-31T10:38:57","date_gmt":"2021-03-31T08:38:57","guid":{"rendered":"http:\/\/ksiegarnia-akademicka.pl\/?post_type=product&#038;p=14280"},"modified":"2021-03-31T10:39:33","modified_gmt":"2021-03-31T08:39:33","slug":"usg-barku-i-biodra","status":"publish","type":"product","link":"https:\/\/ksiegarnia-akademicka.pl\/index.php\/product\/usg-barku-i-biodra\/","title":{"rendered":"USG barku i biodra"},"content":{"rendered":"<p>M. Podg\u00f3rski<br \/>\nWydawnictwo Edra Urban &amp; Partner<br \/>\nliczba stron\t128<br \/>\nrok wydania\t2021<br \/>\nformat\t185 x 185, opr. mi\u0119kka<br \/>\nISBN\t978-83-66548-58-9<\/p>\n<p>Praktyczny przewodnik, z kt\u00f3rego skorzystaj\u0105 zar\u00f3wno osoby pocz\u0105tkuj\u0105ce, jak i do\u015bwiadczeni ultrasonografi\u015bci. <\/p>\n<p>podstawowe zasady badania ultrasonograficznego w ortopedii,<br \/>\ntechnika badania dw\u00f3ch najwa\u017cniejszych staw\u00f3w panewkowych: biodrowego i ramiennego,<br \/>\nobrazy prawid\u0142owe oraz najcz\u0119stsze patologie i artefakty,<br \/>\nbadania pokazowe obu staw\u00f3w,<br \/>\nprzyk\u0142adowe wzory opis\u00f3w badania,<br \/>\nponad 80 film\u00f3w dost\u0119pnych online.<\/p>\n<p>BIODRO 5<br \/>\nPozycja pacjenta 6<br \/>\nAnatomia ultrasonograficzna \u2013 staw biodrowy 6<br \/>\nObraz kliniczny \u2013 staw biodrowy 14<br \/>\nAnatomia ultrasonograficzna \u2013 kr\u0119tarz wi\u0119kszy ko\u015bci udowej 24<br \/>\nObraz kliniczny \u2013 kr\u0119tarz wi\u0119kszy ko\u015bci udowej 30<br \/>\nAnatomia ultrasonograficzna i obraz kliniczny \u2013 pozosta\u0142e mi\u0119\u015bnie wok\u00f3\u0142 stawu biodrowego 34<br \/>\nNerw kulszowy 76<br \/>\nBARK 79<br \/>\nAnatomiczna orientacja 80<br \/>\nAnatomia ultrasonograficzna \u2013 \u015bci\u0119gno g\u0142owy d\u0142ugiej mi\u0119\u015bnia dwug\u0142owego ramienia<br \/>\ni wi\u0119zad\u0142o kruczo-ramienne 82<br \/>\nObraz kliniczny \u2013 \u015bci\u0119gno g\u0142owy d\u0142ugiej mi\u0119\u015bnia dwug\u0142owego ramienia<br \/>\ni wi\u0119zad\u0142o kruczo-ramienne 91<br \/>\nAnatomia ultrasonograficzna \u2013 sto\u017cek rotator\u00f3w: mi\u0119sie\u0144 pod\u0142opatkowy 98<br \/>\nAnatomia ultrasonograficzna \u2013 sto\u017cek rotator\u00f3w: mi\u0119\u015bnie nadgrzebieniowy, podgrzebieniowy i ob\u0142y mniejszy 102<br \/>\nObraz kliniczny \u2013 sto\u017cek rotator\u00f3w 109<br \/>\nAnatomia ultrasonograficzna \u2013 staw barkowo-obojczykowy 131<br \/>\nObraz kliniczny \u2013 staw barkowo-obojczykowy 133<br \/>\nAnatomia ultrasonograficzna i obraz kliniczny \u2013 obr\u0105bek stawowy 138<br \/>\nSCHEMAT BADANIA KROK PO KROKU 145<br \/>\nStaw biodrowy 145<br \/>\nStaw ramienny<\/p>\n","protected":false},"excerpt":{"rendered":"<p>M. Podg\u00f3rski Wydawnictwo Edra Urban &amp; Partner liczba stron 128 [&hellip;]<\/p>\n","protected":false},"featured_media":14281,"template":"","meta":[],"product_brand":[],"product_cat":[8069,7493],"product_tag":[1498,7856],"class_list":{"0":"post-14280","1":"product","2":"type-product","3":"status-publish","4":"has-post-thumbnail","6":"product_cat-fizjologia","7":"product_cat-medycyna","8":"product_tag-fizjoterapia","9":"product_tag-usg","11":"first","12":"instock","13":"sale","14":"shipping-taxable","15":"purchasable","16":"product-type-simple"},"_links":{"self":[{"href":"https:\/\/ksiegarnia-akademicka.pl\/index.php\/wp-json\/wp\/v2\/product\/14280","targetHints":{"allow":["GET"]}}],"collection":[{"href":"https:\/\/ksiegarnia-akademicka.pl\/index.php\/wp-json\/wp\/v2\/product"}],"about":[{"href":"https:\/\/ksiegarnia-akademicka.pl\/index.php\/wp-json\/wp\/v2\/types\/product"}],"wp:featuredmedia":[{"embeddable":true,"href":"https:\/\/ksiegarnia-akademicka.pl\/index.php\/wp-json\/wp\/v2\/media\/14281"}],"wp:attachment":[{"href":"https:\/\/ksiegarnia-akademicka.pl\/index.php\/wp-json\/wp\/v2\/media?parent=14280"}],"wp:term":[{"taxonomy":"product_brand","embeddable":true,"href":"https:\/\/ksiegarnia-akademicka.pl\/index.php\/wp-json\/wp\/v2\/product_brand?post=14280"},{"taxonomy":"product_cat","embeddable":true,"href":"https:\/\/ksiegarnia-akademicka.pl\/index.php\/wp-json\/wp\/v2\/product_cat?post=14280"},{"taxonomy":"product_tag","embeddable":true,"href":"https:\/\/ksiegarnia-akademicka.pl\/index.php\/wp-json\/wp\/v2\/product_tag?post=14280"}],"curies":[{"name":"wp","href":"https:\/\/api.w.org\/{rel}","templated":true}]}}