{"id":14278,"date":"2021-03-31T10:35:04","date_gmt":"2021-03-31T08:35:04","guid":{"rendered":"http:\/\/ksiegarnia-akademicka.pl\/?post_type=product&#038;p=14278"},"modified":"2022-12-09T09:56:40","modified_gmt":"2022-12-09T08:56:40","slug":"biomechanika-w-sporcie-i-cwiczeniach-ruchowych","status":"publish","type":"product","link":"https:\/\/ksiegarnia-akademicka.pl\/index.php\/product\/biomechanika-w-sporcie-i-cwiczeniach-ruchowych\/","title":{"rendered":"BIOMECHANIKA W SPORCIE I \u0106WICZENIACH RUCHOWYCH"},"content":{"rendered":"<p>P.M. McGinnis<br \/>\nwyd. 3, red. K. Bu\u015bko, J. Gajewski, R. Michnik, A. Rutkowska-Kucharska, A. Siemie\u0144ski, S. Winiarski, A.Wit, t\u0142um. z j.ang. W. Petry\u0144ski<br \/>\nWydawnictwo Edra urban &amp; Partner<br \/>\nliczba stron\t480<br \/>\nrok wydania\t2021<br \/>\nformat\t210 x 270, opr. mi\u0119kka<br \/>\nISBN\t978-83-66310-03-2<\/p>\n<p>W ksi\u0105\u017cce Biomechanika w sporcie i \u0107wiczeniach ruchowych w przyst\u0119pny spos\u00f3b przedstawiono zagadnienia tej dziedziny nauki. Nie zawarto w niej jedynie abstrakcyjnych zasad, ale umo\u017cliwiono studentom r\u00f3wnie\u017c samodzielne odkrywanie praw biomechaniki w wyniku obserwacji. Analizuj\u0105c codzienne czynno\u015bci, studenci mog\u0105 sami budowa\u0107 istotne wyja\u015bnienia, skutkuj\u0105ce g\u0142\u0119bszym zrozumieniem uzasadniaj\u0105cych je praw mechaniki.<\/p>\n<p>Przejrzysty i powtarzalny uk\u0142ad u\u0142atwia czytelnikowi korzystanie z podr\u0119cznika. Ka\u017cdy rozdzia\u0142 rozpoczyna lista cel\u00f3w i otwieraj\u0105cy go scenariusz prowadz\u0105cy do pyta\u0144, na kt\u00f3re czytelnik mo\u017ce odpowiedzie\u0107 po przeczytaniu i zrozumieniu materia\u0142u przedstawionego w danym rozdziale. W tek\u015bcie ka\u017cdego rozdzia\u0142u znajduj\u0105 si\u0119 praktyczne przyk\u0142ady ilustruj\u0105ce omawiane koncepcje. Wybrane problemy i procedury ich rozwi\u0105zania zosta\u0142y przedstawione krok po kroku. Zadania i pytania sprawdzaj\u0105ce znajduj\u0105 si\u0119 na ko\u0144cu ka\u017cdego rozdzia\u0142u w celu sprawdzenia, czy czytelnik zrozumia\u0142 materia\u0142 w nim om\u00f3wiony.<\/p>\n<p>Opracowanie graficzne i wykresy u\u0142atwiaj\u0105 zrozumienie mechaniki zjawisk zachodz\u0105cych w \u015bwiecie rzeczywistym.<br \/>\n200 pyta\u0144 sprawdzaj\u0105cych oraz 120 zada\u0144 umo\u017cliwia sprawdzenie wiedzy teoretycznej i jej praktyczne zastosowanie.<\/p>\n<p>Wprowadzenie Po co studiowa\u0107 biomechanik\u0119? 1<br \/>\ncz\u0119\u015b\u0107 I Biomechanika wok\u00f3\u0142 cz\u0142owieka 19<br \/>\nRozdzial 1 Si\u0142y 21<br \/>\nRozdzial 2 Ruch post\u0119powy. Kinematyka 55<br \/>\nRozdzial 3 Ruch post\u0119powy. Kinetyka 91<br \/>\nRozdzial 4 Praca, moc i energia 119<br \/>\nRozdzial 5 Momenty obrotowe i momenty si\u0142 137<br \/>\nRozdzial 6 Ruch obrotowy. Kinematyka 171<br \/>\nRozdzial 8 Mechanika p\u0142yn\u00f3w 221<br \/>\ncz\u0119\u015b\u0107 II Biomechanika wewn\u0105trz cz\u0142owieka 241<br \/>\nRozdzial 9 Mechanika tkanek 243<br \/>\nRozdzial 10 Uk\u0142ad kostny 269<br \/>\nRozdzial 11 Uk\u0142ad mi\u0119\u015bniowy 283<br \/>\nRozdzial 12 Uk\u0142ad nerwowy 307<br \/>\ncz\u0119\u015b\u0107 III Stosowanie zasad biomechaniki 319<br \/>\nRozdzial 13 Jako\u015bciowa analiza biomechaniczna w doskonaleniu techniki 321<br \/>\nRozdzial 14 Jako\u015bciowa analiza biomechaniczna w doskonaleniu treningu sportowego 351<br \/>\nRozdzial 15 Jako\u015bciowa analiza biomechaniczna obra\u017ce\u0144 377<br \/>\nRozdzial 16 Technika w biomechanice 401<\/p>\n","protected":false},"excerpt":{"rendered":"<p>P.M. McGinnis wyd. 3, red. K. Bu\u015bko, J. Gajewski, R. [&hellip;]<\/p>\n","protected":false},"featured_media":14279,"template":"","meta":[],"product_brand":[],"product_cat":[7963,7493],"product_tag":[4852,5146],"class_list":{"0":"post-14278","1":"product","2":"type-product","3":"status-publish","4":"has-post-thumbnail","6":"product_cat-anatomia","7":"product_cat-medycyna","8":"product_tag-anatomia","9":"product_tag-biomechanika","11":"first","12":"instock","13":"sale","14":"shipping-taxable","15":"purchasable","16":"product-type-simple"},"_links":{"self":[{"href":"https:\/\/ksiegarnia-akademicka.pl\/index.php\/wp-json\/wp\/v2\/product\/14278","targetHints":{"allow":["GET"]}}],"collection":[{"href":"https:\/\/ksiegarnia-akademicka.pl\/index.php\/wp-json\/wp\/v2\/product"}],"about":[{"href":"https:\/\/ksiegarnia-akademicka.pl\/index.php\/wp-json\/wp\/v2\/types\/product"}],"wp:featuredmedia":[{"embeddable":true,"href":"https:\/\/ksiegarnia-akademicka.pl\/index.php\/wp-json\/wp\/v2\/media\/14279"}],"wp:attachment":[{"href":"https:\/\/ksiegarnia-akademicka.pl\/index.php\/wp-json\/wp\/v2\/media?parent=14278"}],"wp:term":[{"taxonomy":"product_brand","embeddable":true,"href":"https:\/\/ksiegarnia-akademicka.pl\/index.php\/wp-json\/wp\/v2\/product_brand?post=14278"},{"taxonomy":"product_cat","embeddable":true,"href":"https:\/\/ksiegarnia-akademicka.pl\/index.php\/wp-json\/wp\/v2\/product_cat?post=14278"},{"taxonomy":"product_tag","embeddable":true,"href":"https:\/\/ksiegarnia-akademicka.pl\/index.php\/wp-json\/wp\/v2\/product_tag?post=14278"}],"curies":[{"name":"wp","href":"https:\/\/api.w.org\/{rel}","templated":true}]}}