{"id":14274,"date":"2021-03-31T10:28:46","date_gmt":"2021-03-31T08:28:46","guid":{"rendered":"http:\/\/ksiegarnia-akademicka.pl\/?post_type=product&#038;p=14274"},"modified":"2024-12-05T08:36:48","modified_gmt":"2024-12-05T07:36:48","slug":"ekg-w-medycynie-ratunkowej-i-pomocy-doraznej","status":"publish","type":"product","link":"https:\/\/ksiegarnia-akademicka.pl\/index.php\/product\/ekg-w-medycynie-ratunkowej-i-pomocy-doraznej\/","title":{"rendered":"EKG w medycynie ratunkowej i pomocy dora\u017anej"},"content":{"rendered":"<p>red. J. Wranicz<br \/>\nEdra Urban &amp; Partner<br \/>\nliczba stron\t264<br \/>\nrok wydania\t2021<br \/>\nformat\t210 x 270, opr. mi\u0119kka<br \/>\nISBN\t978-83-66548-56-5<\/p>\n<p>Dzi\u0119ki tej ksi\u0105\u017cce interpretacja EKG stanie si\u0119 naprawd\u0119 prosta! Szybka i prawid\u0142owa interpretacja elektrokardiogramu w warunkach pomocy dora\u017anej nale\u017cy niew\u0105tpliwie do najwi\u0119kszych wyzwa\u0144 w medycynie ratunkowej. Ratownicy musz\u0105 by\u0107 w stanie, w bardzo ograniczonym czasie, poprawnie zinterpretowa\u0107 zapis EKG, aby rozpozna\u0107 najcz\u0119stsze obrazy kliniczne i zaburzenia rytmu serca. EKG w medycynie ratunkowej i pomocy dora\u017anej jest precyzyjnie dostosowane do tych potrzeb. Niniejsza ksi\u0105\u017cka ma za zadanie pom\u00f3c wszystkim zainteresowanym w utrwaleniu posiadanej wiedzy, a tak\u017ce wzbudzi\u0107 ch\u0119\u0107 g\u0142\u0119bszego zanurzenia si\u0119 w \u015bwiat elektrokardiografii.<\/p>\n<p>Struktura ksi\u0105\u017cki u\u0142atwia to zadanie:<\/p>\n<p>Cele nauczania, podzielone na podstawowe i zaawansowane, umieszczone na pocz\u0105tku ka\u017cdego rozdzia\u0142u, pomagaj\u0105 skupi\u0107 si\u0119 na okre\u015blonych tre\u015bciach.<br \/>\nPodsumowania i pytania, znajduj\u0105ce si\u0119 na ko\u0144cu rozdzia\u0142\u00f3w, u\u0142atwiaj\u0105 utrwalenie przyswojonej wiedzy.<br \/>\nRamki, w kt\u00f3rych wyszczeg\u00f3lnione s\u0105 najwa\u017cniejsze informacje, zawieraj\u0105 m.in. wiadomo\u015bci o stanach zagro\u017cenia \u017cycia, ale tak\u017ce pomocne wskaz\u00f3wki do zastosowania w codziennej pracy.<br \/>\nPrzypadki kliniczne do interpretacji EKG umo\u017cliwiaj\u0105 sprawdzenie swojej wiedzy w praktyce.<\/p>\n<p>1 Anatomia i fizjologia<br \/>\n2 Elektrokardiogram<br \/>\n3 Zaburzenia rytmu<br \/>\n4 Zaburzenia przewodnictwa<br \/>\n5 Niedokrwienie mi\u0119\u015bnia sercowego i zawa\u0142<br \/>\n6 Wybrane choroby i zmiany w EKG w ich przebiegu<br \/>\n7 Elektrolity i narkotyki:wp\u0142yw na EKG<br \/>\n8 EKG przy rozruszniku serca<br \/>\n9 EKG w pediatrii<br \/>\n10 Leki<br \/>\n11 \u0106wiczenia z EKG<\/p>\n","protected":false},"excerpt":{"rendered":"<p>red. J. Wranicz Edra Urban &amp; Partner liczba stron 264 [&hellip;]<\/p>\n","protected":false},"featured_media":14275,"template":"","meta":[],"product_brand":[],"product_cat":[8029,7493],"product_tag":[7737,5254],"class_list":{"0":"post-14274","1":"product","2":"type-product","3":"status-publish","4":"has-post-thumbnail","6":"product_cat-endokrynologia-medycyna","7":"product_cat-medycyna","8":"product_tag-endokrynologia","9":"product_tag-medycyna-ratunkowa","11":"first","12":"instock","13":"sale","14":"shipping-taxable","15":"purchasable","16":"product-type-simple"},"_links":{"self":[{"href":"https:\/\/ksiegarnia-akademicka.pl\/index.php\/wp-json\/wp\/v2\/product\/14274","targetHints":{"allow":["GET"]}}],"collection":[{"href":"https:\/\/ksiegarnia-akademicka.pl\/index.php\/wp-json\/wp\/v2\/product"}],"about":[{"href":"https:\/\/ksiegarnia-akademicka.pl\/index.php\/wp-json\/wp\/v2\/types\/product"}],"wp:featuredmedia":[{"embeddable":true,"href":"https:\/\/ksiegarnia-akademicka.pl\/index.php\/wp-json\/wp\/v2\/media\/14275"}],"wp:attachment":[{"href":"https:\/\/ksiegarnia-akademicka.pl\/index.php\/wp-json\/wp\/v2\/media?parent=14274"}],"wp:term":[{"taxonomy":"product_brand","embeddable":true,"href":"https:\/\/ksiegarnia-akademicka.pl\/index.php\/wp-json\/wp\/v2\/product_brand?post=14274"},{"taxonomy":"product_cat","embeddable":true,"href":"https:\/\/ksiegarnia-akademicka.pl\/index.php\/wp-json\/wp\/v2\/product_cat?post=14274"},{"taxonomy":"product_tag","embeddable":true,"href":"https:\/\/ksiegarnia-akademicka.pl\/index.php\/wp-json\/wp\/v2\/product_tag?post=14274"}],"curies":[{"name":"wp","href":"https:\/\/api.w.org\/{rel}","templated":true}]}}