{"id":14237,"date":"2021-03-31T09:38:04","date_gmt":"2021-03-31T07:38:04","guid":{"rendered":"http:\/\/ksiegarnia-akademicka.pl\/?post_type=product&#038;p=14237"},"modified":"2024-12-05T08:37:06","modified_gmt":"2024-12-05T07:37:06","slug":"widmo-fal-radiowych-imlikacje-systemowe","status":"publish","type":"product","link":"https:\/\/ksiegarnia-akademicka.pl\/index.php\/product\/widmo-fal-radiowych-imlikacje-systemowe\/","title":{"rendered":"Widmo fal radiowych. Imlikacje systemowe"},"content":{"rendered":"<p>Autor:<br \/>\nMarek Sucha\u0144ski<br \/>\nWydawca: Wydawnictwa Komunikacji i \u0141\u0105czno\u015bci WK\u0141<br \/>\nOprawa: Mi\u0119kka<br \/>\nLiczba stron: 148<br \/>\nRok wydania: 2021<br \/>\nJ\u0119zyk wydania: polski<\/p>\n<p>Monografia specjalistyczna po\u015bwi\u0119cona widmu fal radiowych i jego wykorzystaniu w zastosowaniach praktycznych. Opisano w niej charakterystyk\u0119 widma fal radiowych z uwzgl\u0119dnieniem t\u0142umienia propagacyjnego i jego modelowania za pomoc\u0105 r\u00f3\u017cnych modeli oraz zarz\u0105dzania tym widmem, metody zwi\u0119kszania efektywno\u015bci wykorzystania widma, technologi\u0119 radia kognitywnego, tworzenie \u015bwiadomo\u015bci widmowej, charakterystyk\u0119 metod sensingu widma, ocen\u0119 efektywno\u015bci tego sensingu oraz mapy \u015brodowiska radiowego.<br \/>\nOdbiorcy: pracownicy naukowi, wyk\u0142adowcy i studenci wy\u017cszych uczelni technicznych o kierunkach telekomunikacyjnych, pracownicy instytut\u00f3w naukowo-badawczych o profilu teleinformatycznym i dzia\u0142\u00f3w badawczo-rozwojowych firm dzia\u0142aj\u0105cych na rynku telekomunikacyjnym, jak r\u00f3wnie\u017c kadra in\u017cynieryjno-techniczna operator\u00f3w sieci kom\u00f3rkowych.<\/p>\n","protected":false},"excerpt":{"rendered":"<p>Autor: Marek Sucha\u0144ski Wydawca: Wydawnictwa Komunikacji i \u0141\u0105czno\u015bci WK\u0141 Oprawa: [&hellip;]<\/p>\n","protected":false},"featured_media":14238,"template":"","meta":[],"product_brand":[],"product_cat":[41,8026],"product_tag":[120,3417],"class_list":{"0":"post-14237","1":"product","2":"type-product","3":"status-publish","4":"has-post-thumbnail","6":"product_cat-nauki-techniczne","7":"product_cat-telekomunikacja","8":"product_tag-elektronika","9":"product_tag-telekomunikacja","11":"first","12":"instock","13":"sale","14":"shipping-taxable","15":"purchasable","16":"product-type-simple"},"_links":{"self":[{"href":"https:\/\/ksiegarnia-akademicka.pl\/index.php\/wp-json\/wp\/v2\/product\/14237","targetHints":{"allow":["GET"]}}],"collection":[{"href":"https:\/\/ksiegarnia-akademicka.pl\/index.php\/wp-json\/wp\/v2\/product"}],"about":[{"href":"https:\/\/ksiegarnia-akademicka.pl\/index.php\/wp-json\/wp\/v2\/types\/product"}],"wp:featuredmedia":[{"embeddable":true,"href":"https:\/\/ksiegarnia-akademicka.pl\/index.php\/wp-json\/wp\/v2\/media\/14238"}],"wp:attachment":[{"href":"https:\/\/ksiegarnia-akademicka.pl\/index.php\/wp-json\/wp\/v2\/media?parent=14237"}],"wp:term":[{"taxonomy":"product_brand","embeddable":true,"href":"https:\/\/ksiegarnia-akademicka.pl\/index.php\/wp-json\/wp\/v2\/product_brand?post=14237"},{"taxonomy":"product_cat","embeddable":true,"href":"https:\/\/ksiegarnia-akademicka.pl\/index.php\/wp-json\/wp\/v2\/product_cat?post=14237"},{"taxonomy":"product_tag","embeddable":true,"href":"https:\/\/ksiegarnia-akademicka.pl\/index.php\/wp-json\/wp\/v2\/product_tag?post=14237"}],"curies":[{"name":"wp","href":"https:\/\/api.w.org\/{rel}","templated":true}]}}