{"id":14229,"date":"2021-03-30T11:58:26","date_gmt":"2021-03-30T09:58:26","guid":{"rendered":"http:\/\/ksiegarnia-akademicka.pl\/?post_type=product&#038;p=14229"},"modified":"2024-12-05T08:37:31","modified_gmt":"2024-12-05T07:37:31","slug":"sprawozdania-w-zakresie-operacji-finansowych-jednostek-sektora-samorzadowego","status":"publish","type":"product","link":"https:\/\/ksiegarnia-akademicka.pl\/index.php\/product\/sprawozdania-w-zakresie-operacji-finansowych-jednostek-sektora-samorzadowego\/","title":{"rendered":"Sprawozdania w zakresie operacji finansowych jednostek sektora samorz\u0105dowego"},"content":{"rendered":"<p>Autor: Lucyna Ku\u015bnierz<br \/>\nWydawnictwo: C.H. Beck<br \/>\nSeria: Sektor publiczny w praktyce<br \/>\nRok wydania: 2021<br \/>\nWydanie: 2<br \/>\nOprawa: Mi\u0119kka<br \/>\nLiczba stron: 212<br \/>\nWymiary: 165&#215;238 mm<br \/>\nWaga: 360 g<br \/>\nISBN: 978-83-8235-470-6<\/p>\n<p>Pierwszy na rynku, poradnik kompleksowo opisuj\u0105cy sprawozdania z zakresu operacji finansowych.<br \/>\nW dniu 1 stycznia 2021 r. wesz\u0142o w \u017cycie nowe rozporz\u0105dzenie Ministra Finans\u00f3w, Funduszy i Polityki Regionalnej w sprawie sprawozda\u0144 jednostek sektora finans\u00f3w publicznych w zakresie operacji finansowych (Dz.U. z 2020 r. poz. 2396). Wprowadzone zmiany maj\u0105 zastosowanie po raz pierwszy do sporz\u0105dzania sprawozda\u0144 kwartalnych za I kwarta\u0142 2021 r. oraz rocznych sprawozda\u0144 za rok bud\u017cetowy 2021.<\/p>\n<p>Zmiany w stosunku do poprzedniego rozporz\u0105dzenia dotycz\u0105:<\/p>\n<p>zmian og\u00f3lnych zasad sporz\u0105dzania sprawozda\u0144 w zakresie operacji finansowych,<br \/>\nwprowadzenia formy dokumentu elektronicznego jako g\u0142\u00f3wnej formy sporz\u0105dzania i przekazywania sprawozda\u0144,<br \/>\nnowych obowi\u0105zki zarz\u0105d\u00f3w JST,<br \/>\nklasyfikacji podmiotowej d\u0142u\u017cnik\u00f3w i wierzycieli,<br \/>\nzmian we wzorach i w instrukcji sporz\u0105dzania sprawozda\u0144 Rb-Z i Rb-UZ,<br \/>\nnowych poj\u0119\u0107 oraz zmian niekt\u00f3rych poj\u0119\u0107 stosowanych przy sporz\u0105dzaniu sprawozda\u0144 Rb-Z i Rb-N.<br \/>\nObecnie najwi\u0119cej problem\u00f3w w zakresie sporz\u0105dzania tych sprawozda\u0144 zwi\u0105zanych jest z:<\/p>\n<p>prawid\u0142owym wykazywaniem danych w \u201ekredytach i po\u017cyczkach&#8221; w sprawozdaniu Rb-Z (zakupy na raty, leasing finansowy, umowy nienazwane),<br \/>\nprawid\u0142owym wykazywaniem w sprawozdaniu Rb-N nadp\u0142at, zaliczek, refundacji, nale\u017cno\u015bci z tytu\u0142u zbywania nieruchomo\u015bci, sprzeda\u017cy lokali oraz najmu i dzier\u017cawy nieruchomo\u015bci,<br \/>\nwykazywaniem depozyt\u00f3w w sprawozdaniach Rb-N sporz\u0105dzanych za IV kwarta\u0142.<br \/>\nPublikacja zawiera:<\/p>\n<p>Wyja\u015bnienia, jak krok po kroku sporz\u0105dzi\u0107 poszczeg\u00f3lne elementy wszystkich sprawozda\u0144 w zakresie operacji finansowych w jednostkach samorz\u0105dowych.<br \/>\nSzczeg\u00f3\u0142owe om\u00f3wienie najcz\u0119\u015bciej pope\u0142nianych b\u0142\u0119d\u00f3w przy sporz\u0105dzaniu sprawozda\u0144.<br \/>\nPonad 65 najcz\u0119\u015bciej zadawanych pyta\u0144 i szczeg\u00f3\u0142owych odpowiedzi dotycz\u0105cych sprawozda\u0144.<br \/>\nPraktyczne porady i wypracowane rozwi\u0105zania, a tak\u017ce liczne przyk\u0142ady liczbowe.<br \/>\nInformacje wynikaj\u0105ce z pism Ministerstwa Finans\u00f3w Departamentu D\u0142ugu Publicznego.<br \/>\nSchematy obrazuj\u0105ce poruszane zagadnienia oraz wype\u0142nione formularze sprawozda\u0144.<br \/>\nDzi\u0119ki tej ksi\u0105\u017cce dowiedz\u0105 si\u0119 Pa\u0144stwo m.in.:<\/p>\n<p>jakie s\u0105 terminy, formy przekazywania i obieg sprawozda\u0144 Rb-Z, Rb-N, Rb-UZ, Rb-ZN,<br \/>\njak i kiedy nale\u017cy dokonywa\u0107 korekt sprawozda\u0144 w zakresie operacji finansowych,<br \/>\njakie s\u0105 najcz\u0119\u015bciej pope\u0142niane b\u0142\u0119dy przy przekazywaniu tych sprawozda\u0144,<br \/>\njakie dzia\u0142ania lub zaniechania w zakresie sprawozdawczo\u015bci stanowi\u0105 czyn nosz\u0105cy znamiona naruszenia dyscypliny finans\u00f3w publicznych,<br \/>\njakie rozwi\u0105zania organizacyjne zastosowa\u0107 aby nie narazi\u0107 si\u0119 na naruszenie dyscypliny finans\u00f3w publicznych w zakresie sprawozdawczo\u015bci,<br \/>\njak prawid\u0142owo kwalifikowa\u0107 zobowi\u0105zania do poszczeg\u00f3lnych tytu\u0142\u00f3w d\u0142u\u017cnych,<br \/>\njak prezentowa\u0107 zobowi\u0105zania wed\u0142ug w\u0142a\u015bciwych grup wierzycieli,<br \/>\njak wykazywa\u0107 potencjalne zobowi\u0105zania z tytu\u0142u por\u0119cze\u0144 i gwarancji w sprawozdaniu Rb-Z,<br \/>\njak zachowa\u0107 zgodno\u015b\u0107 danych wykazanych w sprawozdaniu Rb-Z i Rb-UZ,<br \/>\njak prawid\u0142owo wykazywa\u0107 nale\u017cno\u015bci wed\u0142ug poszczeg\u00f3lnych grup d\u0142u\u017cnik\u00f3w,<br \/>\njakich nale\u017cno\u015bci nie nale\u017cy wykazywa\u0107 w sprawozdaniu Rb-N,<br \/>\njak prawid\u0142owo kwalifikowa\u0107 nale\u017cno\u015bci i inne aktywa finansowe do poszczeg\u00f3lnych tytu\u0142\u00f3w w sprawozdaniu Rb-N,<br \/>\njak wykazywa\u0107 w sprawozdaniach Rb-N i Rb-ZN dane dotycz\u0105ce nale\u017cno\u015bci i innych aktyw\u00f3w finansowych Skarbu Pa\u0144stwa i jednostek samorz\u0105du terytorialnego z tytu\u0142u wykonywania przez jednostki samorz\u0105du terytorialnego zada\u0144 z zakresu administracji rz\u0105dowej oraz innych zada\u0144 zleconych odr\u0119bnymi ustawami,<br \/>\njak unika\u0107 najcz\u0119\u015bciej pope\u0142nianych b\u0142\u0119d\u00f3w przy sporz\u0105dzaniu poszczeg\u00f3lnych sprawozda\u0144.<\/p>\n","protected":false},"excerpt":{"rendered":"<p>Autor: Lucyna Ku\u015bnierz Wydawnictwo: C.H. Beck Seria: Sektor publiczny w [&hellip;]<\/p>\n","protected":false},"featured_media":14230,"template":"","meta":[],"product_brand":[],"product_cat":[7492,18,7494],"product_tag":[485,486,6841],"class_list":{"0":"post-14229","1":"product","2":"type-product","3":"status-publish","4":"has-post-thumbnail","6":"product_cat-administracyjne","7":"product_cat-prawo","8":"product_cat-samorzad-terytorialny","9":"product_tag-prawo-administracyjne","10":"product_tag-samorzad-terytorialny","11":"product_tag-seria-sektor-publiczny-w-praktyce","13":"first","14":"instock","15":"sale","16":"shipping-taxable","17":"purchasable","18":"product-type-simple"},"_links":{"self":[{"href":"https:\/\/ksiegarnia-akademicka.pl\/index.php\/wp-json\/wp\/v2\/product\/14229","targetHints":{"allow":["GET"]}}],"collection":[{"href":"https:\/\/ksiegarnia-akademicka.pl\/index.php\/wp-json\/wp\/v2\/product"}],"about":[{"href":"https:\/\/ksiegarnia-akademicka.pl\/index.php\/wp-json\/wp\/v2\/types\/product"}],"wp:featuredmedia":[{"embeddable":true,"href":"https:\/\/ksiegarnia-akademicka.pl\/index.php\/wp-json\/wp\/v2\/media\/14230"}],"wp:attachment":[{"href":"https:\/\/ksiegarnia-akademicka.pl\/index.php\/wp-json\/wp\/v2\/media?parent=14229"}],"wp:term":[{"taxonomy":"product_brand","embeddable":true,"href":"https:\/\/ksiegarnia-akademicka.pl\/index.php\/wp-json\/wp\/v2\/product_brand?post=14229"},{"taxonomy":"product_cat","embeddable":true,"href":"https:\/\/ksiegarnia-akademicka.pl\/index.php\/wp-json\/wp\/v2\/product_cat?post=14229"},{"taxonomy":"product_tag","embeddable":true,"href":"https:\/\/ksiegarnia-akademicka.pl\/index.php\/wp-json\/wp\/v2\/product_tag?post=14229"}],"curies":[{"name":"wp","href":"https:\/\/api.w.org\/{rel}","templated":true}]}}