{"id":14213,"date":"2021-03-30T09:59:28","date_gmt":"2021-03-30T07:59:28","guid":{"rendered":"http:\/\/ksiegarnia-akademicka.pl\/?post_type=product&#038;p=14213"},"modified":"2021-03-30T09:59:28","modified_gmt":"2021-03-30T07:59:28","slug":"partie-polityczne-wybory-parlament-wybrane-zagadnienia-konstytucyjne","status":"publish","type":"product","link":"https:\/\/ksiegarnia-akademicka.pl\/index.php\/product\/partie-polityczne-wybory-parlament-wybrane-zagadnienia-konstytucyjne\/","title":{"rendered":"Partie polityczne, wybory, parlament Wybrane zagadnienia konstytucyjne"},"content":{"rendered":"<p>Autor:<br \/>\nMarek Jarentowski<br \/>\nWydawca: CeDeWu<br \/>\nOprawa: Mi\u0119kka<br \/>\nLiczba stron: 238<br \/>\nRok wydania: 2021<br \/>\nJ\u0119zyk wydania: polski<\/p>\n<p>W ksi\u0105\u017cce om\u00f3wiono kilkana\u015bcie problem\u00f3w z zakresu partii politycznych, system\u00f3w wyborczych i funkcjonowania polskiego parlamentu, kt\u00f3re pojawi\u0142y si\u0119 w ci\u0105gu ostatnich 12 lat jego funkcjonowania.<\/p>\n<p>W\u015br\u00f3d przedstawionych zagadnie\u0144 m.in.:<br \/>\n\u2022 zakres uprawnie\u0144 partii do subwencji z bud\u017cetu pa\u0144stwa<br \/>\n\u2022 granica mi\u0119dzy wi\u0119kszo\u015bciowym i proporcjonalnym systemem wyborczym<br \/>\n\u2022 wybory w czasie epidemii<br \/>\n\u2022 zdalne obrady parlamentu<br \/>\n\u2022 spos\u00f3b ustalania kworum na posiedzeniu izby<br \/>\n\u2022 wynagrodzenie i mo\u017cliwo\u015b\u0107 dodatkowego zarobkowania parlamentarzyst\u00f3w.<\/p>\n","protected":false},"excerpt":{"rendered":"<p>Autor: Marek Jarentowski Wydawca: CeDeWu Oprawa: Mi\u0119kka Liczba stron: 238 [&hellip;]<\/p>\n","protected":false},"featured_media":14214,"template":"","meta":[],"product_brand":[],"product_cat":[27,7507],"product_tag":[7846,1245,74],"class_list":{"0":"post-14213","1":"product","2":"type-product","3":"status-publish","4":"has-post-thumbnail","6":"product_cat-nauki-spoleczne","7":"product_cat-politologia","8":"product_tag-parlamentaryzm","9":"product_tag-partie-polityczne","10":"product_tag-politologia","12":"first","13":"instock","14":"sale","15":"shipping-taxable","16":"purchasable","17":"product-type-simple"},"_links":{"self":[{"href":"https:\/\/ksiegarnia-akademicka.pl\/index.php\/wp-json\/wp\/v2\/product\/14213","targetHints":{"allow":["GET"]}}],"collection":[{"href":"https:\/\/ksiegarnia-akademicka.pl\/index.php\/wp-json\/wp\/v2\/product"}],"about":[{"href":"https:\/\/ksiegarnia-akademicka.pl\/index.php\/wp-json\/wp\/v2\/types\/product"}],"wp:featuredmedia":[{"embeddable":true,"href":"https:\/\/ksiegarnia-akademicka.pl\/index.php\/wp-json\/wp\/v2\/media\/14214"}],"wp:attachment":[{"href":"https:\/\/ksiegarnia-akademicka.pl\/index.php\/wp-json\/wp\/v2\/media?parent=14213"}],"wp:term":[{"taxonomy":"product_brand","embeddable":true,"href":"https:\/\/ksiegarnia-akademicka.pl\/index.php\/wp-json\/wp\/v2\/product_brand?post=14213"},{"taxonomy":"product_cat","embeddable":true,"href":"https:\/\/ksiegarnia-akademicka.pl\/index.php\/wp-json\/wp\/v2\/product_cat?post=14213"},{"taxonomy":"product_tag","embeddable":true,"href":"https:\/\/ksiegarnia-akademicka.pl\/index.php\/wp-json\/wp\/v2\/product_tag?post=14213"}],"curies":[{"name":"wp","href":"https:\/\/api.w.org\/{rel}","templated":true}]}}