{"id":14209,"date":"2021-03-30T09:50:42","date_gmt":"2021-03-30T07:50:42","guid":{"rendered":"http:\/\/ksiegarnia-akademicka.pl\/?post_type=product&#038;p=14209"},"modified":"2021-03-30T09:50:43","modified_gmt":"2021-03-30T07:50:43","slug":"szczegolowa-klasyfikacja-dochodow","status":"publish","type":"product","link":"https:\/\/ksiegarnia-akademicka.pl\/index.php\/product\/szczegolowa-klasyfikacja-dochodow\/","title":{"rendered":"Szczeg\u00f3\u0142owa klasyfikacja dochod\u00f3w"},"content":{"rendered":"<p>Autor:<br \/>\nMagdalena Majdrowicz-Dmitrzak<br \/>\nJoanna Fr\u0105ckowiak<br \/>\nWydawca: ODDK<br \/>\nOprawa: Mi\u0119kka<br \/>\nLiczba stron: 252<br \/>\nRok wydania: 2021<br \/>\nJ\u0119zyk wydania: polski<\/p>\n<p>Szczeg\u00f3\u0142owa klasyfikacja dochod\u00f3w, wydatk\u00f3w, przychod\u00f3w i rozchod\u00f3w oraz \u015brodk\u00f3w pochodz\u0105cych ze \u017ar\u00f3de\u0142 zagranicznych wprowadzona rozporz\u0105dzeniem Ministra Finans\u00f3w z dnia 2 marca 2010 r. (Dz.U. z 2014 r. poz. 1053 z p\u00f3\u017an. zm.) z uwzgl\u0119dnieniem zmian wprowadzonych rozporz\u0105dzeniem Ministra Finans\u00f3w, Funduszy i Polityki Regionalnej z dnia 15 lutego 2021 r. (Dz.U. poz. 299), obowi\u0105zuj\u0105cym od dnia 18 lutego 2021 r., z moc\u0105 od dnia 1 stycznia 2021 r.<br \/>\nW publikacji:<\/p>\n<p>-ujednolicony tekst klasyfikacji z zaznaczeniem zmian wprowadzonych nowelizacj\u0105 z dnia 15 lutego 2021 r.,<br \/>\n-om\u00f3wienie zmian wprowadzonych rozporz\u0105dzeniem z dnia 15 lutego 2021 r., w tym m.in. nowe rozdzia\u0142y: \u201e70006 Krajowy Zas\u00f3b Nieruchomo\u015bci\u201d, ,\u201e75606 Rycza\u0142t od dochod\u00f3w sp\u00f3\u0142ek kapita\u0142owych\u201d, \u201e75638 Dochody ze zbycia praw do sp\u00f3\u0142ki nieruchomo\u015bciowej z tytu\u0142u wp\u0142at dokonanych przez p\u0142atnika\u201d; nowe paragrafy: \u201e026 Wp\u0142ywy z op\u0142aty ze \u015brodk\u00f3w spo\u017cywczych\u201d , \u201e027 Wp\u0142ywy z cz\u0119\u015bci op\u0142aty za zezwolenie na sprzeda\u017c napoj\u00f3w alkoholowych w obrocie hurtowym\u201d,<br \/>\n-szczeg\u00f3\u0142owe tabele zawieraj\u0105ce najcz\u0119\u015bciej wyst\u0119puj\u0105ce podzia\u0142ki klasyfikacji odr\u0119bnie dla dochod\u00f3w i wydatk\u00f3w gmin oraz dochod\u00f3w i wydatk\u00f3w powiat\u00f3w,<br \/>\n-komentarze odnosz\u0105ce si\u0119 do \u017ar\u00f3de\u0142 dochod\u00f3w i wydatk\u00f3w publicznych, przychod\u00f3w i rozchod\u00f3w,<br \/>\n-przyk\u0142ady najcz\u0119\u015bciej planowanych oraz budz\u0105cych w\u0105tpliwo\u015bci paragraf\u00f3w dochod\u00f3w i wydatk\u00f3w wraz ze wskazaniem ich przeznaczenia.<\/p>\n<p>W opracowaniu wykorzystano opinie i uchwa\u0142y regionalnych izb obrachunkowych, kt\u00f3re stanowi\u0105 niezb\u0119dn\u0105 pomoc jednostkom samorz\u0105du terytorialnego w planowaniu i wykonywaniu na\u0142o\u017conych przepisami zada\u0144.<br \/>\nSuplement elektroniczny w formacie PDF u\u0142atwia odszukanie odpowiedniego paragrafu klasyfikacji. Plik mo\u017cna pobra\u0107 poprzez Internet, szczeg\u00f3\u0142ow\u0105 instrukcj\u0119 zamieszczono w ksi\u0105\u017cce (zainstalowanie wymaga systemu operacyjnego MS Windows).<\/p>\n","protected":false},"excerpt":{"rendered":"<p>Autor: Magdalena Majdrowicz-Dmitrzak Joanna Fr\u0105ckowiak Wydawca: ODDK Oprawa: Mi\u0119kka Liczba [&hellip;]<\/p>\n","protected":false},"featured_media":14210,"template":"","meta":[],"product_brand":[],"product_cat":[19,22,7501],"product_tag":[1136,1055],"class_list":{"0":"post-14209","1":"product","2":"type-product","3":"status-publish","4":"has-post-thumbnail","6":"product_cat-finanse-i-prawo-finansowe","7":"product_cat-podatki-i-prawo-podatkowe","8":"product_cat-prawo-finansowe","9":"product_tag-prawo-finansowe","10":"product_tag-prawo-podatkowe","12":"first","13":"instock","14":"sale","15":"shipping-taxable","16":"purchasable","17":"product-type-simple"},"_links":{"self":[{"href":"https:\/\/ksiegarnia-akademicka.pl\/index.php\/wp-json\/wp\/v2\/product\/14209","targetHints":{"allow":["GET"]}}],"collection":[{"href":"https:\/\/ksiegarnia-akademicka.pl\/index.php\/wp-json\/wp\/v2\/product"}],"about":[{"href":"https:\/\/ksiegarnia-akademicka.pl\/index.php\/wp-json\/wp\/v2\/types\/product"}],"wp:featuredmedia":[{"embeddable":true,"href":"https:\/\/ksiegarnia-akademicka.pl\/index.php\/wp-json\/wp\/v2\/media\/14210"}],"wp:attachment":[{"href":"https:\/\/ksiegarnia-akademicka.pl\/index.php\/wp-json\/wp\/v2\/media?parent=14209"}],"wp:term":[{"taxonomy":"product_brand","embeddable":true,"href":"https:\/\/ksiegarnia-akademicka.pl\/index.php\/wp-json\/wp\/v2\/product_brand?post=14209"},{"taxonomy":"product_cat","embeddable":true,"href":"https:\/\/ksiegarnia-akademicka.pl\/index.php\/wp-json\/wp\/v2\/product_cat?post=14209"},{"taxonomy":"product_tag","embeddable":true,"href":"https:\/\/ksiegarnia-akademicka.pl\/index.php\/wp-json\/wp\/v2\/product_tag?post=14209"}],"curies":[{"name":"wp","href":"https:\/\/api.w.org\/{rel}","templated":true}]}}