{"id":14203,"date":"2021-03-30T09:35:36","date_gmt":"2021-03-30T07:35:36","guid":{"rendered":"http:\/\/ksiegarnia-akademicka.pl\/?post_type=product&#038;p=14203"},"modified":"2021-03-30T09:35:39","modified_gmt":"2021-03-30T07:35:39","slug":"granice-tolerancji-w-sztuce-i-wychowaniu","status":"publish","type":"product","link":"https:\/\/ksiegarnia-akademicka.pl\/index.php\/product\/granice-tolerancji-w-sztuce-i-wychowaniu\/","title":{"rendered":"Granice tolerancji w sztuce i wychowaniu"},"content":{"rendered":"<p>Redakcja: Zalewska-Pawlak Miros\u0142awa, Sieczych-Kukawska Aleksandra<br \/>\nWydawca: Wydawnictwo Uniwersytetu \u0141\u00f3dzkiego<br \/>\nOprawa: Mi\u0119kka<br \/>\nLiczba stron: 170<br \/>\nWydanie: 1<br \/>\nRok wydania: 2021<br \/>\nJ\u0119zyk wydania: polski<\/p>\n<p>Podj\u0119ta problematyka w monografii jest trudna, poniewa\u017c dotyczy tre\u015bci z obszaru filozofii, aksjologii edukacji, sztuki, wychowania oraz psychologii. Przedstawione tre\u015bci poszczeg\u00f3lnych artyku\u0142\u00f3w s\u0105 trafnie podzielone na trzy obszary tematyczne i interesuj\u0105co opracowane pod wzgl\u0119dem obszaru tej problematyki.<br \/>\nZ recenzji dr hab. prof. U\u015a Urszuli Szu\u015bcik<\/p>\n","protected":false},"excerpt":{"rendered":"<p>Redakcja: Zalewska-Pawlak Miros\u0142awa, Sieczych-Kukawska Aleksandra Wydawca: Wydawnictwo Uniwersytetu \u0141\u00f3dzkiego Oprawa: [&hellip;]<\/p>\n","protected":false},"featured_media":14205,"template":"","meta":[],"product_brand":[],"product_cat":[7506,27,28],"product_tag":[233,51,4451],"class_list":{"0":"post-14203","1":"product","2":"type-product","3":"status-publish","4":"has-post-thumbnail","6":"product_cat-filozofia","7":"product_cat-nauki-spoleczne","8":"product_cat-pedagogika","9":"product_tag-filozofia","10":"product_tag-pedagogika","11":"product_tag-wychowanie","13":"first","14":"instock","15":"sale","16":"shipping-taxable","17":"purchasable","18":"product-type-simple"},"_links":{"self":[{"href":"https:\/\/ksiegarnia-akademicka.pl\/index.php\/wp-json\/wp\/v2\/product\/14203","targetHints":{"allow":["GET"]}}],"collection":[{"href":"https:\/\/ksiegarnia-akademicka.pl\/index.php\/wp-json\/wp\/v2\/product"}],"about":[{"href":"https:\/\/ksiegarnia-akademicka.pl\/index.php\/wp-json\/wp\/v2\/types\/product"}],"wp:featuredmedia":[{"embeddable":true,"href":"https:\/\/ksiegarnia-akademicka.pl\/index.php\/wp-json\/wp\/v2\/media\/14205"}],"wp:attachment":[{"href":"https:\/\/ksiegarnia-akademicka.pl\/index.php\/wp-json\/wp\/v2\/media?parent=14203"}],"wp:term":[{"taxonomy":"product_brand","embeddable":true,"href":"https:\/\/ksiegarnia-akademicka.pl\/index.php\/wp-json\/wp\/v2\/product_brand?post=14203"},{"taxonomy":"product_cat","embeddable":true,"href":"https:\/\/ksiegarnia-akademicka.pl\/index.php\/wp-json\/wp\/v2\/product_cat?post=14203"},{"taxonomy":"product_tag","embeddable":true,"href":"https:\/\/ksiegarnia-akademicka.pl\/index.php\/wp-json\/wp\/v2\/product_tag?post=14203"}],"curies":[{"name":"wp","href":"https:\/\/api.w.org\/{rel}","templated":true}]}}