{"id":14153,"date":"2021-03-26T12:21:20","date_gmt":"2021-03-26T11:21:20","guid":{"rendered":"http:\/\/ksiegarnia-akademicka.pl\/?post_type=product&#038;p=14153"},"modified":"2024-12-05T08:38:05","modified_gmt":"2024-12-05T07:38:05","slug":"wielkie-zespoly-geriatryczne","status":"publish","type":"product","link":"https:\/\/ksiegarnia-akademicka.pl\/index.php\/product\/wielkie-zespoly-geriatryczne\/","title":{"rendered":"Wielkie zespo\u0142y geriatryczne"},"content":{"rendered":"<p>red. M. Cybulski, E. Krajewska-Ku\u0142ak<br \/>\nWydawnictwo: Edra Urban &amp; Partner<br \/>\nliczba stron\t288<br \/>\nrok wydania\t2021<br \/>\nformat\t180 x 225, oprawa mi\u0119kka<\/p>\n<p>Starzenie si\u0119 spo\u0142ecze\u0144stwa to post\u0119puj\u0105cy proces, nios\u0105cy ze sob\u0105 wiele negatywnych nast\u0119pstw \u2013 nie tylko zdrowotnych, ale r\u00f3wnie\u017c spo\u0142ecznych i ekonomicznych. Do jednej z negatywnych konsekwencji starzenia si\u0119 i staro\u015bci zalicza si\u0119 tzw. wielkie zespo\u0142y geriatryczne (ang. geriatric giants). Wielkie zespo\u0142y geriatryczne s\u0105 stanami, kt\u00f3re bardzo cz\u0119sto sprawiaj\u0105 r\u00f3\u017cnego rodzaju trudno\u015bci w terapii i wymagaj\u0105 zespo\u0142owego podej\u015bcia o charakterze interdyscyplinarnym. R\u00f3wnie cz\u0119sto s\u0105 r\u00f3wnie\u017c mylone i b\u0142\u0119dnie uto\u017csamiane z chorobami przewlek\u0142ymi, charakterystycznymi dla okresu staro\u015bci. Z powodu ich cz\u0119stego wyst\u0119powania, negatywnych skutk\u00f3w oraz koszt\u00f3w niezb\u0119dnej opieki medycznej i spo\u0142ecznej, stanowi\u0105 one istotny problem w opiece nad osobami starszymi.<\/p>\n<p>Podr\u0119cznik pt. \u201eWielkie zespo\u0142y geriatryczne\u201d w spos\u00f3b szczeg\u00f3\u0142owy, a zarazem ca\u0142o\u015bciowy ujmuje te charakterystyczne dla senior\u00f3w, przewlek\u0142e zaburzenia. Publikacja jest zbiorowym opracowaniem ujmuj\u0105cym w jedn\u0105 ca\u0142o\u015b\u0107 najwa\u017cniejsze wielkie zespo\u0142y geriatryczne, takie jak demencja, depresja, delirium, zesp\u00f3\u0142 krucho\u015bci (s\u0142abo\u015bci), politerapia i geriatryczny zesp\u00f3\u0142 jatrogenny, zaburzenia lokomocji, upadki i zaburzenia r\u00f3wnowagi, zaburzenia narz\u0105du wzroku (za\u0107ma, jaskra, zwyrodnienie plamki \u017c\u00f3\u0142tej zwi\u0105zane z wiekiem), zaburzenia narz\u0105du s\u0142uchu, zaburzenia funkcji zwieraczy oraz niedo\u017cywienie, z uwzgl\u0119dnieniem ich epidemiologii, etiologii, objaw\u00f3w klinicznych, rozpoznania, leczenia i profilaktyki. Autorami poszczeg\u00f3lnych rozdzia\u0142\u00f3w podr\u0119cznika s\u0105 wybitni eksperci z zakresu medycyny, autorytety naukowe w Polsce i poza granicami kraju.<\/p>\n","protected":false},"excerpt":{"rendered":"<p>red. M. Cybulski, E. Krajewska-Ku\u0142ak Wydawnictwo: Edra Urban &amp; Partner [&hellip;]<\/p>\n","protected":false},"featured_media":14154,"template":"","meta":[],"product_brand":[],"product_cat":[8112,7493],"product_tag":[7215,3994],"class_list":{"0":"post-14153","1":"product","2":"type-product","3":"status-publish","4":"has-post-thumbnail","6":"product_cat-geriatria","7":"product_cat-medycyna","8":"product_tag-geriatria","9":"product_tag-medycyna","11":"first","12":"instock","13":"sale","14":"shipping-taxable","15":"purchasable","16":"product-type-simple"},"_links":{"self":[{"href":"https:\/\/ksiegarnia-akademicka.pl\/index.php\/wp-json\/wp\/v2\/product\/14153","targetHints":{"allow":["GET"]}}],"collection":[{"href":"https:\/\/ksiegarnia-akademicka.pl\/index.php\/wp-json\/wp\/v2\/product"}],"about":[{"href":"https:\/\/ksiegarnia-akademicka.pl\/index.php\/wp-json\/wp\/v2\/types\/product"}],"wp:featuredmedia":[{"embeddable":true,"href":"https:\/\/ksiegarnia-akademicka.pl\/index.php\/wp-json\/wp\/v2\/media\/14154"}],"wp:attachment":[{"href":"https:\/\/ksiegarnia-akademicka.pl\/index.php\/wp-json\/wp\/v2\/media?parent=14153"}],"wp:term":[{"taxonomy":"product_brand","embeddable":true,"href":"https:\/\/ksiegarnia-akademicka.pl\/index.php\/wp-json\/wp\/v2\/product_brand?post=14153"},{"taxonomy":"product_cat","embeddable":true,"href":"https:\/\/ksiegarnia-akademicka.pl\/index.php\/wp-json\/wp\/v2\/product_cat?post=14153"},{"taxonomy":"product_tag","embeddable":true,"href":"https:\/\/ksiegarnia-akademicka.pl\/index.php\/wp-json\/wp\/v2\/product_tag?post=14153"}],"curies":[{"name":"wp","href":"https:\/\/api.w.org\/{rel}","templated":true}]}}