{"id":14126,"date":"2021-03-26T09:55:56","date_gmt":"2021-03-26T08:55:56","guid":{"rendered":"http:\/\/ksiegarnia-akademicka.pl\/?post_type=product&#038;p=14126"},"modified":"2021-03-26T09:57:08","modified_gmt":"2021-03-26T08:57:08","slug":"psychologia","status":"publish","type":"product","link":"https:\/\/ksiegarnia-akademicka.pl\/index.php\/product\/psychologia\/","title":{"rendered":"Psychologia"},"content":{"rendered":"<p>Autor:<br \/>\nSaundra K. Ciccarelli, J. Noland White<br \/>\nT\u0142umacze: \u015aroda Jacek, Bukowski Adam<br \/>\nWydawca: Rebis<br \/>\nOprawa: Twarda<br \/>\nFormat: 22.9&#215;27.6cm<br \/>\nLiczba stron: 792<br \/>\nWydanie: 1<br \/>\nRok wydania: 2021<br \/>\nJ\u0119zyk wydania: polski<\/p>\n<p>Ciccarelli i White, znakomici dydaktycy i profesorowie psychologii, napisali najnowocze\u015bniejszy i najbardziej wszechstronny podr\u0119cznik wprowadzaj\u0105cy do tej dyscypliny na \u015bwiecie! To od paru lat najpopularniejszy podr\u0119cznik psychologii w Stanach Zjednoczonych.<br \/>\nTematyka, kt\u00f3ra zosta\u0142a uj\u0119ta w tym podr\u0119czniku, obejmuje: biologiczne podstawy proces\u00f3w psychicznych, czucie i spostrzeganie, \u015bwiadomo\u015b\u0107, proces uczenia si\u0119, pami\u0119\u0107, poznanie, motywacj\u0119 i emocje, seksualno\u015b\u0107, p\u0142e\u0107 kulturow\u0105, stresy i ich wp\u0142yw na funkcjonowanie cz\u0142owieka, teorie osobowo\u015bci, zagadnienia psychologii spo\u0142ecznej, zaburze\u0144 psychicznych i psychoterapii. Podr\u0119cznik uzupe\u0142niaj\u0105 dodatki: jeden obejmuj\u0105cy zastosowanie statystyki w psychologii i drugi po\u015bwi\u0119cony obszarom, na kt\u00f3rych pracuj\u0105 psychologowie. Materia\u0142 u\u0142o\u017cony jest w spos\u00f3b sprzyjaj\u0105cy zapami\u0119tywaniu i umo\u017cliwiaj\u0105cy sprawdzanie opanowanej wiedzy przez samego studenta \u2013 s\u0142u\u017c\u0105 temu podsumowania, mapy poj\u0119\u0107 oraz testy zamieszczone w podrozdzia\u0142ach i na zako\u0144czenie ka\u017cdego rozdzia\u0142u \u2013 uzupe\u0142niony licznymi odwo\u0142aniami do bada\u0144 naukowych, diagramami, wykresami, tabelami i przyk\u0142adami.<br \/>\nW tej ksi\u0105\u017cce wida\u0107 wyra\u017anie, \u017ce psychologia \u2013 cho\u0107 z wielu korzeni wyrasta \u2013 ma ju\u017c jasno okre\u015blony i ci\u0105gle doskonalony obszar bada\u0144, pomiar\u00f3w, diagnoz i zastosowa\u0144. I co wi\u0119cej, ma ci\u0105gle powab nowo\u015bci, oferuj\u0105c wiele jeszcze nieotwartych drzwi. &#8211; prof. dr hab. Waldemar Domachowski, autor wst\u0119pu do wydania polskiego.<\/p>\n","protected":false},"excerpt":{"rendered":"<p>Autor: Saundra K. Ciccarelli, J. Noland White T\u0142umacze: \u015aroda Jacek, [&hellip;]<\/p>\n","protected":false},"featured_media":14127,"template":"","meta":[],"product_brand":[],"product_cat":[27,7509],"product_tag":[1186,1659],"class_list":{"0":"post-14126","1":"product","2":"type-product","3":"status-publish","4":"has-post-thumbnail","6":"product_cat-nauki-spoleczne","7":"product_cat-psychologia","8":"product_tag-psychologia","9":"product_tag-psychoterapia","11":"first","12":"instock","13":"sale","14":"shipping-taxable","15":"purchasable","16":"product-type-simple"},"_links":{"self":[{"href":"https:\/\/ksiegarnia-akademicka.pl\/index.php\/wp-json\/wp\/v2\/product\/14126","targetHints":{"allow":["GET"]}}],"collection":[{"href":"https:\/\/ksiegarnia-akademicka.pl\/index.php\/wp-json\/wp\/v2\/product"}],"about":[{"href":"https:\/\/ksiegarnia-akademicka.pl\/index.php\/wp-json\/wp\/v2\/types\/product"}],"wp:featuredmedia":[{"embeddable":true,"href":"https:\/\/ksiegarnia-akademicka.pl\/index.php\/wp-json\/wp\/v2\/media\/14127"}],"wp:attachment":[{"href":"https:\/\/ksiegarnia-akademicka.pl\/index.php\/wp-json\/wp\/v2\/media?parent=14126"}],"wp:term":[{"taxonomy":"product_brand","embeddable":true,"href":"https:\/\/ksiegarnia-akademicka.pl\/index.php\/wp-json\/wp\/v2\/product_brand?post=14126"},{"taxonomy":"product_cat","embeddable":true,"href":"https:\/\/ksiegarnia-akademicka.pl\/index.php\/wp-json\/wp\/v2\/product_cat?post=14126"},{"taxonomy":"product_tag","embeddable":true,"href":"https:\/\/ksiegarnia-akademicka.pl\/index.php\/wp-json\/wp\/v2\/product_tag?post=14126"}],"curies":[{"name":"wp","href":"https:\/\/api.w.org\/{rel}","templated":true}]}}