{"id":14114,"date":"2021-03-24T14:02:13","date_gmt":"2021-03-24T13:02:13","guid":{"rendered":"http:\/\/ksiegarnia-akademicka.pl\/?post_type=product&#038;p=14114"},"modified":"2024-12-05T08:38:13","modified_gmt":"2024-12-05T07:38:13","slug":"makroekonomia-zbior-zadan","status":"publish","type":"product","link":"https:\/\/ksiegarnia-akademicka.pl\/index.php\/product\/makroekonomia-zbior-zadan\/","title":{"rendered":"Makroekonomia Zbi\u00f3r zada\u0144"},"content":{"rendered":"<p>Redakcja: Nowak Alojzy Z., Zalega Tomasz<br \/>\nWydawca: PWE<br \/>\nOprawa: Mi\u0119kka<br \/>\nFormat: 16.0&#215;23.0cm<br \/>\nLiczba stron: 320<br \/>\nRok wydania: 2021<br \/>\nJ\u0119zyk wydania: polski<\/p>\n<p>Niniejszy zbi\u00f3r zada\u0144 zosta\u0142 przygotowany jako opracowanie towarzysz\u0105ce podr\u0119cznikowi Makroekonomia pod red. Alojzego Z. Nowaka i Tomasza Zalegi. Podstawowym jego celem jest u\u0142atwienie studentom samodzielnej nauki makroekonomii. Zbi\u00f3r zada\u0144 ma im pom\u00f3c w sprawdzeniu zdobytej wiedzy, a tak\u017ce u\u0142atwi\u0107 kszta\u0142towanie podstawowych umiej\u0119tno\u015bci ekonomicznych \u2013 wnioskowania oraz testowania hipotez. Struktura zbioru zada\u0144 odpowiada w pe\u0142ni strukturze podr\u0119cznika g\u0142\u00f3wnego. Opracowanie zosta\u0142o podzielone na cztery cz\u0119\u015bci, kt\u00f3re zawieraj\u0105 \u0142\u0105cznie 19 rozdzia\u0142\u00f3w merytorycznych \u2013 od zagadnie\u0144 wprowadzaj\u0105cych w problematyk\u0119 makroekonomii, poprzez funkcjonowanie gospodarki w kr\u00f3tkim i d\u0142ugim okresie, po zagadnienia gospodarki \u015bwiatowej i problemy globalizacji. Przedstawiony zakres wiedzy pokrywa si\u0119 z programem nauczania makroekonomii realizowanym w wi\u0119kszo\u015bci uczelni ekonomicznych w kraju.<\/p>\n<p>W gronie autor\u00f3w ksi\u0105\u017cki s\u0105 pracownicy naukowi z du\u017cym do\u015bwiadczeniem dydaktycznym, reprezentuj\u0105cy najznamienitsze o\u015brodki naukowe z ca\u0142ej Polski: Uniwersytet Warszawski, Szko\u0142\u0119 G\u0142\u00f3wn\u0105 Handlow\u0105 w Warszawie, Uniwersytet Ekonomiczny w Krakowie, Uniwersytet Ekonomiczny w Poznaniu i Uniwersytet \u0141\u00f3dzki.<\/p>\n<p>Ksi\u0105\u017cka jest adresowana g\u0142\u00f3wnie do student\u00f3w wy\u017cszych uczelni na kierunkach ekonomicznych, ale mo\u017ce r\u00f3wnie\u017c stanowi\u0107 cenne \u017ar\u00f3d\u0142o wiedzy dla student\u00f3w informatyki, prawa i administracji, socjologii, politologii, europeistyki, polityki spo\u0142ecznej czy dziennikarstwa i komunikacji spo\u0142ecznej. Zainteresuje te\u017c s\u0142uchaczy studi\u00f3w podyplomowych, doktorant\u00f3w, pracownik\u00f3w naukowych oraz praktyk\u00f3w gospodarczych.<\/p>\n","protected":false},"excerpt":{"rendered":"<p>Redakcja: Nowak Alojzy Z., Zalega Tomasz Wydawca: PWE Oprawa: Mi\u0119kka [&hellip;]<\/p>\n","protected":false},"featured_media":14115,"template":"","meta":[],"product_brand":[],"product_cat":[17,7499],"product_tag":[342,348],"class_list":{"0":"post-14114","1":"product","2":"type-product","3":"status-publish","4":"has-post-thumbnail","6":"product_cat-ekonomia","7":"product_cat-makro-i-mikroekonomia","8":"product_tag-makroekonomia","9":"product_tag-zbior-zadan","11":"first","12":"instock","13":"sale","14":"shipping-taxable","15":"purchasable","16":"product-type-simple"},"_links":{"self":[{"href":"https:\/\/ksiegarnia-akademicka.pl\/index.php\/wp-json\/wp\/v2\/product\/14114","targetHints":{"allow":["GET"]}}],"collection":[{"href":"https:\/\/ksiegarnia-akademicka.pl\/index.php\/wp-json\/wp\/v2\/product"}],"about":[{"href":"https:\/\/ksiegarnia-akademicka.pl\/index.php\/wp-json\/wp\/v2\/types\/product"}],"wp:featuredmedia":[{"embeddable":true,"href":"https:\/\/ksiegarnia-akademicka.pl\/index.php\/wp-json\/wp\/v2\/media\/14115"}],"wp:attachment":[{"href":"https:\/\/ksiegarnia-akademicka.pl\/index.php\/wp-json\/wp\/v2\/media?parent=14114"}],"wp:term":[{"taxonomy":"product_brand","embeddable":true,"href":"https:\/\/ksiegarnia-akademicka.pl\/index.php\/wp-json\/wp\/v2\/product_brand?post=14114"},{"taxonomy":"product_cat","embeddable":true,"href":"https:\/\/ksiegarnia-akademicka.pl\/index.php\/wp-json\/wp\/v2\/product_cat?post=14114"},{"taxonomy":"product_tag","embeddable":true,"href":"https:\/\/ksiegarnia-akademicka.pl\/index.php\/wp-json\/wp\/v2\/product_tag?post=14114"}],"curies":[{"name":"wp","href":"https:\/\/api.w.org\/{rel}","templated":true}]}}