{"id":14088,"date":"2021-03-22T13:19:09","date_gmt":"2021-03-22T12:19:09","guid":{"rendered":"http:\/\/ksiegarnia-akademicka.pl\/?post_type=product&#038;p=14088"},"modified":"2021-03-22T13:19:09","modified_gmt":"2021-03-22T12:19:09","slug":"leksykon-prawa-spolek-100-podstawowych-pojec","status":"publish","type":"product","link":"https:\/\/ksiegarnia-akademicka.pl\/index.php\/product\/leksykon-prawa-spolek-100-podstawowych-pojec\/","title":{"rendered":"Leksykon prawa sp\u00f3\u0142ek. 100 podstawowych poj\u0119\u0107"},"content":{"rendered":"<p>Redakcja: dr hab. Bart\u0142omiej Gliniecki, prof. UG<br \/>\nAutor: dr hab. Marcin Glicz, prof. AP, dr hab. Joanna Kruczalak-Jankowska, prof. UG, Robert Obrzud, dr hab. Jacek Potulski, prof. UG, dr Grzegorz Sikorski, dr Marta Janina Skrodzka, adw. Karol Skrodzki, dr hab. Arkadiusz Wowerka, prof. UG<br \/>\nWydawnictwo: C.H. Beck<br \/>\nSeria: Leksykony prawnicze<br \/>\nRok wydania: 2021<br \/>\nOprawa: Mi\u0119kka<br \/>\nLiczba stron: 298<br \/>\nWymiary: 145&#215;205 mm<br \/>\nWaga: 340 g<\/p>\n<p>W Leksykonie w syntetyczny spos\u00f3b wyja\u015bniono poj\u0119cia dotycz\u0105ce prawa sp\u00f3\u0142ek.<\/p>\n<p>S\u0105 w\u015br\u00f3d nich nie tylko poj\u0119cia podstawowe z punktu widzenia nauki prawa handlowego i terminologii Kodeksu sp\u00f3\u0142ek handlowych, lecz tak\u017ce te spoza j\u0119zyka prawnego, ukorzenione w praktyce obrotu gospodarczego. W konsekwencji po\u015br\u00f3d setki hase\u0142 dotycz\u0105cych prawa sp\u00f3\u0142ek odnale\u017a\u0107 mo\u017cna zar\u00f3wno te cz\u0119sto stanowi\u0105ce kanw\u0119 pyta\u0144 egzaminacyjnych, jak i poj\u0119cia rzadziej spotykane w tekstach przepis\u00f3w prawnych, kt\u00f3rych zrozumienie jest niezb\u0119dne do poznania zasad funkcjonowania przedsi\u0119biorc\u00f3w korporacyjnych.<\/p>\n<p>Dob\u00f3r hase\u0142 oraz spos\u00f3b ich opracowania sprawia, \u017ce publikacja mo\u017ce by\u0107 wszechstronnym \u017ar\u00f3d\u0142em wiedzy.<\/p>\n<p>Przydatna b\u0119dzie studentom kierunk\u00f3w prawniczych, ale i zarz\u0105dzania czy ekonomii, w toku kt\u00f3rych poruszane s\u0105 zagadnienia odnosz\u0105ce si\u0119 do sp\u00f3\u0142ek handlowych. Si\u0119gn\u0105\u0107 po ni\u0105 mog\u0105 tak\u017ce uczestnicy studi\u00f3w podyplomowych, absolwenci przygotowuj\u0105cy si\u0119 do egzamin\u00f3w na aplikacje prawnicze oraz aplikanci przygotowuj\u0105cy si\u0119 do wykonywania zawod\u00f3w prawniczych. Wreszcie Leksykon mo\u017ce stanowi\u0107 wsparcie dla Czytelnik\u00f3w chc\u0105cych lepiej pozna\u0107 prawne zasady funkcjonowania sp\u00f3\u0142ek handlowych i poszukuj\u0105cych zwi\u0119z\u0142ego oraz kompetentnego wyt\u0142umaczenia poj\u0119\u0107 nierozerwalnie zwi\u0105zanych z t\u0105 problematyk\u0105.<\/p>\n<p>Autorami Leksykonu s\u0105 w wi\u0119kszo\u015bci pracownicy Wydzia\u0142u Prawa i Administracji Uniwersytetu Gda\u0144skiego oraz innych szk\u00f3\u0142 wy\u017cszych. Wi\u0119kszo\u015b\u0107 z nich zdoby\u0142a praktyczne do\u015bwiadczenie, m.in. wykonuj\u0105c zawody prawnicze adwokata czy radcy prawnego.<\/p>\n","protected":false},"excerpt":{"rendered":"<p>Redakcja: dr hab. Bart\u0142omiej Gliniecki, prof. UG Autor: dr hab. [&hellip;]<\/p>\n","protected":false},"featured_media":14089,"template":"","meta":[],"product_brand":[],"product_cat":[7495,18],"product_tag":[428,429,710,7934],"class_list":{"0":"post-14088","1":"product","2":"type-product","3":"status-publish","4":"has-post-thumbnail","6":"product_cat-gospodarcze-i-handlowe","7":"product_cat-prawo","8":"product_tag-prawo-gospodarcze","9":"product_tag-prawo-handlowe","10":"product_tag-prawo-spolek","11":"product_tag-seria-leksykony-prawnicze","13":"first","14":"instock","15":"sale","16":"shipping-taxable","17":"purchasable","18":"product-type-simple"},"_links":{"self":[{"href":"https:\/\/ksiegarnia-akademicka.pl\/index.php\/wp-json\/wp\/v2\/product\/14088","targetHints":{"allow":["GET"]}}],"collection":[{"href":"https:\/\/ksiegarnia-akademicka.pl\/index.php\/wp-json\/wp\/v2\/product"}],"about":[{"href":"https:\/\/ksiegarnia-akademicka.pl\/index.php\/wp-json\/wp\/v2\/types\/product"}],"wp:featuredmedia":[{"embeddable":true,"href":"https:\/\/ksiegarnia-akademicka.pl\/index.php\/wp-json\/wp\/v2\/media\/14089"}],"wp:attachment":[{"href":"https:\/\/ksiegarnia-akademicka.pl\/index.php\/wp-json\/wp\/v2\/media?parent=14088"}],"wp:term":[{"taxonomy":"product_brand","embeddable":true,"href":"https:\/\/ksiegarnia-akademicka.pl\/index.php\/wp-json\/wp\/v2\/product_brand?post=14088"},{"taxonomy":"product_cat","embeddable":true,"href":"https:\/\/ksiegarnia-akademicka.pl\/index.php\/wp-json\/wp\/v2\/product_cat?post=14088"},{"taxonomy":"product_tag","embeddable":true,"href":"https:\/\/ksiegarnia-akademicka.pl\/index.php\/wp-json\/wp\/v2\/product_tag?post=14088"}],"curies":[{"name":"wp","href":"https:\/\/api.w.org\/{rel}","templated":true}]}}