{"id":14086,"date":"2021-03-22T13:15:54","date_gmt":"2021-03-22T12:15:54","guid":{"rendered":"http:\/\/ksiegarnia-akademicka.pl\/?post_type=product&#038;p=14086"},"modified":"2024-12-05T08:38:32","modified_gmt":"2024-12-05T07:38:32","slug":"prawo-karne-materialne-kurs-skrocony","status":"publish","type":"product","link":"https:\/\/ksiegarnia-akademicka.pl\/index.php\/product\/prawo-karne-materialne-kurs-skrocony\/","title":{"rendered":"Prawo karne materialne. Kurs skr\u00f3cony"},"content":{"rendered":"<p>Autor: dr Konrad Burdziak, dr Magdalena Kowalewska-\u0141uku\u0107, dr hab. Mariusz Nawrocki<br \/>\nWydawnictwo: C.H. Beck<br \/>\nSeria: Skrypty Becka<br \/>\nRok wydania: 2021<br \/>\nOprawa: Mi\u0119kka<br \/>\nLiczba stron: 310<br \/>\nWymiary: 165&#215;238 mm<br \/>\nWaga: 500 g<\/p>\n<p>W podr\u0119czniku om\u00f3wiono podstawowe zagadnienia z zakresu prawa karnego materialnego z wykorzystaniem osi\u0105gni\u0119\u0107 szczeci\u0144skiej szko\u0142y prawa karnego.<\/p>\n<p>Tre\u015bci zawarte w ksi\u0105\u017cce zosta\u0142y dobrane w taki spos\u00f3b, by Czytelnik m\u00f3g\u0142 odnale\u017a\u0107 w niej odpowiedzi na wszystkie podstawowe (i nie tylko) pytania stawiane w kontek\u015bcie problematyki nauki o przest\u0119pstwie i nauki o karze. Czytelnik dowie si\u0119 zatem nie tylko tego, jakie s\u0105 np. zasady odpowiedzialno\u015bci karnej, lecz tak\u017ce tego, jakie kary i inne \u015brodki prawnokarnej reakcji na fakt pope\u0142nienia czynu zabronionego pod gro\u017ab\u0105 kary zosta\u0142y przewidziane przez ustawodawc\u0119 i na jakich zasadach \u015brodki te s\u0105 wymierzane.<\/p>\n<p>Aby u\u0142atwi\u0107 przyswojenie kluczowych z perspektywy danego zagadnienia informacji, poszczeg\u00f3lne kwestie zobrazowano na schematach, w tabelach i przyk\u0142adach.<\/p>\n<p>Cz\u0119\u015bci\u0105 ka\u017cdego rozdzia\u0142u s\u0105 tzw. zadania, obejmuj\u0105ce kazusy dotycz\u0105ce danej problematyki oraz pytania testowe, umo\u017cliwiaj\u0105ce Czytelnikowi zweryfikowanie swojej wiedzy.<\/p>\n<p>Podr\u0119cznik b\u0119dzie przydatny dla student\u00f3w kierunk\u00f3w: prawo, administracja, bezpiecze\u0144stwo wewn\u0119trze, bezpiecze\u0144stwo narodowe, prawo s\u0142u\u017cb mundurowych, prawo medyczne i innych kierunk\u00f3w, przewiduj\u0105cych kursy podstawowe z zakresu prawa karnego materialnego. Ksi\u0105\u017cka mo\u017ce okaza\u0107 si\u0119 tak\u017ce istotn\u0105 pomoc\u0105 dla student\u00f3w studi\u00f3w doktoranckich oraz dla aplikant\u00f3w adwokackich, radcowskich czy komorniczych.<\/p>\n","protected":false},"excerpt":{"rendered":"<p>Autor: dr Konrad Burdziak, dr Magdalena Kowalewska-\u0141uku\u0107, dr hab. Mariusz [&hellip;]<\/p>\n","protected":false},"featured_media":14087,"template":"","meta":[],"product_brand":[],"product_cat":[7490,18],"product_tag":[3995,691],"class_list":{"0":"post-14086","1":"product","2":"type-product","3":"status-publish","4":"has-post-thumbnail","6":"product_cat-karne","7":"product_cat-prawo","8":"product_tag-prawo-karne-materialne","9":"product_tag-seria-skrypty-becka","11":"first","12":"instock","13":"sale","14":"shipping-taxable","15":"purchasable","16":"product-type-simple"},"_links":{"self":[{"href":"https:\/\/ksiegarnia-akademicka.pl\/index.php\/wp-json\/wp\/v2\/product\/14086","targetHints":{"allow":["GET"]}}],"collection":[{"href":"https:\/\/ksiegarnia-akademicka.pl\/index.php\/wp-json\/wp\/v2\/product"}],"about":[{"href":"https:\/\/ksiegarnia-akademicka.pl\/index.php\/wp-json\/wp\/v2\/types\/product"}],"wp:featuredmedia":[{"embeddable":true,"href":"https:\/\/ksiegarnia-akademicka.pl\/index.php\/wp-json\/wp\/v2\/media\/14087"}],"wp:attachment":[{"href":"https:\/\/ksiegarnia-akademicka.pl\/index.php\/wp-json\/wp\/v2\/media?parent=14086"}],"wp:term":[{"taxonomy":"product_brand","embeddable":true,"href":"https:\/\/ksiegarnia-akademicka.pl\/index.php\/wp-json\/wp\/v2\/product_brand?post=14086"},{"taxonomy":"product_cat","embeddable":true,"href":"https:\/\/ksiegarnia-akademicka.pl\/index.php\/wp-json\/wp\/v2\/product_cat?post=14086"},{"taxonomy":"product_tag","embeddable":true,"href":"https:\/\/ksiegarnia-akademicka.pl\/index.php\/wp-json\/wp\/v2\/product_tag?post=14086"}],"curies":[{"name":"wp","href":"https:\/\/api.w.org\/{rel}","templated":true}]}}