{"id":13951,"date":"2021-03-02T10:27:04","date_gmt":"2021-03-02T09:27:04","guid":{"rendered":"http:\/\/ksiegarnia-akademicka.pl\/?post_type=product&#038;p=13951"},"modified":"2021-03-02T10:27:05","modified_gmt":"2021-03-02T09:27:05","slug":"rehabilitacja-zawodowa-osob-z-niepelnosprawnoscia-intelektualna-od-zaleznosci-ku-samodzielnosci-zyciowej","status":"publish","type":"product","link":"https:\/\/ksiegarnia-akademicka.pl\/index.php\/product\/rehabilitacja-zawodowa-osob-z-niepelnosprawnoscia-intelektualna-od-zaleznosci-ku-samodzielnosci-zyciowej\/","title":{"rendered":"Rehabilitacja zawodowa os\u00f3b z niepe\u0142nosprawno\u015bci\u0105 intelektualn\u0105 Od zale\u017cno\u015bci ku samodzielno\u015bci \u017cyciowej"},"content":{"rendered":"<p>Autor:<br \/>\nMariola Wolan-Nowakowska<br \/>\nWydawca: Difin<br \/>\nOprawa: Mi\u0119kka<br \/>\nLiczba stron: 164<br \/>\nRok wydania: 2021<br \/>\nJ\u0119zyk wydania: polski<\/p>\n<p>Monografia dotyczy specjalistycznego wsparcia os\u00f3b z niepe\u0142nosprawno\u015bci\u0105 intelektualn\u0105 w uzyskaniu maksymalnego stopnia samodzielno\u015bci \u017cyciowej w odniesieniu do ogranicze\u0144 i mo\u017cliwo\u015bci tej grupy. W publikacji zaprezentowano praktyczne rozwi\u0105zania dotycz\u0105ce przygotowania m\u0142odzie\u017cy z niepe\u0142nosprawno\u015bci\u0105 intelektualn\u0105 do wej\u015bcia na rynek pracy, w tym analizie poddano rol\u0119 rodzic\u00f3w oraz wskazano dzia\u0142ania szk\u00f3\u0142 przysposabiaj\u0105cych do pracy, w szczeg\u00f3lno\u015bci model praktyk wspomaganych.<\/p>\n<p>Ksi\u0105\u017cka adresowana jest do naukowc\u00f3w, kt\u00f3rych zainteresowania koncentruj\u0105 si\u0119 wok\u00f3\u0142 problematyki aktywizacji zawodowej os\u00f3b z niepe\u0142nosprawno\u015bci\u0105 intelektualn\u0105 oraz praktyk\u00f3w pedagog\u00f3w specjalnych, nauczycieli, pracownik\u00f3w socjalnych, doradc\u00f3w zawodowych i po\u015brednik\u00f3w pracy, student\u00f3w kierunk\u00f3w spo\u0142ecznych oraz os\u00f3b z niepe\u0142nosprawno\u015bciami i rodzic\u00f3w.<\/p>\n","protected":false},"excerpt":{"rendered":"<p>Autor: Mariola Wolan-Nowakowska Wydawca: Difin Oprawa: Mi\u0119kka Liczba stron: 164 [&hellip;]<\/p>\n","protected":false},"featured_media":13952,"template":"","meta":[],"product_brand":[],"product_cat":[7625,27,28,7510,7509],"product_tag":[6263,1706,1186],"class_list":{"0":"post-13951","1":"product","2":"type-product","3":"status-publish","4":"has-post-thumbnail","6":"product_cat-nauki-o-zdrowiu","7":"product_cat-nauki-spoleczne","8":"product_cat-pedagogika","9":"product_cat-polityka-spoleczna","10":"product_cat-psychologia","11":"product_tag-niepelnosprawnosc-intelektualna","12":"product_tag-pedagogika-specjalna","13":"product_tag-psychologia","15":"first","16":"instock","17":"sale","18":"shipping-taxable","19":"purchasable","20":"product-type-simple"},"_links":{"self":[{"href":"https:\/\/ksiegarnia-akademicka.pl\/index.php\/wp-json\/wp\/v2\/product\/13951","targetHints":{"allow":["GET"]}}],"collection":[{"href":"https:\/\/ksiegarnia-akademicka.pl\/index.php\/wp-json\/wp\/v2\/product"}],"about":[{"href":"https:\/\/ksiegarnia-akademicka.pl\/index.php\/wp-json\/wp\/v2\/types\/product"}],"wp:featuredmedia":[{"embeddable":true,"href":"https:\/\/ksiegarnia-akademicka.pl\/index.php\/wp-json\/wp\/v2\/media\/13952"}],"wp:attachment":[{"href":"https:\/\/ksiegarnia-akademicka.pl\/index.php\/wp-json\/wp\/v2\/media?parent=13951"}],"wp:term":[{"taxonomy":"product_brand","embeddable":true,"href":"https:\/\/ksiegarnia-akademicka.pl\/index.php\/wp-json\/wp\/v2\/product_brand?post=13951"},{"taxonomy":"product_cat","embeddable":true,"href":"https:\/\/ksiegarnia-akademicka.pl\/index.php\/wp-json\/wp\/v2\/product_cat?post=13951"},{"taxonomy":"product_tag","embeddable":true,"href":"https:\/\/ksiegarnia-akademicka.pl\/index.php\/wp-json\/wp\/v2\/product_tag?post=13951"}],"curies":[{"name":"wp","href":"https:\/\/api.w.org\/{rel}","templated":true}]}}