{"id":13917,"date":"2021-02-26T11:04:19","date_gmt":"2021-02-26T10:04:19","guid":{"rendered":"http:\/\/ksiegarnia-akademicka.pl\/?post_type=product&#038;p=13917"},"modified":"2026-01-30T08:31:27","modified_gmt":"2026-01-30T07:31:27","slug":"mikrobiologia-w-dermatologii-wenerologii-oraz-w-medycynie-estetycznej-i-kosmetologii","status":"publish","type":"product","link":"https:\/\/ksiegarnia-akademicka.pl\/index.php\/product\/mikrobiologia-w-dermatologii-wenerologii-oraz-w-medycynie-estetycznej-i-kosmetologii\/","title":{"rendered":"Mikrobiologia w dermatologii, wenerologii oraz w medycynie estetycznej i kosmetologii"},"content":{"rendered":"<p>Autor:<br \/>\nEugenia Gospodarek-Komkowska<br \/>\nWydawca: PZWL<br \/>\nOprawa: Mi\u0119kka<br \/>\nFormat: 16.5&#215;23.5cm<br \/>\nLiczba stron: 310<br \/>\nWydanie: 1<br \/>\nRok wydania: 2021<br \/>\nJ\u0119zyk wydania: polski<\/p>\n<p>Publikacja Mikrobiologia w dermatologii, wenerologii oraz w medycynie estetycznej i kosmetologii zosta\u0142a przygotowana pod redakcj\u0105 prof. dr hab. n. med. Eugenii Gospodarek-Komkowskiej oraz dr n. med. Agnieszki Mikuckiej. Kompendium w przejrzysty spos\u00f3b prezentuje przegl\u0105d informacji zgodny z aktualn\u0105 wiedz\u0105 w zakresie podstaw mikrobiologii, immunologii oraz mikrobioty fizjologicznej cz\u0142owieka \u2013 jej znaczenia i interakcji. Przedstawiono tak\u017ce drogi szerzenia si\u0119 drobnoustroj\u00f3w oraz interakcje mi\u0119dzy gospodarzem a drobnoustrojem. Szczeg\u00f3\u0142owo opisano znaczenie wirus\u00f3w, bakterii, grzyb\u00f3w, paso\u017cyt\u00f3w oraz zaka\u017ce\u0144 odzwierz\u0119cych. Istotne, z punktu utrwalenia zdobytej wiedzy, s\u0105 umieszczone na ko\u0144cu rozdzia\u0142\u00f3w pytania sprawdzaj\u0105ce. Podr\u0119cznik zawiera tak\u017ce og\u00f3lne zasadny diagnostyki mikrobiologicznej i podstawowe zasady leczenia przeciwdrobnoustrojowego. Ca\u0142o\u015b\u0107 zaprezentowanej merytoryki dope\u0142nia obraz kliniczny zaka\u017ce\u0144 przenoszonych drog\u0105 p\u0142ciow\u0105 oraz zaka\u017ce\u0144 sk\u00f3ry i jej przydatk\u00f3w. Wa\u017cnym aspektem jest pobieranie i transport materia\u0142u klinicznego oraz dzia\u0142ania prewencyjne i bezpiecze\u0144stwo w gabinetach, poniewa\u017c nie przestrzeganie procedur, nieprawid\u0142owe przechowywanie czy u\u017cywanie lek\u00f3w b\u0105d\u017a kosmetyk\u00f3w mo\u017ce sta\u0107 si\u0119 \u017ar\u00f3d\u0142em zaka\u017ce\u0144 zar\u00f3wno u klienta, jaki i pracownik\u00f3w gabinetu lekarskiego czy kosmetycznego.<br \/>\nPublikacja Mikrobiologia w dermatologii, wenerologii oraz w medycynie estetycznej i kosmetologii jest przeznaczona dla student\u00f3w medycyny \u2013 g\u0142\u00f3wnie kierunku lekarskiego \u2013 oraz kosmetologii. Zawarta wiedza stanowi tak\u017ce przydatne opracowanie przeznaczone dla kr\u0119gu pracownik\u00f3w s\u0142u\u017cby zdrowia, lekarzy, diagnost\u00f3w, piel\u0119gniarek epidemiologicznych, mikrobiolog\u00f3w oraz kosmetolog\u00f3w.<\/p>\n","protected":false},"excerpt":{"rendered":"<p>Autor: Eugenia Gospodarek-Komkowska Wydawca: PZWL Oprawa: Mi\u0119kka Format: 16.5&#215;23.5cm Liczba [&hellip;]<\/p>\n","protected":false},"featured_media":13918,"template":"","meta":[],"product_brand":[],"product_cat":[7964,7493,8031],"product_tag":[2861,4934,5324,6162],"class_list":{"0":"post-13917","1":"product","2":"type-product","3":"status-publish","4":"has-post-thumbnail","6":"product_cat-biochemia","7":"product_cat-medycyna","8":"product_cat-poloznictwo-ginekologia","9":"product_tag-dermatologia","10":"product_tag-kosmetologia","11":"product_tag-mikrobiologia","12":"product_tag-wenerologia","14":"first","15":"instock","16":"sale","17":"shipping-taxable","18":"purchasable","19":"product-type-simple"},"_links":{"self":[{"href":"https:\/\/ksiegarnia-akademicka.pl\/index.php\/wp-json\/wp\/v2\/product\/13917","targetHints":{"allow":["GET"]}}],"collection":[{"href":"https:\/\/ksiegarnia-akademicka.pl\/index.php\/wp-json\/wp\/v2\/product"}],"about":[{"href":"https:\/\/ksiegarnia-akademicka.pl\/index.php\/wp-json\/wp\/v2\/types\/product"}],"wp:featuredmedia":[{"embeddable":true,"href":"https:\/\/ksiegarnia-akademicka.pl\/index.php\/wp-json\/wp\/v2\/media\/13918"}],"wp:attachment":[{"href":"https:\/\/ksiegarnia-akademicka.pl\/index.php\/wp-json\/wp\/v2\/media?parent=13917"}],"wp:term":[{"taxonomy":"product_brand","embeddable":true,"href":"https:\/\/ksiegarnia-akademicka.pl\/index.php\/wp-json\/wp\/v2\/product_brand?post=13917"},{"taxonomy":"product_cat","embeddable":true,"href":"https:\/\/ksiegarnia-akademicka.pl\/index.php\/wp-json\/wp\/v2\/product_cat?post=13917"},{"taxonomy":"product_tag","embeddable":true,"href":"https:\/\/ksiegarnia-akademicka.pl\/index.php\/wp-json\/wp\/v2\/product_tag?post=13917"}],"curies":[{"name":"wp","href":"https:\/\/api.w.org\/{rel}","templated":true}]}}