{"id":13903,"date":"2021-02-26T10:25:02","date_gmt":"2021-02-26T09:25:02","guid":{"rendered":"http:\/\/ksiegarnia-akademicka.pl\/?post_type=product&#038;p=13903"},"modified":"2021-02-26T10:25:03","modified_gmt":"2021-02-26T09:25:03","slug":"sztuka-prowadzenia-polskiej-polityki-pienieznej-w-realiach-xxi-wieku","status":"publish","type":"product","link":"https:\/\/ksiegarnia-akademicka.pl\/index.php\/product\/sztuka-prowadzenia-polskiej-polityki-pienieznej-w-realiach-xxi-wieku\/","title":{"rendered":"Sztuka prowadzenia polskiej polityki pieni\u0119\u017cnej w realiach XXI wieku"},"content":{"rendered":"<p>Autor:<br \/>\nEryk \u0141on<br \/>\nWydawca: Zysk i S-ka<br \/>\nOprawa: Mi\u0119kka ze skrzyde\u0142kami<br \/>\nFormat: 14.0&#215;20.5cm<br \/>\nLiczba stron: 188<br \/>\nWydanie: 1<br \/>\nRok wydania: 2021<br \/>\nJ\u0119zyk wydania: polski<\/p>\n<p>W ostatnich latach znaczenie instytucji monetarnych w gospodarce poszczeg\u00f3lnych kraj\u00f3w zacz\u0119\u0142o stopniowo wzrasta\u0107. Banki centralne staj\u0105 si\u0119 coraz bardziej pot\u0119\u017cnymi instytucjami. Zdaniem Eryka \u0141ona ostatni kryzys gospodarczy z lat 2008-2009, a tak\u017ce epidemia koronawirusa mog\u0105 doprowadzi\u0107 do przewarto\u015bciowania sposobu my\u015blenia o roli bank\u00f3w centralnych. W swojej ksi\u0105\u017cce omawia mi\u0119dzynarodowe i krajowe makroekonomiczne uwarunkowania prowadzenia polskiej polityki pieni\u0119\u017cnej. Zastanawia si\u0119, jakie wyzwania stoj\u0105 dzi\u015b przed polsk\u0105 polityk\u0105 pieni\u0119\u017cn\u0105 i jaki model jej prowadzenia by\u0142by najskuteczniejszy, aby s\u0142u\u017cy\u0142a ona jak najlepiej polskiej gospodarce.<br \/>\n\u201eAutor w spos\u00f3b odwa\u017cny i zdecydowany przedstawia swoje pogl\u0105dy na temat po\u017c\u0105danego charakteru polskiej polityki pieni\u0119\u017cnej. K\u0142adzie nacisk na to, \u017ce polski bank centralny powinien tak prowadzi\u0107 polityk\u0119 pieni\u0119\u017cn\u0105, aby nie tylko sprzyja\u0142o to szybkiemu wzrostowi gospodarczemu, lecz tak\u017ce aby wp\u0142ywa\u0142o to korzystnie na sytuacj\u0119 polskich pracownik\u00f3w. To wszystko razem ka\u017ce upatrywa\u0107 w profesorze Eryku \u0141onie wybitnego przedstawiciela spo\u0142ecznej szko\u0142y polskiej ekonomii, czyli tego jej od\u0142amu, kt\u00f3ry uwzgl\u0119dnia to, \u017ce gospodarka polska powinna by\u0107 w pe\u0142ni tego s\u0142owa znaczeniu spo\u0142eczn\u0105 gospodark\u0105 rynkow\u0105.<br \/>\nProfesor Eryk \u0141on po raz kolejny dowi\u00f3d\u0142 swojego patriotyzmu gospodarczego, co wyra\u017ca si\u0119 tak\u017ce w konsekwentnej obronie z\u0142otego oraz prawa Polski do prowadzenia w\u0142asnej polityki pieni\u0119\u017cnej\u201d.<br \/>\nZ recenzji prof. dr hab. Jerzego Olszewskiego<\/p>\n","protected":false},"excerpt":{"rendered":"<p>Autor: Eryk \u0141on Wydawca: Zysk i S-ka Oprawa: Mi\u0119kka ze [&hellip;]<\/p>\n","protected":false},"featured_media":13904,"template":"","meta":[],"product_brand":[],"product_cat":[17,7499,24],"product_tag":[337,755,340],"class_list":{"0":"post-13903","1":"product","2":"type-product","3":"status-publish","4":"has-post-thumbnail","6":"product_cat-ekonomia","7":"product_cat-makro-i-mikroekonomia","8":"product_cat-polityka-gospodarcza","9":"product_tag-ekonomia","10":"product_tag-polityka-gospodarcza","11":"product_tag-polityka-pieniezna","13":"first","14":"instock","15":"shipping-taxable","16":"purchasable","17":"product-type-simple"},"_links":{"self":[{"href":"https:\/\/ksiegarnia-akademicka.pl\/index.php\/wp-json\/wp\/v2\/product\/13903","targetHints":{"allow":["GET"]}}],"collection":[{"href":"https:\/\/ksiegarnia-akademicka.pl\/index.php\/wp-json\/wp\/v2\/product"}],"about":[{"href":"https:\/\/ksiegarnia-akademicka.pl\/index.php\/wp-json\/wp\/v2\/types\/product"}],"wp:featuredmedia":[{"embeddable":true,"href":"https:\/\/ksiegarnia-akademicka.pl\/index.php\/wp-json\/wp\/v2\/media\/13904"}],"wp:attachment":[{"href":"https:\/\/ksiegarnia-akademicka.pl\/index.php\/wp-json\/wp\/v2\/media?parent=13903"}],"wp:term":[{"taxonomy":"product_brand","embeddable":true,"href":"https:\/\/ksiegarnia-akademicka.pl\/index.php\/wp-json\/wp\/v2\/product_brand?post=13903"},{"taxonomy":"product_cat","embeddable":true,"href":"https:\/\/ksiegarnia-akademicka.pl\/index.php\/wp-json\/wp\/v2\/product_cat?post=13903"},{"taxonomy":"product_tag","embeddable":true,"href":"https:\/\/ksiegarnia-akademicka.pl\/index.php\/wp-json\/wp\/v2\/product_tag?post=13903"}],"curies":[{"name":"wp","href":"https:\/\/api.w.org\/{rel}","templated":true}]}}