{"id":13895,"date":"2021-02-26T10:09:41","date_gmt":"2021-02-26T09:09:41","guid":{"rendered":"http:\/\/ksiegarnia-akademicka.pl\/?post_type=product&#038;p=13895"},"modified":"2021-02-26T10:09:42","modified_gmt":"2021-02-26T09:09:42","slug":"sztuczna-inteligencja-we-wspolczesnych-organizacjach-jak-autonomiczne-systemy-moga-wplywac-na-firmy-modele-biznesowe-i-rynki","status":"publish","type":"product","link":"https:\/\/ksiegarnia-akademicka.pl\/index.php\/product\/sztuczna-inteligencja-we-wspolczesnych-organizacjach-jak-autonomiczne-systemy-moga-wplywac-na-firmy-modele-biznesowe-i-rynki\/","title":{"rendered":"Sztuczna inteligencja we wsp\u00f3\u0142czesnych organizacjach Jak autonomiczne systemy mog\u0105 wp\u0142ywa\u0107 na firmy, modele biznesowe i rynki?"},"content":{"rendered":"<p>Autor:<br \/>\nAndrzej Wodecki<br \/>\nWydawca: Wydawnictwo Naukowe PWN<br \/>\nOprawa: Mi\u0119kka<br \/>\nFormat: 16.5&#215;23.5cm<br \/>\nLiczba stron: 198<br \/>\nWydanie: 1<br \/>\nRok wydania: 2021<br \/>\nJ\u0119zyk wydania: polski<\/p>\n<p>Inteligentne, autonomiczne i samoucz\u0105ce si\u0119 systemy s\u0105 z jednej strony przedmiotem zaawansowanych bada\u0144, z drugiej zaczynaj\u0105 znajdowa\u0107 zastosowania w biznesie. Oparte g\u0142\u00f3wnie o metody tzw. nauczania ze wzmocnieniem (ang. Reinforcement Learning, RL) s\u0105 fundamentem nie tylko Przemys\u0142u 4.0, ale te\u017c wsp\u00f3\u0142czesnych rynk\u00f3w finansowych czy marketingu internetowego.<br \/>\nIstnieje coraz wi\u0119cej udanych wdro\u017ce\u0144 takich system\u00f3w, ale wci\u0105\u017c niewiele z nich zapewnia rzeczywist\u0105 warto\u015b\u0107 biznesow\u0105. Zrozumienie podstaw ich dzia\u0142ania oraz sposob\u00f3w, na jakie mog\u0105 generowa\u0107 warto\u015b\u0107, pomo\u017ce nie tylko wspiera\u0107 ju\u017c realizowane inicjatywy sztucznej inteligencji, ale tak\u017ce projektowa\u0107 nowe tak, by zwi\u0119ksza\u0107 przewag\u0119 konkurencyjn\u0105.<br \/>\nG\u0142\u00f3wnym celem publikacji jest przedstawienie tych nowoczesnych i wyrafinowanych metod mened\u017cerom i ekspertom z zakresu zarz\u0105dzania. Autor, na podstawie dog\u0142\u0119bnych bada\u0144 ponad 100 projekt\u00f3w, przedstawia podstawowe zasady le\u017c\u0105ce u podstaw system\u00f3w autonomicznych, ich zastosowania w r\u00f3\u017cnych bran\u017cach, wp\u0142yw na modele generowania warto\u015bci, firmy oraz rynki.<br \/>\nKsi\u0105\u017cka pomo\u017ce liderom w racjonalnym sformu\u0142owaniu uzasadnienia biznesowego dla samoucz\u0105cych si\u0119 produkt\u00f3w czy us\u0142ug, decydentom i inwestorom w ocenie potencja\u0142u biznesowego nowych autonomicznych projekt\u00f3w, a przedstawiciele \u015brodowisk naukowych znajd\u0105 w niej inspiracj\u0119 do przysz\u0142ych bada\u0144.<br \/>\nPublikacja podejmuje wa\u017cn\u0105 tematyk\u0119 zastosowa\u0144 sztucznej inteligencji w zarz\u0105dzaniu. Obszar ten nie doczeka\u0142 si\u0119 jeszcze w Polsce zwartych opracowa\u0144 adresowanych do mened\u017cer\u00f3w i student\u00f3w. Praca mo\u017ce wype\u0142ni\u0107 t\u0119 luk\u0119 informacyjn\u0105 na rynku polskim.<br \/>\nProf. dr hab. Jerzy Korczak<\/p>\n","protected":false},"excerpt":{"rendered":"<p>Autor: Andrzej Wodecki Wydawca: Wydawnictwo Naukowe PWN Oprawa: Mi\u0119kka Format: [&hellip;]<\/p>\n","protected":false},"featured_media":13896,"template":"","meta":[],"product_brand":[],"product_cat":[7511,30],"product_tag":[7475,541],"class_list":{"0":"post-13895","1":"product","2":"type-product","3":"status-publish","4":"has-post-thumbnail","6":"product_cat-kierowanie-i-zarzadzanie","7":"product_cat-zarzadzanie","8":"product_tag-sztuczna-inteligencja","9":"product_tag-zarzadzanie","11":"first","12":"instock","13":"sale","14":"shipping-taxable","15":"purchasable","16":"product-type-simple"},"_links":{"self":[{"href":"https:\/\/ksiegarnia-akademicka.pl\/index.php\/wp-json\/wp\/v2\/product\/13895","targetHints":{"allow":["GET"]}}],"collection":[{"href":"https:\/\/ksiegarnia-akademicka.pl\/index.php\/wp-json\/wp\/v2\/product"}],"about":[{"href":"https:\/\/ksiegarnia-akademicka.pl\/index.php\/wp-json\/wp\/v2\/types\/product"}],"wp:featuredmedia":[{"embeddable":true,"href":"https:\/\/ksiegarnia-akademicka.pl\/index.php\/wp-json\/wp\/v2\/media\/13896"}],"wp:attachment":[{"href":"https:\/\/ksiegarnia-akademicka.pl\/index.php\/wp-json\/wp\/v2\/media?parent=13895"}],"wp:term":[{"taxonomy":"product_brand","embeddable":true,"href":"https:\/\/ksiegarnia-akademicka.pl\/index.php\/wp-json\/wp\/v2\/product_brand?post=13895"},{"taxonomy":"product_cat","embeddable":true,"href":"https:\/\/ksiegarnia-akademicka.pl\/index.php\/wp-json\/wp\/v2\/product_cat?post=13895"},{"taxonomy":"product_tag","embeddable":true,"href":"https:\/\/ksiegarnia-akademicka.pl\/index.php\/wp-json\/wp\/v2\/product_tag?post=13895"}],"curies":[{"name":"wp","href":"https:\/\/api.w.org\/{rel}","templated":true}]}}