{"id":13893,"date":"2021-02-26T10:07:52","date_gmt":"2021-02-26T09:07:52","guid":{"rendered":"http:\/\/ksiegarnia-akademicka.pl\/?post_type=product&#038;p=13893"},"modified":"2021-02-26T10:07:53","modified_gmt":"2021-02-26T09:07:53","slug":"podatki-dochodowe-2021","status":"publish","type":"product","link":"https:\/\/ksiegarnia-akademicka.pl\/index.php\/product\/podatki-dochodowe-2021\/","title":{"rendered":"Podatki dochodowe 2021"},"content":{"rendered":"<p>Autor:<br \/>\nJaros\u0142aw Zi\u00f3\u0142kowski<br \/>\nWydawca: ODDK<br \/>\nOprawa: Mi\u0119kka<br \/>\nLiczba stron: 318<br \/>\nRok wydania: 2021<br \/>\nJ\u0119zyk wydania: polski<\/p>\n<p>Autor, do\u015bwiadczony doradca podatkowy, w praktyczny spos\u00f3b komentuje najnowsze zmiany w podatkach dochodowych na 2021 r., wprowadzone ustaw\u0105 z dnia 28 listopada 2020 r. o zmianie ustawy o podatku dochodowym od os\u00f3b prawnych oraz niekt\u00f3rych innych ustaw (Dz.U. z 2020 r. poz. 2122) oraz ustaw\u0105 z dnia 28 listopada 2020 r. o zmianie ustawy o podatku dochodowym od os\u00f3b fizycznych, ustawy o podatku dochodowym od os\u00f3b prawnych, ustawy o zrycza\u0142towanym podatku dochodowym od niekt\u00f3rych przychod\u00f3w osi\u0105ganych przez osoby fizyczne oraz niekt\u00f3rych innych ustaw (Dz.U. z 2020 r. poz. 2123), w tym dotycz\u0105ce m.in:<\/p>\n<p>*rycza\u0142tu od dochod\u00f3w sp\u00f3\u0142ek kapita\u0142owych (tzw. \u201eesto\u0144ski CIT\u201d),<br \/>\n*funduszu utworzonego na cele inwestycyjne,<br \/>\n*sp\u00f3\u0142ek nieruchomo\u015bciowych,<br \/>\n*publikowania informacji o realizowanej strategii podatkowej,<br \/>\n*ogranicze\u0144 w amortyzacji \u015brodk\u00f3w trwa\u0142ych,<br \/>\n*zwi\u0119kszonego limitu przychod\u00f3w dla stosowania stawki 9% CIT,<br \/>\n*przed\u0142u\u017ce\u0144 preferencji zwi\u0105zanych z COVID-19,<br \/>\n*zmian w zrycza\u0142towanym podatku dochodowym (rozszerzona lista wolnych zawod\u00f3w, zwi\u0119kszenie limitu uprawniaj\u0105cego do korzystania z rycza\u0142tu, zmiany w stawkach rycza\u0142tu),<br \/>\n*zmian w podatku dochodowym od os\u00f3b fizycznych w przypadku os\u00f3b zatrudnionych (ograniczenie ulgi abolicyjnej, rozszerzenie zwolnienia dla m\u0142odych).<\/p>\n<p>W ksi\u0105\u017cce znajduje si\u0119 tak\u017ce ujednolicony tekst ustawy z dnia 15 lutego 1992 r. o podatku dochodowym od os\u00f3b prawnych, a w suplemencie elektronicznym dodatkowo ujednolicone testy ustawy z dnia 26 lipca 1991 r. o podatku dochodowym od os\u00f3b fizycznych oraz ustawy z dnia 20 listopada 1998 r. o zrycza\u0142towanym podatku dochodowym od niekt\u00f3rych przychod\u00f3w osi\u0105ganych przez osoby fizyczne \u2013 z wyr\u00f3\u017cnionymi zmianami na rok 2021 (plik suplementu jest do pobrania przez Internet; instrukcj\u0119 post\u0119powania zamieszczono w ksi\u0105\u017cce; zainstalowanie suplementu wymaga systemu operacyjnego Windows).<\/p>\n","protected":false},"excerpt":{"rendered":"<p>Autor: Jaros\u0142aw Zi\u00f3\u0142kowski Wydawca: ODDK Oprawa: Mi\u0119kka Liczba stron: 318 [&hellip;]<\/p>\n","protected":false},"featured_media":13894,"template":"","meta":[],"product_brand":[],"product_cat":[22,23],"product_tag":[355,1055,1496],"class_list":{"0":"post-13893","1":"product","2":"type-product","3":"status-publish","4":"has-post-thumbnail","6":"product_cat-podatki-i-prawo-podatkowe","7":"product_cat-rachunkowosc","8":"product_tag-podatki","9":"product_tag-prawo-podatkowe","10":"product_tag-rachunkowosc","12":"first","13":"instock","14":"sale","15":"shipping-taxable","16":"purchasable","17":"product-type-simple"},"_links":{"self":[{"href":"https:\/\/ksiegarnia-akademicka.pl\/index.php\/wp-json\/wp\/v2\/product\/13893","targetHints":{"allow":["GET"]}}],"collection":[{"href":"https:\/\/ksiegarnia-akademicka.pl\/index.php\/wp-json\/wp\/v2\/product"}],"about":[{"href":"https:\/\/ksiegarnia-akademicka.pl\/index.php\/wp-json\/wp\/v2\/types\/product"}],"wp:featuredmedia":[{"embeddable":true,"href":"https:\/\/ksiegarnia-akademicka.pl\/index.php\/wp-json\/wp\/v2\/media\/13894"}],"wp:attachment":[{"href":"https:\/\/ksiegarnia-akademicka.pl\/index.php\/wp-json\/wp\/v2\/media?parent=13893"}],"wp:term":[{"taxonomy":"product_brand","embeddable":true,"href":"https:\/\/ksiegarnia-akademicka.pl\/index.php\/wp-json\/wp\/v2\/product_brand?post=13893"},{"taxonomy":"product_cat","embeddable":true,"href":"https:\/\/ksiegarnia-akademicka.pl\/index.php\/wp-json\/wp\/v2\/product_cat?post=13893"},{"taxonomy":"product_tag","embeddable":true,"href":"https:\/\/ksiegarnia-akademicka.pl\/index.php\/wp-json\/wp\/v2\/product_tag?post=13893"}],"curies":[{"name":"wp","href":"https:\/\/api.w.org\/{rel}","templated":true}]}}