{"id":13842,"date":"2021-02-03T09:16:48","date_gmt":"2021-02-03T08:16:48","guid":{"rendered":"http:\/\/ksiegarnia-akademicka.pl\/?post_type=product&#038;p=13842"},"modified":"2021-02-03T09:16:48","modified_gmt":"2021-02-03T08:16:48","slug":"choroby-przyzebia-2017-algorytmy-postepowania-diagnostycznego-i-wytyczne-dotyczace-leczenia","status":"publish","type":"product","link":"https:\/\/ksiegarnia-akademicka.pl\/index.php\/product\/choroby-przyzebia-2017-algorytmy-postepowania-diagnostycznego-i-wytyczne-dotyczace-leczenia\/","title":{"rendered":"Choroby przyz\u0119bia 2017 algorytmy post\u0119powania diagnostycznego i wytyczne dotycz\u0105ce leczenia"},"content":{"rendered":"<p>Autor:<br \/>\nRenata G\u00f3rska<br \/>\nRedakcja: G\u00f3rska Renata<br \/>\nWydawca: PZWL<br \/>\nOprawa: Mi\u0119kka<br \/>\nFormat: 15.0&#215;23.5cm<br \/>\nLiczba stron: 84<br \/>\nWydanie: 1<br \/>\nRok wydania: 2020<br \/>\nJ\u0119zyk wydania: polski<\/p>\n<p>,,Choroby przyz\u0119bia &#8211; algorytmy post\u0119powania diagnostycznego i wytyczne dotycz\u0105ce leczenia&#8221; to rozwini\u0119cie nowej klasyfikacji chor\u00f3b przyz\u0119bia o przedstawienie algorytm\u00f3w diagnostyki i wytyczne praktyki klinicznej. Publikacja zawiera jasne i klarowne zalecenia dla lekarzy dotycz\u0105ce metod leczenia zapalenia przyz\u0119bia. Wytyczne dotycz\u0105ce leczenia zapalenia przyz\u0119bia s\u0105 pierwszymi w dziedzinie stomatologii, kt\u00f3re przynios\u0105 korzy\u015bci zar\u00f3wno lekarzom, jak i leczonym przez nich pacjentom. PZWL Wydawnictwo Lekarskie jako pierwsze w Polsce wydaje opracowane wytyczne w formie publikacji ksi\u0105\u017ckowej. Publikacja zosta\u0142a przygotowana pod redakcj\u0105 naukow\u0105 konsultanta krajowego ds. periodontologii, prof. dr hab. n. med. Renaty G\u00f3rskiej.<\/p>\n","protected":false},"excerpt":{"rendered":"<p>Autor: Renata G\u00f3rska Redakcja: G\u00f3rska Renata Wydawca: PZWL Oprawa: Mi\u0119kka [&hellip;]<\/p>\n","protected":false},"featured_media":13843,"template":"","meta":[],"product_brand":[],"product_cat":[7493],"product_tag":[3994,5834],"class_list":{"0":"post-13842","1":"product","2":"type-product","3":"status-publish","4":"has-post-thumbnail","6":"product_cat-medycyna","7":"product_tag-medycyna","8":"product_tag-stomatologia","10":"first","11":"instock","12":"sale","13":"shipping-taxable","14":"purchasable","15":"product-type-simple"},"_links":{"self":[{"href":"https:\/\/ksiegarnia-akademicka.pl\/index.php\/wp-json\/wp\/v2\/product\/13842","targetHints":{"allow":["GET"]}}],"collection":[{"href":"https:\/\/ksiegarnia-akademicka.pl\/index.php\/wp-json\/wp\/v2\/product"}],"about":[{"href":"https:\/\/ksiegarnia-akademicka.pl\/index.php\/wp-json\/wp\/v2\/types\/product"}],"wp:featuredmedia":[{"embeddable":true,"href":"https:\/\/ksiegarnia-akademicka.pl\/index.php\/wp-json\/wp\/v2\/media\/13843"}],"wp:attachment":[{"href":"https:\/\/ksiegarnia-akademicka.pl\/index.php\/wp-json\/wp\/v2\/media?parent=13842"}],"wp:term":[{"taxonomy":"product_brand","embeddable":true,"href":"https:\/\/ksiegarnia-akademicka.pl\/index.php\/wp-json\/wp\/v2\/product_brand?post=13842"},{"taxonomy":"product_cat","embeddable":true,"href":"https:\/\/ksiegarnia-akademicka.pl\/index.php\/wp-json\/wp\/v2\/product_cat?post=13842"},{"taxonomy":"product_tag","embeddable":true,"href":"https:\/\/ksiegarnia-akademicka.pl\/index.php\/wp-json\/wp\/v2\/product_tag?post=13842"}],"curies":[{"name":"wp","href":"https:\/\/api.w.org\/{rel}","templated":true}]}}