{"id":13832,"date":"2021-02-03T08:59:14","date_gmt":"2021-02-03T07:59:14","guid":{"rendered":"http:\/\/ksiegarnia-akademicka.pl\/?post_type=product&#038;p=13832"},"modified":"2024-12-05T08:42:48","modified_gmt":"2024-12-05T07:42:48","slug":"dermatologia-w-praktyce","status":"publish","type":"product","link":"https:\/\/ksiegarnia-akademicka.pl\/index.php\/product\/dermatologia-w-praktyce\/","title":{"rendered":"Dermatologia w praktyce"},"content":{"rendered":"<p>Redakcja: B\u0142aszczyk-Kostanecka Maria, Wolska Hanna<br \/>\nWydawca: PZWL<br \/>\nOprawa: Mi\u0119kka<br \/>\nFormat: 16.5&#215;23.5cm<br \/>\nLiczba stron: 392<br \/>\nWydanie: 2<br \/>\nRok wydania: 2021<br \/>\nJ\u0119zyk wydania: polski<\/p>\n<p>Nowatorska publikacja, kt\u00f3ra \u0142\u0105czy opisy przypadk\u00f3w z przedstawieniem wybranych zagadnie\u0144 klinicznych, dostarczaj\u0105c umiej\u0119tno\u015bci diagnozowania i r\u00f3\u017cnicowania oraz leczenia om\u00f3wionych jednostek chorobowych.<\/p>\n<p>W ksi\u0105\u017cce tej autorzy po\u015bwi\u0119cili uwag\u0119:<\/p>\n<p>atopowemu zapaleniu sk\u00f3ry,<br \/>\n\u0142uszczycy,<br \/>\nodczynom i dermatozom polekowym,<br \/>\nbielactwu nabytemu,<br \/>\nspecyfice chor\u00f3b sk\u00f3ry wieku dzieci\u0119cego.<\/p>\n<p>Ksi\u0105\u017ck\u0119 napisano z my\u015bl\u0105 o specjalistach pracuj\u0105cych w przychodniach, gabinetach lekarskich oraz na oddzia\u0142ach szpitalnych i w klinikach. Zawarta w niej wiedza przyda si\u0119 w codziennej praktyce dermatologom oraz alergologom, pediatrom, lekarzom rodzinnym i rezydentom tych dziedzin.<\/p>\n<p>(\u2026) Ksi\u0105\u017cka \u201eDermatologia w praktyce\u201d pod redakcj\u0105 naukow\u0105 profesor dr hab. med. Magdaleny Czarneckiej-Operacz, eksperta w dermatologii i alergologii uznanego w ca\u0142ej Europie i na \u015bwiecie, jest niezwykle cenn\u0105 now\u0105 pozycj\u0105 w literaturze specjalistycznej. (\u2026) Ka\u017cdy z rozdzia\u0142\u00f3w zawiera informacje og\u00f3lne, omawia epidemiologi\u0119, obraz kliniczny, etiopatogenez\u0119, zaburzenia immunologiczne oraz ich znaczenie w rozwoju i przebiegu danej jednostki chorobowej oraz jej leczenie. Wszystkie te elementy s\u0105 om\u00f3wione na poziomie wsp\u00f3\u0142czesnej wiedzy w oparciu o najnowsze pi\u015bmiennictwo ostatnich lat. Warto\u015b\u0107 publikacji podnosz\u0105 opisy przypadk\u00f3w i bogata ikonografia dotycz\u0105ca diagnostyki r\u00f3\u017cnicowej. Bardzo dobrze, jasno i zrozumiale zaplanowane tabele klasyfikacji i podzia\u0142\u00f3w oraz ryciny pokazuj\u0105ce mechanizmy dr\u00f3g patogenetycznych porz\u0105dkuj\u0105 wiedz\u0119 z danego zakresu. (\u2026) Jestem g\u0142\u0119boko przekonany, \u017ce \u201eDermatologia w praktyce\u201d jest wyj\u0105tkow\u0105 publikacj\u0105 na naszym rynku medycznym, kt\u00f3ra spe\u0142ni oczekiwania i wymagania lekarzy praktyk\u00f3w oraz stanie si\u0119 pomoc\u0105 w podniesieniu ich kwalifikacji zawodowych. [Fragment z recenzji]<br \/>\nprof. dr. hab. med. Waldemar Placek, Katedra i Klinika Dermatologii, Chor\u00f3b Przenoszonych Drog\u0105 P\u0142ciow\u0105 i Immunologii Klinicznej Wydzia\u0142u Lekarskiego Collegium Medicum Uniwersytetu Warmi\u0144sko-Mazurskiego w Olsztynie<\/p>\n","protected":false},"excerpt":{"rendered":"<p>Redakcja: B\u0142aszczyk-Kostanecka Maria, Wolska Hanna Wydawca: PZWL Oprawa: Mi\u0119kka Format: [&hellip;]<\/p>\n","protected":false},"featured_media":13833,"template":"","meta":[],"product_brand":[],"product_cat":[7493],"product_tag":[2861,3994,6162],"class_list":{"0":"post-13832","1":"product","2":"type-product","3":"status-publish","4":"has-post-thumbnail","6":"product_cat-medycyna","7":"product_tag-dermatologia","8":"product_tag-medycyna","9":"product_tag-wenerologia","11":"first","12":"instock","13":"sale","14":"shipping-taxable","15":"purchasable","16":"product-type-simple"},"_links":{"self":[{"href":"https:\/\/ksiegarnia-akademicka.pl\/index.php\/wp-json\/wp\/v2\/product\/13832","targetHints":{"allow":["GET"]}}],"collection":[{"href":"https:\/\/ksiegarnia-akademicka.pl\/index.php\/wp-json\/wp\/v2\/product"}],"about":[{"href":"https:\/\/ksiegarnia-akademicka.pl\/index.php\/wp-json\/wp\/v2\/types\/product"}],"wp:featuredmedia":[{"embeddable":true,"href":"https:\/\/ksiegarnia-akademicka.pl\/index.php\/wp-json\/wp\/v2\/media\/13833"}],"wp:attachment":[{"href":"https:\/\/ksiegarnia-akademicka.pl\/index.php\/wp-json\/wp\/v2\/media?parent=13832"}],"wp:term":[{"taxonomy":"product_brand","embeddable":true,"href":"https:\/\/ksiegarnia-akademicka.pl\/index.php\/wp-json\/wp\/v2\/product_brand?post=13832"},{"taxonomy":"product_cat","embeddable":true,"href":"https:\/\/ksiegarnia-akademicka.pl\/index.php\/wp-json\/wp\/v2\/product_cat?post=13832"},{"taxonomy":"product_tag","embeddable":true,"href":"https:\/\/ksiegarnia-akademicka.pl\/index.php\/wp-json\/wp\/v2\/product_tag?post=13832"}],"curies":[{"name":"wp","href":"https:\/\/api.w.org\/{rel}","templated":true}]}}