{"id":13809,"date":"2021-02-01T09:36:12","date_gmt":"2021-02-01T08:36:12","guid":{"rendered":"http:\/\/ksiegarnia-akademicka.pl\/?post_type=product&#038;p=13809"},"modified":"2021-02-01T09:36:14","modified_gmt":"2021-02-01T08:36:14","slug":"metody-analizy-finansowej-przedsiebiorstwa","status":"publish","type":"product","link":"https:\/\/ksiegarnia-akademicka.pl\/index.php\/product\/metody-analizy-finansowej-przedsiebiorstwa\/","title":{"rendered":"Metody analizy finansowej przedsi\u0119biorstwa"},"content":{"rendered":"<p>Autor:<br \/>\nWiktor Gabrusewicz<br \/>\nWydawca: PWE<br \/>\nOprawa: Mi\u0119kka<br \/>\nLiczba stron: 306<br \/>\nRok wydania: 2019<br \/>\nJ\u0119zyk wydania: polski<\/p>\n<p>Ksi\u0105\u017cka zawiera syntetyczny opis poszczeg\u00f3lnych zagadnie\u0144 obj\u0119tych analiz\u0105 finansow\u0105 w przedsi\u0119biorstwie, a nast\u0119pnie ukazuje podstawowe metody analizy finansowej odnosz\u0105ce si\u0119 do rozpatrywanych zjawisk. Wsp\u00f3\u0142czesna analiza finansowa musi by\u0107 nie tylko analiz\u0105 retrospektywn\u0105, ale tak\u017ce prospektywn\u0105, dostarczaj\u0105c\u0105 podstaw do podj\u0119cia decyzji odnosz\u0105cych si\u0119 do przysz\u0142o\u015bci. Aby wykorzysta\u0107 w pe\u0142ni analiz\u0119 finansow\u0105, nale\u017cy dok\u0142adnie pozna\u0107 z\u0142o\u017cono\u015b\u0107 zjawisk wyst\u0119puj\u0105cych w przedsi\u0119biorstwie oraz w jego otoczeniu, a tak\u017ce naby\u0107 umiej\u0119tno\u015b\u0107 pos\u0142ugiwania si\u0119 metodami tej dyscypliny naukowej.<\/p>\n<p>Zawarto\u015b\u0107 ksi\u0105\u017cki uj\u0119to w kilku grupach problemowych:<\/p>\n<p>\u2022 teoretyczno-metodyczne aspekty analizy finansowej przedsi\u0119biorstwa,<br \/>\n\u2022 metody analizy zasob\u00f3w maj\u0105tkowych i kapita\u0142owych przedsi\u0119biorstwa,<br \/>\n\u2022 metody analizy kategorii strumieniowych, tj. przychod\u00f3w, koszt\u00f3w i wyniku finansowego,<br \/>\n\u2022 metody analizy wska\u017anikowej,<br \/>\n\u2022 syntetyczne podej\u015bcie analizy finansowej do oceny zdolno\u015bci przedsi\u0119biorstwa do rozwoju.<\/p>\n<p>Ksi\u0105\u017cka znajdzie szerokie zastosowanie na studiach stacjonarnych wy\u017cszych szk\u00f3\u0142 zawodowych i uczelni akademickich. Ze wzgl\u0119du na przyst\u0119pny spos\u00f3b prezentowania zagadnie\u0144 mo\u017ce by\u0107 pomocna studentom studi\u00f3w zaocznych w pog\u0142\u0119bianiu wiedzy. Mog\u0105 z niej korzysta\u0107 r\u00f3wnie\u017c praktycy, ksi\u0119gowi i finansi\u015bci uczestnicz\u0105cy w r\u00f3\u017cnych formach szkolenia zawodowego albo samodzielnie podnosz\u0105cy poziom swojej wiedzy.<\/p>\n","protected":false},"excerpt":{"rendered":"<p>Autor: Wiktor Gabrusewicz Wydawca: PWE Oprawa: Mi\u0119kka Liczba stron: 306 [&hellip;]<\/p>\n","protected":false},"featured_media":13810,"template":"","meta":[],"product_brand":[],"product_cat":[7516,31,23],"product_tag":[8090,1496],"class_list":{"0":"post-13809","1":"product","2":"type-product","3":"status-publish","4":"has-post-thumbnail","6":"product_cat-finanse-przedsiebiorstwa","7":"product_cat-przedsiebiorstwo","8":"product_cat-rachunkowosc","9":"product_tag-analiza-finansowa-przedsiebiorstwa","10":"product_tag-rachunkowosc","12":"first","13":"instock","14":"sale","15":"shipping-taxable","16":"purchasable","17":"product-type-simple"},"_links":{"self":[{"href":"https:\/\/ksiegarnia-akademicka.pl\/index.php\/wp-json\/wp\/v2\/product\/13809","targetHints":{"allow":["GET"]}}],"collection":[{"href":"https:\/\/ksiegarnia-akademicka.pl\/index.php\/wp-json\/wp\/v2\/product"}],"about":[{"href":"https:\/\/ksiegarnia-akademicka.pl\/index.php\/wp-json\/wp\/v2\/types\/product"}],"wp:featuredmedia":[{"embeddable":true,"href":"https:\/\/ksiegarnia-akademicka.pl\/index.php\/wp-json\/wp\/v2\/media\/13810"}],"wp:attachment":[{"href":"https:\/\/ksiegarnia-akademicka.pl\/index.php\/wp-json\/wp\/v2\/media?parent=13809"}],"wp:term":[{"taxonomy":"product_brand","embeddable":true,"href":"https:\/\/ksiegarnia-akademicka.pl\/index.php\/wp-json\/wp\/v2\/product_brand?post=13809"},{"taxonomy":"product_cat","embeddable":true,"href":"https:\/\/ksiegarnia-akademicka.pl\/index.php\/wp-json\/wp\/v2\/product_cat?post=13809"},{"taxonomy":"product_tag","embeddable":true,"href":"https:\/\/ksiegarnia-akademicka.pl\/index.php\/wp-json\/wp\/v2\/product_tag?post=13809"}],"curies":[{"name":"wp","href":"https:\/\/api.w.org\/{rel}","templated":true}]}}