{"id":13761,"date":"2021-01-13T12:46:25","date_gmt":"2021-01-13T11:46:25","guid":{"rendered":"http:\/\/ksiegarnia-akademicka.pl\/?post_type=product&#038;p=13761"},"modified":"2021-01-13T12:46:26","modified_gmt":"2021-01-13T11:46:26","slug":"algorytmy-diagnostyki-stanu-ostrza","status":"publish","type":"product","link":"https:\/\/ksiegarnia-akademicka.pl\/index.php\/product\/algorytmy-diagnostyki-stanu-ostrza\/","title":{"rendered":"Algorytmy diagnostyki stanu ostrza"},"content":{"rendered":"<p>Sebastian Bombi\u0144ski<br \/>\nWydawnictwo UTH<br \/>\nRadom 2020,<br \/>\nwyd. I,<br \/>\nstr. 160<br \/>\n(monografia)<\/p>\n<p>Monografia zawiera zestaw algorytm\u00f3w umo\u017cliwiaj\u0105cych wyznaczanie miar sygna\u0142\u00f3w i ich integracji, Powoduje to radykaln\u0105 popraw\u0119 jako\u015bci dzia\u0142ania uk\u0142adu DSN, prac\u0119 uk\u0142adu udzia\u0142em operatora ograniczonym do minimum, z ni\u017cszym odsetkiem brak\u00f3w spowodowanych prac\u0119 st\u0119pionym narz\u0119dziami i pe\u0142niejszym wykorzystaniem ostrzy. Opracowane algorytmy dotycz\u0105: wykrywanie katastroficznego st\u0119pienia ostrza, wykrywanie przy\u015bpieszonego zu\u017cycia ostrza i oszacowanie zu\u017cycia ostrza.<\/p>\n","protected":false},"excerpt":{"rendered":"<p>Sebastian Bombi\u0144ski Wydawnictwo UTH Radom 2020, wyd. I, str. 160 [&hellip;]<\/p>\n","protected":false},"featured_media":13762,"template":"","meta":[],"product_brand":[],"product_cat":[7524,43],"product_tag":[85,1871],"class_list":{"0":"post-13761","1":"product","2":"type-product","3":"status-publish","4":"has-post-thumbnail","6":"product_cat-mechanika-i-budowa-maszyn","7":"product_cat-wydawnictwo-uth","8":"product_tag-diagnostyka","9":"product_tag-mechanika","11":"first","12":"instock","13":"shipping-taxable","14":"purchasable","15":"product-type-simple"},"_links":{"self":[{"href":"https:\/\/ksiegarnia-akademicka.pl\/index.php\/wp-json\/wp\/v2\/product\/13761","targetHints":{"allow":["GET"]}}],"collection":[{"href":"https:\/\/ksiegarnia-akademicka.pl\/index.php\/wp-json\/wp\/v2\/product"}],"about":[{"href":"https:\/\/ksiegarnia-akademicka.pl\/index.php\/wp-json\/wp\/v2\/types\/product"}],"wp:featuredmedia":[{"embeddable":true,"href":"https:\/\/ksiegarnia-akademicka.pl\/index.php\/wp-json\/wp\/v2\/media\/13762"}],"wp:attachment":[{"href":"https:\/\/ksiegarnia-akademicka.pl\/index.php\/wp-json\/wp\/v2\/media?parent=13761"}],"wp:term":[{"taxonomy":"product_brand","embeddable":true,"href":"https:\/\/ksiegarnia-akademicka.pl\/index.php\/wp-json\/wp\/v2\/product_brand?post=13761"},{"taxonomy":"product_cat","embeddable":true,"href":"https:\/\/ksiegarnia-akademicka.pl\/index.php\/wp-json\/wp\/v2\/product_cat?post=13761"},{"taxonomy":"product_tag","embeddable":true,"href":"https:\/\/ksiegarnia-akademicka.pl\/index.php\/wp-json\/wp\/v2\/product_tag?post=13761"}],"curies":[{"name":"wp","href":"https:\/\/api.w.org\/{rel}","templated":true}]}}