{"id":13752,"date":"2021-01-07T09:02:58","date_gmt":"2021-01-07T08:02:58","guid":{"rendered":"http:\/\/ksiegarnia-akademicka.pl\/?post_type=product&#038;p=13752"},"modified":"2024-12-05T08:28:19","modified_gmt":"2024-12-05T07:28:19","slug":"wiktymologia-spoleczna","status":"publish","type":"product","link":"https:\/\/ksiegarnia-akademicka.pl\/index.php\/product\/wiktymologia-spoleczna\/","title":{"rendered":"Wiktymologia spo\u0142eczna"},"content":{"rendered":"<p>Autor:<br \/>\nBrunon Ho\u0142yst<br \/>\nWydawca: Wydawnictwo Naukowe PWN<br \/>\nOprawa: Mi\u0119kka<br \/>\nFormat: 16.5&#215;23.5cm<br \/>\nLiczba stron: 874<br \/>\nWydanie: 1<br \/>\nRok wydania: 2021<br \/>\nJ\u0119zyk wydania: polski<\/p>\n<p>Wiktymologi\u0119 interesuj\u0105 wszelkie zjawiska powoduj\u0105ce nier\u00f3wno\u015bci spo\u0142eczne, pokrzywdzenie spo\u0142ecze\u0144stw czy jednostki ludzkiej, w tym przedmiotem jej bada\u0144 jest zar\u00f3wno globalizacja, powoduj\u0105ca zmniejszenie nier\u00f3wno\u015bci spo\u0142eczno-gospodarczych i popraw\u0119 bytu ludno\u015bci, jak i sfera poruszana przez przeciwnik\u00f3w globalizacji, m\u00f3wi\u0105ca o pogorszeniu i zagro\u017ceniu jako\u015bci \u017cycia i o wynikaj\u0105cych z tego ro\u017cnych formach pokrzywdzenia cz\u0142owieka. Niniejsza praca nie wyczerpuje bogatej problematyki wiktymologii. Zawiera jednak analiz\u0119 i ocen\u0119 tych problem\u00f3w, kt\u00f3re w wymiarze jednostkowym i spo\u0142ecznym sta\u0142y si\u0119 zagro\u017ceniami na prze\u0142omie tysi\u0105cleci. Dla rozwoju wiktymologii jako ruchu spo\u0142ecznego wa\u017cne jest wdra\u017canie wynik\u00f3w bada\u0144 wiktymologicznych. W najbli\u017cszym czasie powinna wi\u0119c wzrasta\u0107 profilaktyczna funkcja wiktymologii, na co zwr\u00f3cono uwag\u0119 w kolejnych rozdzia\u0142ach ksi\u0105\u017cki, b\u0119d\u0105cej holistycznym opracowaniem obejmuj\u0105cym wszelkie aspekty wsp\u00f3\u0142czesnej wiktymologii.<br \/>\nOpracowanie naukowe Profesora Brunona Ho\u0142ysta to wybitna praca ukazuj\u0105ca horyzont to\u017csamo\u015bci cz\u0142owieka i przyrody z punktu widzenia zachowania gatunku ludzkiego. Na poziomie \u015bwiata obiekt\u00f3w, zmys\u0142\u00f3w i my\u015bli zosta\u0142a zaprezentowana problematyka bezpiecze\u0144stwa rodu ludzkiego, kt\u00f3re jest rozumiane jako zgodno\u015b\u0107 idea\u0142\u00f3w \u2013 \u015bwiata warto\u015bci \u2013 jednostki, wsp\u00f3lnoty oraz kultury i cywilizacji. Autor ukaza\u0142 najistotniejsze zagro\u017cenia cywilizacyjne dla dobra wsp\u00f3lnego, proponuj\u0105c dzia\u0142ania profilaktyczno-prewencyjne maj\u0105ce na celu ograniczenie przemocy strukturalnej i dochodzenie do spo\u0142ecze\u0144stwa sprawiedliwego.<br \/>\nprof. zw. dr hab. Andrzej Ba\u0142andynowicz (z recenzji)<br \/>\nKolejne dzie\u0142o Profesora Brunona Ho\u0142ysta budzi podziw z racji wielop\u0142aszczyznowego i wielopoziomowego uj\u0119cia problemu wiktymologii. Stanowi ono rezultat interdyscyplinarnej wiedzy Autora, w tym tak\u017ce filozoficznej. Profesor Brunon Ho\u0142yst wyja\u015bnia, \u017ce w\u0142a\u015bciwie ka\u017cda dzia\u0142alno\u015b\u0107 cz\u0142owieka mo\u017ce mie\u0107 implikacje wiktymizacyjne. Zagro\u017cenia s\u0105 nie tylko zewn\u0119trzne, lecz tak\u017ce wewn\u0119trzne, p\u0142yn\u0105ce z niepo\u017c\u0105danych zmian w psychice cz\u0142owieka.<br \/>\nprof. zw. dr hab. Maria Szyszkowska (z recenzji)<\/p>\n","protected":false},"excerpt":{"rendered":"<p>Autor: Brunon Ho\u0142yst Wydawca: Wydawnictwo Naukowe PWN Oprawa: Mi\u0119kka Format: [&hellip;]<\/p>\n","protected":false},"featured_media":13753,"template":"","meta":[],"product_brand":[],"product_cat":[7490,27,18,7508],"product_tag":[296,246,1863],"class_list":{"0":"post-13752","1":"product","2":"type-product","3":"status-publish","4":"has-post-thumbnail","6":"product_cat-karne","7":"product_cat-nauki-spoleczne","8":"product_cat-prawo","9":"product_cat-socjologia","10":"product_tag-prawo-karne","11":"product_tag-socjologia","12":"product_tag-wiktymologia","14":"first","15":"instock","16":"sale","17":"shipping-taxable","18":"purchasable","19":"product-type-simple"},"_links":{"self":[{"href":"https:\/\/ksiegarnia-akademicka.pl\/index.php\/wp-json\/wp\/v2\/product\/13752","targetHints":{"allow":["GET"]}}],"collection":[{"href":"https:\/\/ksiegarnia-akademicka.pl\/index.php\/wp-json\/wp\/v2\/product"}],"about":[{"href":"https:\/\/ksiegarnia-akademicka.pl\/index.php\/wp-json\/wp\/v2\/types\/product"}],"wp:featuredmedia":[{"embeddable":true,"href":"https:\/\/ksiegarnia-akademicka.pl\/index.php\/wp-json\/wp\/v2\/media\/13753"}],"wp:attachment":[{"href":"https:\/\/ksiegarnia-akademicka.pl\/index.php\/wp-json\/wp\/v2\/media?parent=13752"}],"wp:term":[{"taxonomy":"product_brand","embeddable":true,"href":"https:\/\/ksiegarnia-akademicka.pl\/index.php\/wp-json\/wp\/v2\/product_brand?post=13752"},{"taxonomy":"product_cat","embeddable":true,"href":"https:\/\/ksiegarnia-akademicka.pl\/index.php\/wp-json\/wp\/v2\/product_cat?post=13752"},{"taxonomy":"product_tag","embeddable":true,"href":"https:\/\/ksiegarnia-akademicka.pl\/index.php\/wp-json\/wp\/v2\/product_tag?post=13752"}],"curies":[{"name":"wp","href":"https:\/\/api.w.org\/{rel}","templated":true}]}}