{"id":13736,"date":"2020-12-17T09:50:34","date_gmt":"2020-12-17T08:50:34","guid":{"rendered":"http:\/\/ksiegarnia-akademicka.pl\/?post_type=product&#038;p=13736"},"modified":"2020-12-17T09:50:35","modified_gmt":"2020-12-17T08:50:35","slug":"partnerstwo-publiczno-prywatne-jako-metoda-ekonomizacji-dostarczania-dobr-publicznych-w-ujeciu-porownawczym","status":"publish","type":"product","link":"https:\/\/ksiegarnia-akademicka.pl\/index.php\/product\/partnerstwo-publiczno-prywatne-jako-metoda-ekonomizacji-dostarczania-dobr-publicznych-w-ujeciu-porownawczym\/","title":{"rendered":"Partnerstwo publiczno-prywatne jako metoda ekonomizacji dostarczania d\u00f3br publicznych w uj\u0119ciu por\u00f3wnawczym"},"content":{"rendered":"<p>Autor:<br \/>\nKargol-Wasiluk Aneta<br \/>\nWydawca: CeDeWu<br \/>\nOprawa: Mi\u0119kka<br \/>\nFormat: 16.5&#215;23.5cm<br \/>\nLiczba stron: 194<br \/>\nRok wydania: 2020<br \/>\nJ\u0119zyk wydania: polski<br \/>\nCi\u0119\u017car: 0,32 kg<\/p>\n<p>W ksi\u0105\u017cce dokonano analizy teorii d\u00f3br publicznych, szczeg\u00f3\u0142owo om\u00f3wiono teoretyczne modele partnerstwa publiczno-prywatnego (PPP), a tak\u017ce odniesiono si\u0119 do rozwoju partnerstwa publiczno-prywatnego w Europie, opisuj\u0105c m.in. do\u015bwiadczenia z udzia\u0142u w wizytach studyjnych w Wielkiej Brytanii, Niemczech i Francji.<\/p>\n<p>W\u015br\u00f3d zagadnie\u0144 m.in.:<br \/>\n\u2022 mo\u017cliwo\u015b\u0107 ekonomizacji dostarczania d\u00f3br publicznych poprzez zastosowanie partnerstwa publiczno-prywatnego.<br \/>\n\u2022 mo\u017cliwo\u015b\u0107 zwi\u0119kszania finansowania d\u00f3br publicznych oraz przyczyniania si\u0119 do zaspokojenia<br \/>\npotrzeb obywateli na wy\u017cszym poziomie poprzez wykorzystywanie partnerstwa publiczno-prywatnego.<br \/>\n\u2022 kwestie zwi\u0105zane z poszerzaniem zapotrzebowania na r\u00f3\u017cne formy partnerstwa publiczno-prywatnego dzi\u0119ki rozwojowi integracji europejskiej.<\/p>\n","protected":false},"excerpt":{"rendered":"<p>Autor: Kargol-Wasiluk Aneta Wydawca: CeDeWu Oprawa: Mi\u0119kka Format: 16.5&#215;23.5cm Liczba [&hellip;]<\/p>\n","protected":false},"featured_media":13737,"template":"","meta":[],"product_brand":[],"product_cat":[19,7500],"product_tag":[472,757],"class_list":{"0":"post-13736","1":"product","2":"type-product","3":"status-publish","4":"has-post-thumbnail","6":"product_cat-finanse-i-prawo-finansowe","7":"product_cat-finanse-publiczne","8":"product_tag-finanse-publiczne","9":"product_tag-partnerstwo-publiczno-prywatne","11":"first","12":"instock","13":"sale","14":"shipping-taxable","15":"purchasable","16":"product-type-simple"},"_links":{"self":[{"href":"https:\/\/ksiegarnia-akademicka.pl\/index.php\/wp-json\/wp\/v2\/product\/13736","targetHints":{"allow":["GET"]}}],"collection":[{"href":"https:\/\/ksiegarnia-akademicka.pl\/index.php\/wp-json\/wp\/v2\/product"}],"about":[{"href":"https:\/\/ksiegarnia-akademicka.pl\/index.php\/wp-json\/wp\/v2\/types\/product"}],"wp:featuredmedia":[{"embeddable":true,"href":"https:\/\/ksiegarnia-akademicka.pl\/index.php\/wp-json\/wp\/v2\/media\/13737"}],"wp:attachment":[{"href":"https:\/\/ksiegarnia-akademicka.pl\/index.php\/wp-json\/wp\/v2\/media?parent=13736"}],"wp:term":[{"taxonomy":"product_brand","embeddable":true,"href":"https:\/\/ksiegarnia-akademicka.pl\/index.php\/wp-json\/wp\/v2\/product_brand?post=13736"},{"taxonomy":"product_cat","embeddable":true,"href":"https:\/\/ksiegarnia-akademicka.pl\/index.php\/wp-json\/wp\/v2\/product_cat?post=13736"},{"taxonomy":"product_tag","embeddable":true,"href":"https:\/\/ksiegarnia-akademicka.pl\/index.php\/wp-json\/wp\/v2\/product_tag?post=13736"}],"curies":[{"name":"wp","href":"https:\/\/api.w.org\/{rel}","templated":true}]}}