{"id":1372,"date":"2018-05-22T12:43:31","date_gmt":"2018-05-22T10:43:31","guid":{"rendered":"http:\/\/ksiegarnia-akademicka.pl\/index.php\/product\/w-co-graja-ludzie-psychologia-stosunkow-miedzyludzkich\/"},"modified":"2022-11-09T13:06:04","modified_gmt":"2022-11-09T12:06:04","slug":"w-co-graja-ludzie-psychologia-stosunkow-miedzyludzkich","status":"publish","type":"product","link":"https:\/\/ksiegarnia-akademicka.pl\/index.php\/product\/w-co-graja-ludzie-psychologia-stosunkow-miedzyludzkich\/","title":{"rendered":"W co graj\u0105 ludzie. Psychologia stosunk\u00f3w miedzyludzkich"},"content":{"rendered":"<p>Autor:<br \/>\nEric Berne<br \/>\nT\u0142umacze: Izdebski Pawe\u0142<br \/>\nWydawca: Wydawnictwo Naukowe PWN<br \/>\nOprawa: Mi\u0119kka<br \/>\nFormat: 14.0&#215;20.0cm<br \/>\nLiczba stron: 158<br \/>\nWydanie: 5<br \/>\nRok wydania: 2022<br \/>\nJ\u0119zyk wydania: polski<\/p>\n<p>\u015awiatowy bestseller przet\u0142umaczony na kilkadziesi\u0105t j\u0119zyk\u00f3w!<\/p>\n<p>Ksi\u0105\u017cka znanego psychiatry ameryka\u0144skiego o wielkich walorach dydaktycznych. Przedstawia zagadnienie stosunk\u00f3w mi\u0119dzyludzkich w kategoriach tzw. analizy transakcyjnej. Omawia typowe sytuacje spo\u0142eczne, ujmuj\u0105c je w konwencji &#8222;gier&#8221;. Uczy sposob\u00f3w poprawy wzajemnych kontakt\u00f3w mi\u0119dzy lud\u017ami, pozwalaj\u0105c czytelnikowi lepiej zrozumie\u0107 zar\u00f3wno siebie, jak i drugiego cz\u0142owieka.<br \/>\nW ksi\u0105\u017cce przedstawiono 30 typowych sytuacji spo\u0142ecznych, analizuj\u0105c je w konwencji tzw. &#8222;gier&#8221;.<\/p>\n<p>Pozycja sk\u0142ada si\u0119 z 3 cz\u0119\u015bci:<br \/>\n* cz\u0119\u015b\u0107 1 zawiera teori\u0119 potrzebn\u0105 do analizy i jasnego zrozumienia gier,<br \/>\n* cz\u0119\u015b\u0107 2 prezentuje opisy poszczeg\u00f3lnych gier,<br \/>\n* cz\u0119\u015b\u0107 3 mie\u015bci w sobie materia\u0142 kliniczny i teoretyczny, kt\u00f3ry pozwala zrozumie\u0107, co znaczy by\u0107 wolnym od gry.<\/p>\n<p>Obecne, pi\u0105te wydanie pracy, zawiera zmiany w terminologii i uj\u0119ciu tematu, oparte na g\u0142\u0119bszych przemy\u015bleniach autora, dalszych lekturach oraz nowym materiale klinicznym. Pozycja stanowi interesuj\u0105c\u0105 lektur\u0119 przede wszystkim dla psycholog\u00f3w, terapeut\u00f3w i pedagog\u00f3w.<\/p>\n","protected":false},"excerpt":{"rendered":"<p>Autor: Eric Berne T\u0142umacze: Izdebski Pawe\u0142 Wydawca: Wydawnictwo Naukowe PWN [&hellip;]<\/p>\n","protected":false},"featured_media":15730,"template":"","meta":[],"product_brand":[],"product_cat":[27,7509],"product_tag":[1186,1659],"class_list":{"0":"post-1372","1":"product","2":"type-product","3":"status-publish","4":"has-post-thumbnail","6":"product_cat-nauki-spoleczne","7":"product_cat-psychologia","8":"product_tag-psychologia","9":"product_tag-psychoterapia","11":"first","12":"instock","13":"sale","14":"shipping-taxable","15":"purchasable","16":"product-type-simple"},"_links":{"self":[{"href":"https:\/\/ksiegarnia-akademicka.pl\/index.php\/wp-json\/wp\/v2\/product\/1372","targetHints":{"allow":["GET"]}}],"collection":[{"href":"https:\/\/ksiegarnia-akademicka.pl\/index.php\/wp-json\/wp\/v2\/product"}],"about":[{"href":"https:\/\/ksiegarnia-akademicka.pl\/index.php\/wp-json\/wp\/v2\/types\/product"}],"wp:featuredmedia":[{"embeddable":true,"href":"https:\/\/ksiegarnia-akademicka.pl\/index.php\/wp-json\/wp\/v2\/media\/15730"}],"wp:attachment":[{"href":"https:\/\/ksiegarnia-akademicka.pl\/index.php\/wp-json\/wp\/v2\/media?parent=1372"}],"wp:term":[{"taxonomy":"product_brand","embeddable":true,"href":"https:\/\/ksiegarnia-akademicka.pl\/index.php\/wp-json\/wp\/v2\/product_brand?post=1372"},{"taxonomy":"product_cat","embeddable":true,"href":"https:\/\/ksiegarnia-akademicka.pl\/index.php\/wp-json\/wp\/v2\/product_cat?post=1372"},{"taxonomy":"product_tag","embeddable":true,"href":"https:\/\/ksiegarnia-akademicka.pl\/index.php\/wp-json\/wp\/v2\/product_tag?post=1372"}],"curies":[{"name":"wp","href":"https:\/\/api.w.org\/{rel}","templated":true}]}}