{"id":13717,"date":"2020-12-17T09:16:26","date_gmt":"2020-12-17T08:16:26","guid":{"rendered":"http:\/\/ksiegarnia-akademicka.pl\/?post_type=product&#038;p=13717"},"modified":"2024-12-05T08:28:55","modified_gmt":"2024-12-05T07:28:55","slug":"family-office-teoria-i-praktyka-dzialania-na-rynkach-polskim-i-miedzynarodowym","status":"publish","type":"product","link":"https:\/\/ksiegarnia-akademicka.pl\/index.php\/product\/family-office-teoria-i-praktyka-dzialania-na-rynkach-polskim-i-miedzynarodowym\/","title":{"rendered":"Family Office Teoria i praktyka dzia\u0142ania na rynkach polskim i mi\u0119dzynarodowym"},"content":{"rendered":"<p>Autor:<br \/>\nTomasz Sosnowski<br \/>\nMa\u0142gorzata Janicka<br \/>\nWydawca: Wydawnictwo Naukowe PWN<br \/>\nOprawa: Mi\u0119kka<br \/>\nFormat: 16.5&#215;23.5cm<br \/>\nLiczba stron: 246<br \/>\nWydanie: 1<br \/>\nRok wydania: 2020<br \/>\nJ\u0119zyk wydania: polski<\/p>\n<p>Family Office to podmioty \u015bwiadcz\u0105ce us\u0142ugi mi\u0119dzypokoleniowego, kompleksowego zarz\u0105dzania maj\u0105tkiem zamo\u017cnych rodzin, zabezpieczaj\u0105ce tak\u017ce realizacj\u0119 osobistych potrzeb cz\u0142onk\u00f3w rodziny.<br \/>\nPublikacja przeznaczona jest dla szerokiego grona odbiorc\u00f3w, zawarte w niej tre\u015bci mog\u0105 w szczeg\u00f3lno\u015bci zainteresowa\u0107 osoby prowadz\u0105ce firmy rodzinne, a tak\u017ce osoby pracuj\u0105ce w podmiotach \u015bwiadcz\u0105cych us\u0142ugi na rzecz zamo\u017cnych klient\u00f3w, takich jak firmy consultingowe, banki i inne wyspecjalizowane instytucje finansowe. Bez w\u0105tpienia b\u0119dzie to r\u00f3wnie\u017c ciekawa lektura dla wszystkich os\u00f3b zainteresowanych innowacyjnymi rozwi\u0105zaniami na rynku finansowym, zw\u0142aszcza student\u00f3w i pracownik\u00f3w naukowych jednostek badawczych.<br \/>\nKsi\u0105\u017cka jest znakomitym kompendium wiedzy z problematyki stosunkowo ma\u0142o znanej w Polsce. Istotn\u0105 jej zalet\u0105 wydaje si\u0119 to, \u017ce nie tylko pokazuje r\u00f3\u017cne mo\u017cliwe rozwi\u0105zania problem\u00f3w, zar\u00f3wno bie\u017c\u0105cych, jak i systemowych, jakie wyst\u0119puj\u0105 w funkcjonowaniu firm rodzinnych, lecz tak\u017ce charakteryzuje sposoby zapobiegania zagro\u017ceniom zwi\u0105zanym z utrzymaniem i ochron\u0105 ich maj\u0105tku.<br \/>\nprof. dr hab. Leokadia Or\u0119ziak (z recenzji)<br \/>\nJest to jedno z pierwszych na polskim rynku kompleksowych opracowa\u0144 dotycz\u0105cych zagadnie\u0144 rynku us\u0142ug Family Office, sk\u0105din\u0105d jeszcze niszowego, ale dynamicznie si\u0119 rozwijaj\u0105cego w miar\u0119 wzrostu zamo\u017cno\u015bci spo\u0142ecze\u0144stw.<br \/>\nprof. dr hab. S\u0142awomir I. Bukowski (z recenzji)<br \/>\nKsi\u0105\u017ck\u0119 t\u0119 traktuj\u0119 jako polskie naukowe otwarcie w obszarze tematyki Family Office. Jestem pod wra\u017ceniem pracy autor\u00f3w, kt\u00f3rzy podj\u0119li si\u0119 opracowania zagadnienia b\u0119d\u0105cego na pocz\u0105tkowym etapie rozwoju w Polsce. Publikacj\u0119 polecam przede wszystkim w\u0142a\u015bcicielom maj\u0105tk\u00f3w rodzinnych, kt\u00f3rzy musz\u0105 zmierzy\u0107 si\u0119 z d\u0142ugoterminow\u0105 strategi\u0105 zarz\u0105dzania oraz sukcesj\u0105.<br \/>\nMicha\u0142 Zawisza, Partner Zarz\u0105dzaj\u0105cy<\/p>\n","protected":false},"excerpt":{"rendered":"<p>Autor: Tomasz Sosnowski Ma\u0142gorzata Janicka Wydawca: Wydawnictwo Naukowe PWN Oprawa: [&hellip;]<\/p>\n","protected":false},"featured_media":13718,"template":"","meta":[],"product_brand":[],"product_cat":[7516,7511,7518,31,30,7515],"product_tag":[1292,1290,541],"class_list":{"0":"post-13717","1":"product","2":"type-product","3":"status-publish","4":"has-post-thumbnail","6":"product_cat-finanse-przedsiebiorstwa","7":"product_cat-kierowanie-i-zarzadzanie","8":"product_cat-przedsiebiorczosc","9":"product_cat-przedsiebiorstwo","10":"product_cat-zarzadzanie","11":"product_cat-zarzadzanie-przedsiebiorstwem","12":"product_tag-organizacja","13":"product_tag-przedsiebiorczosc","14":"product_tag-zarzadzanie","16":"first","17":"instock","18":"sale","19":"shipping-taxable","20":"purchasable","21":"product-type-simple"},"_links":{"self":[{"href":"https:\/\/ksiegarnia-akademicka.pl\/index.php\/wp-json\/wp\/v2\/product\/13717","targetHints":{"allow":["GET"]}}],"collection":[{"href":"https:\/\/ksiegarnia-akademicka.pl\/index.php\/wp-json\/wp\/v2\/product"}],"about":[{"href":"https:\/\/ksiegarnia-akademicka.pl\/index.php\/wp-json\/wp\/v2\/types\/product"}],"wp:featuredmedia":[{"embeddable":true,"href":"https:\/\/ksiegarnia-akademicka.pl\/index.php\/wp-json\/wp\/v2\/media\/13718"}],"wp:attachment":[{"href":"https:\/\/ksiegarnia-akademicka.pl\/index.php\/wp-json\/wp\/v2\/media?parent=13717"}],"wp:term":[{"taxonomy":"product_brand","embeddable":true,"href":"https:\/\/ksiegarnia-akademicka.pl\/index.php\/wp-json\/wp\/v2\/product_brand?post=13717"},{"taxonomy":"product_cat","embeddable":true,"href":"https:\/\/ksiegarnia-akademicka.pl\/index.php\/wp-json\/wp\/v2\/product_cat?post=13717"},{"taxonomy":"product_tag","embeddable":true,"href":"https:\/\/ksiegarnia-akademicka.pl\/index.php\/wp-json\/wp\/v2\/product_tag?post=13717"}],"curies":[{"name":"wp","href":"https:\/\/api.w.org\/{rel}","templated":true}]}}