{"id":13715,"date":"2020-12-17T09:11:10","date_gmt":"2020-12-17T08:11:10","guid":{"rendered":"http:\/\/ksiegarnia-akademicka.pl\/?post_type=product&#038;p=13715"},"modified":"2020-12-17T09:11:10","modified_gmt":"2020-12-17T08:11:10","slug":"antykruchosc-jak-zyc-w-swiecie-ktorego-nie-rozumiemy","status":"publish","type":"product","link":"https:\/\/ksiegarnia-akademicka.pl\/index.php\/product\/antykruchosc-jak-zyc-w-swiecie-ktorego-nie-rozumiemy\/","title":{"rendered":"Antykrucho\u015b\u0107 Jak \u017cy\u0107 w \u015bwiecie, kt\u00f3rego nie rozumiemy"},"content":{"rendered":"<p>Autor:<br \/>\nNassim Nicholas Taleb<br \/>\nT\u0142umacze: Siara Olga<br \/>\nWydawca: Zysk i S-ka<br \/>\nOprawa: Mi\u0119kka<br \/>\nFormat: 14.5&#215;21.5cm<br \/>\nLiczba stron: 700<br \/>\nWydanie: 1<br \/>\nRok wydania: 2020<br \/>\nJ\u0119zyk wydania: polski<\/p>\n<p>Antykrucho\u015b\u0107 pokazuje, jak \u017cy\u0107 w \u015bwiecie Czarnych \u0141ab\u0119dzi&#8230;<br \/>\nD\u0142ugookresowe strategie obecnie ju\u017c nie dzia\u0142aj\u0105 \u2013 tak\u0105 tez\u0119 stawia Nassim Nicholas Taleb. W dzisiejszym \u015bwiecie przewa\u017ca to, co nieznane, przypadkowe i zmienne, co autor b\u0142yskotliwie opisa\u0142 w swoim \u015bwiatowym bestsellerze Czarny \u0141ab\u0119d\u017a. Jak wi\u0119c przetrwa\u0107 w tej niepewno\u015bci, oswoi\u0107 nieobliczalno\u015b\u0107 zjawisk i chaos, a nawet na tym wygra\u0107?<br \/>\nOdpowiadaj\u0105c na te pytania w swojej erudycyjnej i dowcipnej ksi\u0105\u017cce Taleb dotyka najwa\u017cniejszych dylemat\u00f3w gospodarki, biznesu, \u017cycia spo\u0142ecznego w XXI wieku. Po pot\u0119\u017cnym krachu finansowym w 2008 roku, w trakcie najwi\u0119kszego w historii kryzysu d\u0142ugu w Europie, Taleb uspokaja: \u201eNiekt\u00f3rym rzeczom s\u0142u\u017c\u0105 wstrz\u0105sy; rozwijaj\u0105 si\u0119 i rozkwitaj\u0105 pod wp\u0142ywem zmienno\u015bci, przypadkowo\u015bci, nie\u0142adu i stresu; przygody, ryzyko i niepewno\u015b\u0107 to ich \u017cywio\u0142\u201d. Te rzeczy nazywa antykruchymi. Potem b\u0142yskotliwie i z pasj\u0105 wykorzystuje poj\u0119cie antykrucho\u015bci do wyja\u015bnienia, jak dzi\u015b postrzega\u0107 rzeczywisto\u015b\u0107, istnie\u0107 w \u015bwiecie, podchodzi\u0107 do podejmowania decyzji.<br \/>\nAntykrucho\u015b\u0107 to lektura prowokacyjna, intryguj\u0105ca i inspiruj\u0105ca. \u015awietna ksi\u0105\u017cka dla tych, kt\u00f3rzy s\u0105 gotowi spojrze\u0107 z zupe\u0142nie nowej perspektywy na swoje decyzje, inwestycje, przedsi\u0119wzi\u0119cia biznesowe, \u017cycie prywatne. To tak\u017ce wielka, znakomicie napisana pochwa\u0142a przedsi\u0119biorczo\u015bci.<\/p>\n","protected":false},"excerpt":{"rendered":"<p>Autor: Nassim Nicholas Taleb T\u0142umacze: Siara Olga Wydawca: Zysk i [&hellip;]<\/p>\n","protected":false},"featured_media":13716,"template":"","meta":[],"product_brand":[],"product_cat":[7511,30],"product_tag":[1902,1290],"class_list":{"0":"post-13715","1":"product","2":"type-product","3":"status-publish","4":"has-post-thumbnail","6":"product_cat-kierowanie-i-zarzadzanie","7":"product_cat-zarzadzanie","8":"product_tag-organizacja-i-zarzadzanie","9":"product_tag-przedsiebiorczosc","11":"first","12":"instock","13":"sale","14":"shipping-taxable","15":"purchasable","16":"product-type-simple"},"_links":{"self":[{"href":"https:\/\/ksiegarnia-akademicka.pl\/index.php\/wp-json\/wp\/v2\/product\/13715","targetHints":{"allow":["GET"]}}],"collection":[{"href":"https:\/\/ksiegarnia-akademicka.pl\/index.php\/wp-json\/wp\/v2\/product"}],"about":[{"href":"https:\/\/ksiegarnia-akademicka.pl\/index.php\/wp-json\/wp\/v2\/types\/product"}],"wp:featuredmedia":[{"embeddable":true,"href":"https:\/\/ksiegarnia-akademicka.pl\/index.php\/wp-json\/wp\/v2\/media\/13716"}],"wp:attachment":[{"href":"https:\/\/ksiegarnia-akademicka.pl\/index.php\/wp-json\/wp\/v2\/media?parent=13715"}],"wp:term":[{"taxonomy":"product_brand","embeddable":true,"href":"https:\/\/ksiegarnia-akademicka.pl\/index.php\/wp-json\/wp\/v2\/product_brand?post=13715"},{"taxonomy":"product_cat","embeddable":true,"href":"https:\/\/ksiegarnia-akademicka.pl\/index.php\/wp-json\/wp\/v2\/product_cat?post=13715"},{"taxonomy":"product_tag","embeddable":true,"href":"https:\/\/ksiegarnia-akademicka.pl\/index.php\/wp-json\/wp\/v2\/product_tag?post=13715"}],"curies":[{"name":"wp","href":"https:\/\/api.w.org\/{rel}","templated":true}]}}