{"id":1370,"date":"2018-05-22T12:43:31","date_gmt":"2018-05-22T10:43:31","guid":{"rendered":"http:\/\/ksiegarnia-akademicka.pl\/index.php\/product\/historia-administracji-i-mysli-administracyjnej-wybor-zrodel\/"},"modified":"2018-07-12T10:04:46","modified_gmt":"2018-07-12T08:04:46","slug":"historia-administracji-i-mysli-administracyjnej-wybor-zrodel","status":"publish","type":"product","link":"https:\/\/ksiegarnia-akademicka.pl\/index.php\/product\/historia-administracji-i-mysli-administracyjnej-wybor-zrodel\/","title":{"rendered":"Historia administracji i my\u015bli administracyjnej Wyb\u00f3r \u017ar\u00f3de\u0142"},"content":{"rendered":"<p>Jerzy (red.) Malec<br \/>\nRedakcja: Malec Jerzy<br \/>\nWydawca: Wydawnictwo Uniwersytetu Jagiello\u0144skiego<br \/>\nOprawa: Mi\u0119kka<br \/>\nFormat: 15.9&#215;23.0cm<br \/>\nLiczba stron: 452<br \/>\nWydanie: 2<br \/>\nRok wydania: 2016<\/p>\n<p>Ksi\u0105\u017cka stanowi wynik pracy badawczej zespo\u0142u historyk\u00f3w prawa dysponuj\u0105cych odpowiedni\u0105 wiedz\u0105 merytoryczn\u0105 i edytorsk\u0105. W pracy zosta\u0142y zgromadzone i usystematyzowane na podstawie kryterium rzeczowo-chronologicznego materia\u0142y pozwalaj\u0105ce pozna\u0107 bli\u017cej rozwi\u0105zania z zakresu administracji publicznej, a w szczeg\u00f3lno\u015bci jej ustroju, zasad organizacyjnych, kszta\u0142towania si\u0119 korpusu urz\u0119dniczego s\u0105downictwa administracyjnego, jak r\u00f3wnie\u017c g\u0142\u00f3wne nurty w my\u015bli administracyjnej od XVII do schy\u0142ku XX wieku. Opracowanie ukazuje w konsekwencji historyczn\u0105 ewolucj\u0119 form zarz\u0105dzania pa\u0144stwem, spe\u0142niaj\u0105c tym samym funkcj\u0119 poznawcz\u0105. Ponadto pozwala lepiej zrozumie\u0107 istniej\u0105ce wsp\u00f3\u0142cze\u015bnie instytucje administracyjne oraz ich genez\u0119.<\/p>\n","protected":false},"excerpt":{"rendered":"<p>Jerzy (red.) Malec Redakcja: Malec Jerzy Wydawca: Wydawnictwo Uniwersytetu Jagiello\u0144skiego [&hellip;]<\/p>\n","protected":false},"featured_media":7744,"template":"","meta":[],"product_brand":[],"product_cat":[7492,18],"product_tag":[4113],"class_list":{"0":"post-1370","1":"product","2":"type-product","3":"status-publish","4":"has-post-thumbnail","6":"product_cat-administracyjne","7":"product_cat-prawo","8":"product_tag-historia-administracji","10":"first","11":"instock","12":"sale","13":"shipping-taxable","14":"purchasable","15":"product-type-simple"},"_links":{"self":[{"href":"https:\/\/ksiegarnia-akademicka.pl\/index.php\/wp-json\/wp\/v2\/product\/1370","targetHints":{"allow":["GET"]}}],"collection":[{"href":"https:\/\/ksiegarnia-akademicka.pl\/index.php\/wp-json\/wp\/v2\/product"}],"about":[{"href":"https:\/\/ksiegarnia-akademicka.pl\/index.php\/wp-json\/wp\/v2\/types\/product"}],"wp:featuredmedia":[{"embeddable":true,"href":"https:\/\/ksiegarnia-akademicka.pl\/index.php\/wp-json\/wp\/v2\/media\/7744"}],"wp:attachment":[{"href":"https:\/\/ksiegarnia-akademicka.pl\/index.php\/wp-json\/wp\/v2\/media?parent=1370"}],"wp:term":[{"taxonomy":"product_brand","embeddable":true,"href":"https:\/\/ksiegarnia-akademicka.pl\/index.php\/wp-json\/wp\/v2\/product_brand?post=1370"},{"taxonomy":"product_cat","embeddable":true,"href":"https:\/\/ksiegarnia-akademicka.pl\/index.php\/wp-json\/wp\/v2\/product_cat?post=1370"},{"taxonomy":"product_tag","embeddable":true,"href":"https:\/\/ksiegarnia-akademicka.pl\/index.php\/wp-json\/wp\/v2\/product_tag?post=1370"}],"curies":[{"name":"wp","href":"https:\/\/api.w.org\/{rel}","templated":true}]}}