{"id":13662,"date":"2020-11-30T11:01:52","date_gmt":"2020-11-30T10:01:52","guid":{"rendered":"http:\/\/ksiegarnia-akademicka.pl\/?post_type=product&#038;p=13662"},"modified":"2020-11-30T11:01:56","modified_gmt":"2020-11-30T10:01:56","slug":"podatki-w-branzy-fmcg-i-e-commerce","status":"publish","type":"product","link":"https:\/\/ksiegarnia-akademicka.pl\/index.php\/product\/podatki-w-branzy-fmcg-i-e-commerce\/","title":{"rendered":"Podatki w bran\u017cy FMCG i e-commerce"},"content":{"rendered":"<p>Redakcja naukowa:<br \/>\nS\u0142awomir \u0141uczak<br \/>\nEwelina Ca\u0142czy\u0144ska, Stanis\u0142aw Gordzia\u0142kowski, Karolina Gotfryd, Martyna Smoli\u0144ska<br \/>\nWydawnictwo: Wolters Kluwer Polska<br \/>\nRok publikacji: 2020<br \/>\nWydanie: 1<br \/>\nLiczba stron: 152<br \/>\nSeria: Poradniki LEX<br \/>\nRodzaj: Poradnik<br \/>\nOk\u0142adka: mi\u0119kka<br \/>\nFormat: A5<\/p>\n<p>Publikacja omawia kwestie podatkowe zwi\u0105zane z szeroko poj\u0119tym sektorem FMCG (Fast Moving Consumer Goods), oferuj\u0105cym g\u0142\u00f3wnie produkty szybkozbywalne, zaspokajaj\u0105ce podstawowe potrzeby konsumenta takie jak \u017cywno\u015b\u0107, napoje, kosmetyki i \u015brodki czysto\u015bci. Ze wzgl\u0119du na dynamik\u0119 tej bran\u017cy oraz jej powszechno\u015b\u0107 i r\u00f3\u017cnorodno\u015b\u0107, w polskim prawie trudno o proste i jednoznaczne regulacje, kt\u00f3re pozbawi\u0142yby przedsi\u0119biorc\u00f3w w\u0105tpliwo\u015bci dotycz\u0105cych zasad opodatkowania w sektorze FMCG.<\/p>\n<p>W ksi\u0105\u017cce przedstawiono m.in. kwestie dotycz\u0105ce:<\/p>\n<p>opodatkowania handlu FMCG na gruncie VAT,<br \/>\nopodatkowania handlu e-commerce,<br \/>\nopodatkowania akcji promocyjnych,<br \/>\nobci\u0105\u017ce\u0144 fiskalnych w bran\u017cy FMCG.<br \/>\nAutorzy analizuj\u0105, m.in. zmiany wynikaj\u0105ce z wprowadzenia:<\/p>\n<p>op\u0142aty cukrowej,<br \/>\nop\u0142aty od napoj\u00f3w alkoholowych o pojemno\u015bci nieprzekraczaj\u0105cej 300 ml \u2013 tzw. ma\u0142pek,<br \/>\nnowej matrycy stawek VAT,<br \/>\nwi\u0105\u017c\u0105cych informacji stawkowych (WIS),<br \/>\nkas rejestruj\u0105cych on-line,<br \/>\ne-paragon\u00f3w.<br \/>\nW opracowaniu zawarto r\u00f3wnie\u017c om\u00f3wienie praktycznych problem\u00f3w z ich w\u0142a\u015bciwym przyporz\u0105dkowaniem na przyk\u0142adzie case study, z uwzgl\u0119dnieniem rozstrzygni\u0119\u0107 Trybuna\u0142u Sprawiedliwo\u015bci Unii Europejskiej i polskich s\u0105d\u00f3w administracyjnych.<\/p>\n<p>Adresaci:<br \/>\nKsi\u0105\u017cka jest przeznaczona dla specjalist\u00f3w zajmuj\u0105cym si\u0119 prawem podatkowym (doradc\u00f3w podatkowych, bieg\u0142ych rewident\u00f3w, ksi\u0119gowych, adwokat\u00f3w, radc\u00f3w prawnych, pracownik\u00f3w administracji skarbowej) oraz przedsi\u0119biorc\u00f3w dzia\u0142aj\u0105cych w sektorze FMCG.<\/p>\n","protected":false},"excerpt":{"rendered":"<p>Redakcja naukowa: S\u0142awomir \u0141uczak Ewelina Ca\u0142czy\u0144ska, Stanis\u0142aw Gordzia\u0142kowski, Karolina Gotfryd, [&hellip;]<\/p>\n","protected":false},"featured_media":13663,"template":"","meta":[],"product_brand":[],"product_cat":[22,23],"product_tag":[355,1055,1496,6474],"class_list":{"0":"post-13662","1":"product","2":"type-product","3":"status-publish","4":"has-post-thumbnail","6":"product_cat-podatki-i-prawo-podatkowe","7":"product_cat-rachunkowosc","8":"product_tag-podatki","9":"product_tag-prawo-podatkowe","10":"product_tag-rachunkowosc","11":"product_tag-seria-poradniki-lex","13":"first","14":"instock","15":"sale","16":"shipping-taxable","17":"purchasable","18":"product-type-simple"},"_links":{"self":[{"href":"https:\/\/ksiegarnia-akademicka.pl\/index.php\/wp-json\/wp\/v2\/product\/13662","targetHints":{"allow":["GET"]}}],"collection":[{"href":"https:\/\/ksiegarnia-akademicka.pl\/index.php\/wp-json\/wp\/v2\/product"}],"about":[{"href":"https:\/\/ksiegarnia-akademicka.pl\/index.php\/wp-json\/wp\/v2\/types\/product"}],"wp:featuredmedia":[{"embeddable":true,"href":"https:\/\/ksiegarnia-akademicka.pl\/index.php\/wp-json\/wp\/v2\/media\/13663"}],"wp:attachment":[{"href":"https:\/\/ksiegarnia-akademicka.pl\/index.php\/wp-json\/wp\/v2\/media?parent=13662"}],"wp:term":[{"taxonomy":"product_brand","embeddable":true,"href":"https:\/\/ksiegarnia-akademicka.pl\/index.php\/wp-json\/wp\/v2\/product_brand?post=13662"},{"taxonomy":"product_cat","embeddable":true,"href":"https:\/\/ksiegarnia-akademicka.pl\/index.php\/wp-json\/wp\/v2\/product_cat?post=13662"},{"taxonomy":"product_tag","embeddable":true,"href":"https:\/\/ksiegarnia-akademicka.pl\/index.php\/wp-json\/wp\/v2\/product_tag?post=13662"}],"curies":[{"name":"wp","href":"https:\/\/api.w.org\/{rel}","templated":true}]}}