{"id":13625,"date":"2020-11-26T10:14:42","date_gmt":"2020-11-26T09:14:42","guid":{"rendered":"http:\/\/ksiegarnia-akademicka.pl\/?post_type=product&#038;p=13625"},"modified":"2024-12-05T08:31:01","modified_gmt":"2024-12-05T07:31:01","slug":"wydawanie-decyzji-interpretacyjnych-przedsiebiorcom-przez-zus","status":"publish","type":"product","link":"https:\/\/ksiegarnia-akademicka.pl\/index.php\/product\/wydawanie-decyzji-interpretacyjnych-przedsiebiorcom-przez-zus\/","title":{"rendered":"Wydawanie decyzji interpretacyjnych przedsi\u0119biorcom przez ZUS"},"content":{"rendered":"<p>Tomasz Brzezicki, Monika Noga, Jacek Wantoch-Rekowski<br \/>\nWydawnictwo: Wolters Kluwer Polska<br \/>\nRok publikacji: 2020<br \/>\nWydanie: 1<br \/>\nLiczba stron: 260<br \/>\nSeria: Poradniki kadrowe<br \/>\nRodzaj: Poradnik<br \/>\nOk\u0142adka: mi\u0119kka<br \/>\nFormat: A5<\/p>\n<p>W polskim porz\u0105dku prawnym funkcjonuj\u0105 regulacje umo\u017cliwiaj\u0105ce uzyskanie oficjalnej interpretacji obowi\u0105zuj\u0105cych przepis\u00f3w prawnych w odniesieniu do konkretnej sytuacji, wskazanej przez uprawniony podmiot.<\/p>\n<p>Ksi\u0105\u017cka koncentruje si\u0119 na instytucji urz\u0119dowej interpretacji wydawanej przez ZUS, z zakresu problematyki ubezpiecze\u0144 spo\u0142ecznych, w szczeg\u00f3lno\u015bci sk\u0142adek na ubezpieczenia spo\u0142eczne. Uzyskanie takiej interpretacji mo\u017ce by\u0107 kluczowe dla dzia\u0142alno\u015bci danego przedsi\u0119biorcy. Pozwala bowiem przewidzie\u0107 przysz\u0142e decyzje organu administracji publicznej w kwestii nak\u0142adanych obowi\u0105zk\u00f3w daninowych.<\/p>\n<p>Publikacja daje wskaz\u00f3wki dotycz\u0105ce uzyskania tej interpretacji; okre\u015bla, jaki podmiot jest uprawniony do ubiegania si\u0119 o ni\u0105, jak wygl\u0105daj\u0105 wymogi formalne, op\u0142aty, oraz w jakim terminie nale\u017cy spodziewa\u0107 si\u0119 wydania interpretacji. Ksi\u0105\u017cka zainteresuje r\u00f3wnie\u017c ksi\u0119gowych, doradc\u00f3w podatkowych oraz prawnik\u00f3w na co dzie\u0144 maj\u0105cych styczno\u015b\u0107 z t\u0105 tematyk\u0105.<\/p>\n<p>Wykaz skr\u00f3t\u00f3w | str. 13<\/p>\n<p>Wst\u0119p | str. 15<\/p>\n<p>Cz\u0119\u015b\u0107 I<br \/>\nPROBLEMATYKA TEORETYCZNOPRAWNA<\/p>\n<p>Rozdzia\u0142 I<br \/>\nZagadnienia wprowadzaj\u0105ce | str. 21<br \/>\n1. Geneza i podstawa prawna interpretacji przepis\u00f3w sk\u0142adkowych | str. 21<br \/>\n2. Zasady zwi\u0105zane z mo\u017cliwo\u015bci\u0105 uzyskania interpretacji przepis\u00f3w sk\u0142adkowych | str. 26<br \/>\n2.1. Wprowadzenie | str. 26<br \/>\n2.2. Zasada prostoty (braku formalizmu) | str. 27<br \/>\n2.3. Zasada tanio\u015bci | str. 29<br \/>\n2.4. Zasada szybko\u015bci | str. 30<br \/>\n2.5. Zasada ochrony | str. 31<br \/>\n2.6. Zasada stabilno\u015bci | str. 33<br \/>\n2.7. Zasada jawno\u015bci | str. 34<br \/>\n2.8. Zasada mocy wi\u0105\u017c\u0105cej utrwalonej praktyki interpretacyjnej | str. 36<\/p>\n<p>Rozdzia\u0142 II<br \/>\nPodmioty uprawnione do uzyskania interpretacji przepis\u00f3w sk\u0142adkowych | str. 37<br \/>\n1. Przedsi\u0119biorca jako podmiot uprawniony | str. 37<br \/>\n2. Przedsi\u0119biorca a p\u0142atnik sk\u0142adek na ubezpieczenia spo\u0142eczne | str. 43<br \/>\n3. Strona podmiotowa a zasada r\u00f3wno\u015bci wobec prawa | str. 45<\/p>\n<p>Rozdzia\u0142 III<br \/>\nZak\u0142ad Ubezpiecze\u0144 Spo\u0142ecznych jako podmiot wydaj\u0105cy interpretacj\u0119 | str. 49<br \/>\n1. Zak\u0142ad jako organ administracji publicznej | str. 49<br \/>\n2. Jednostki organizacyjne Zak\u0142adu wydaj\u0105ce interpretacj\u0119 | str. 51<\/p>\n<p>Rozdzia\u0142 IV<br \/>\nZakres i wymogi formalne wniosku | str. 55<br \/>\n1. Zakres wniosku | str. 55<br \/>\n2. Wymogi formalne wniosku o wydanie interpretacji sk\u0142adkowej | str. 59<br \/>\n3. Zakres \u017c\u0105dania | str. 59<br \/>\n4. Oznaczenie przedsi\u0119biorcy | str. 63<br \/>\n5. Adres | str. 64<br \/>\n6. Podpis | str. 65<br \/>\n7. Z\u0142o\u017cenie wniosku o interpretacj\u0119 sk\u0142adkow\u0105 przez pe\u0142nomocnika | str. 67<br \/>\n8. Spos\u00f3b z\u0142o\u017cenia wniosku o wydanie interpretacji sk\u0142adkowej | str. 70<br \/>\n9. Wymogi fiskalne | str. 71<br \/>\n10. Wysoko\u015b\u0107 op\u0142aty za wydanie interpretacji | str. 73<br \/>\n11. Termin wniesienia op\u0142aty | str. 76<br \/>\n12. Zwrot op\u0142aty | str. 76<\/p>\n<p>Rozdzia\u0142 V<br \/>\nRozstrzygni\u0119cia w sprawie interpretacji | str. 79<br \/>\n1. Decyzje w sprawie wydania interpretacji indywidualnej | str. 79<br \/>\n2. Decyzja o umorzeniu post\u0119powania w sprawie interpretacji indywidualnej | str. 84<br \/>\n3. Postanowienia w sprawie wydawania interpretacji indywidualnej | str. 85<\/p>\n<p>Rozdzia\u0142 VI<br \/>\nTermin wydania i wej\u015bcie do obrotu prawnego interpretacji sk\u0142adkowej | str. 91<\/p>\n<p>Rozdzia\u0142 VII<br \/>\nZaskar\u017cenie rozstrzygni\u0119\u0107 w sprawie interpretacji | str. 97<\/p>\n<p>Rozdzia\u0142 VIII<br \/>\nWyeliminowanie interpretacji z obrotu prawnego | str. 103<br \/>\n1. Trwa\u0142o\u015b\u0107 decyzji interpretacyjnej | str. 103<br \/>\n2. Wznowienie post\u0119powania administracyjnego na podstawie Kodeksu post\u0119powania administracyjnego | str. 105<br \/>\n3. Wznowienie post\u0119powania zako\u0144czonego orzeczeniem s\u0105du w trybie przepis\u00f3w Kodeksu post\u0119powania cywilnego | str. 108<\/p>\n<p>Cz\u0119\u015b\u0107 II<br \/>\nWYBRANE ZAGADNIENIA EMPIRYCZNE W \u015aWIETLE INTERPRETACJI ZUS I ORZECZNICTWA S\u0104DOWEGO<\/p>\n<p>Rozdzia\u0142 I<br \/>\nUmowy zlecenia z obcokrajowcami spoza UE | str. 115<br \/>\n1. Wprowadzenie | str. 115<br \/>\n2. Umowy zlecenia z osobami spoza UE | str. 116<br \/>\n3. Umowy zlecenia z obywatelami Ukrainy | str. 121<br \/>\n4. Podsumowanie | str. 123<\/p>\n<p>Rozdzia\u0142 II<br \/>\nZbieg pozarolniczej dzia\u0142alno\u015bci gospodarczej w Polsce z umow\u0105 o prac\u0119 w innym pa\u0144stwie UE | str. 127<br \/>\n1. Wprowadzenie | str. 127<br \/>\n2. Zbieg tytu\u0142\u00f3w ubezpiecze\u0144 | str. 129<br \/>\n3. Procedura koncyliacyjna | str. 132<br \/>\n4. Podsumowanie | str. 133<\/p>\n<p>Rozdzia\u0142 III<br \/>\nCz\u0142onek zarz\u0105du sp\u00f3\u0142ki powo\u0142any przez jej w\u0142a\u015bciwy organ a podleganie ubezpieczeniom spo\u0142ecznym | str. 137<br \/>\n1. Wprowadzenie | str. 137<br \/>\n2. Cz\u0142onek zarz\u0105du | str. 139<br \/>\n3. Prezes zarz\u0105du | str. 142<br \/>\n4. Podsumowanie | str. 144<\/p>\n<p>Rozdzia\u0142 IV<br \/>\nCz\u0142onkowie rad nadzorczych | str. 145<br \/>\n1. Wprowadzenie | str. 145<br \/>\n2. Koszty przejazd\u00f3w (dojazd\u00f3w) na posiedzenia rady nadzorczej | str. 147<br \/>\n3. Koszty dojazd\u00f3w i noclegu | str. 150<br \/>\n4. Niezaliczanie zwrotu koszt\u00f3w podr\u00f3\u017cy do przychodu cz\u0142onka rady nadzorczej | str. 152<br \/>\n5. Zwrot koszt\u00f3w niestanowi\u0105cych nale\u017cno\u015bci z tytu\u0142u podr\u00f3\u017cy s\u0142u\u017cbowej | str. 154<br \/>\n6. Wynagrodzenie cz\u0142onka rady nadzorczej zamieszkuj\u0105cego w Malezji | str. 155<br \/>\n7. Podsumowanie | str. 156<\/p>\n<p>Rozdzia\u0142 V<br \/>\nProkurent i pe\u0142nomocnik a obowi\u0105zek podlegania ubezpieczeniom spo\u0142ecznym i op\u0142acania sk\u0142adek | str. 159<br \/>\n1. Wprowadzenie | str. 159<br \/>\n2. Prokurent nieb\u0119d\u0105cy pracownikiem wnioskodawcy | str. 161<br \/>\n3. Prokurent maj\u0105cy prawo do emerytury | str. 162<br \/>\n4. Prokurent b\u0119d\u0105cy jednocze\u015bnie pracownikiem wnioskodawcy | str. 163<br \/>\n5. Pe\u0142nomocnik nieb\u0119d\u0105cy prokurentem | str. 165<br \/>\n6. Podsumowanie | str. 165<\/p>\n<p>Rozdzia\u0142 VI<br \/>\nOsoba wsp\u00f3\u0142pracuj\u0105ca | str. 167<br \/>\n1. Wprowadzenie | str. 167<br \/>\n2. Umowa zlecenia z ma\u0142\u017conkiem a wsp\u00f3\u0142praca | str. 168<br \/>\n3. Umowa o prac\u0119 z ma\u0142\u017conkiem a wsp\u00f3\u0142praca | str. 170<br \/>\n4. Umowa zlecenia z ma\u0142\u017conkiem bez wynagrodzenia a wsp\u00f3\u0142praca | str. 173<br \/>\n5. Umowa o prac\u0119 z ma\u0142\u017conkiem na cz\u0119\u015b\u0107 etatu a wsp\u00f3\u0142praca | str. 174<br \/>\n6. Zawarcie zwi\u0105zku ma\u0142\u017ce\u0144skiego z pracownikiem a wsp\u00f3\u0142praca | str. 175<br \/>\n7. Umowa zlecenia z synem studentem a wsp\u00f3\u0142praca | str. 177<br \/>\n8. Umowa o prac\u0119 z synem a wsp\u00f3\u0142praca | str. 177<br \/>\n9. Podsumowanie | str. 178<\/p>\n<p>Rozdzia\u0142 VII<br \/>\nPrzeniesienie maj\u0105tkowych praw autorskich i wynagrodzenia wynikaj\u0105ce z um\u00f3w licencyjnych | str. 181<br \/>\n1. Wprowadzenie | str. 181<br \/>\n2. Przeniesienie maj\u0105tkowych praw autorskich | str. 181<br \/>\n3. Wynagrodzenia wynikaj\u0105ce z um\u00f3w licencyjnych | str. 184<br \/>\n4. Podsumowanie | str. 187<\/p>\n<p>Rozdzia\u0142 VIII<br \/>\nCz\u0142onkowie komisji egzaminacyjnych | str. 189<br \/>\n1. Wprowadzenie | str. 189<br \/>\n2. Realizacja czynno\u015bci przez cz\u0142onka komisji na podstawie powo\u0142ania przez w\u0142a\u015bciwy organ | str. 190<br \/>\n3. Umowa cywilnoprawna z powo\u0142anym cz\u0142onkiem komisji egzaminacyjnej | str. 192<br \/>\n4. Podsumowanie | str. 193<\/p>\n<p>Rozdzia\u0142 IX<br \/>\nNagrody jubileuszowe | str. 195<br \/>\n1. Wprowadzenie | str. 195<br \/>\n2. \u201eKlasyczna\u201d nagroda jubileuszowa | str. 197<br \/>\n3. Nagroda jubileuszowa w postaci rzeczowej | str. 200<br \/>\n4. Z\u0142o\u017cenie przez pracownika \u015bwiadectwa pracy zwi\u0119kszaj\u0105cego sta\u017c pracy | str. 203<br \/>\n5. Z\u0142o\u017cenie wniosku o nagrod\u0119 jubileuszow\u0105 z op\u00f3\u017anieniem | str. 205<br \/>\n6. Skutki zmiany regulacji wewn\u0119trznych | str. 206<br \/>\n7. Jednorazowa rekompensata z tytu\u0142u likwidacji nagr\u00f3d jubileuszowych | str. 208<br \/>\n8. Rozwi\u0105zanie umowy o prac\u0119 a jednorazowa rekompensata z tytu\u0142u prawa do nagrody jubileuszowej | str. 210<br \/>\n9. Skutki przej\u0119cia pracownik\u00f3w przez innego pracodawc\u0119 | str. 212<br \/>\n10. Podsumowanie | str. 212<\/p>\n<p>Rozdzia\u0142 X<br \/>\nStypendia, sta\u017ce| str. 215<br \/>\n1. Wprowadzenie | str. 215<br \/>\n2. Stypendia dla uczni\u00f3w szk\u00f3\u0142 ponadpodstawowych wsp\u00f3\u0142finansowane z bud\u017cetu UE | str. 216<br \/>\n3. Stypendia dla uczestnik\u00f3w studi\u00f3w trzeciego stopnia z tytu\u0142u prac badawczych | str. 218<br \/>\n4. Stypendia jako element planowania kadrowego przez przedsi\u0119biorc\u0119 | str. 219<br \/>\n5. Stypendia dla student\u00f3w w ramach kurs\u00f3w j\u0119zykowych | str. 221<br \/>\n6. Podsumowanie | str. 222<\/p>\n<p>Rozdzia\u0142 XI<br \/>\n\u015awiadczenia wyp\u0142acane pracownikom w zwi\u0105zku z rozwi\u0105zaniem umowy o prac\u0119 | str. 223<br \/>\n1. Wprowadzenie | str. 223<br \/>\n2. Paragraf 2 ust. 1 pkt 2 r.z.u.p.w.s. | str. 223<br \/>\n3. Paragraf 2 ust. 1 pkt 3 r.z.u.p.w.s. | str. 225<br \/>\n4. Podsumowanie | str. 231<\/p>\n<p>Rozdzia\u0142 XII<br \/>\nEkwiwalent za pranie odzie\u017cy roboczej | str. 233<br \/>\n1. Wprowadzenie | str. 233<br \/>\n2. Ekwiwalent jako odzwierciedlenie rzeczywistych koszt\u00f3w| str. 235<br \/>\n3. Dodatek (rycza\u0142t) a rzeczywiste koszty | str. 237<br \/>\n4. Wyp\u0142acony ekwiwalent a przych\u00f3d w rozumieniu przepis\u00f3w podatkowych | str. 240<br \/>\n5. Podsumowanie | str. 241<\/p>\n<p>Rozdzia\u0142 XIII<br \/>\nKarty sportowe | str. 243<br \/>\n1. Wprowadzenie | str. 243<br \/>\n2. Karty MultiSport | str. 243<br \/>\n3. Karty sportowe dla zleceniobiorc\u00f3w | str. 247<br \/>\n4. Forma pieni\u0119\u017cna korzy\u015bci materialnej a obowi\u0105zek osk\u0142adkowania przychodu | str. 248<br \/>\n5. Brak w\u0142a\u015bciwej podstawy prawnej | str. 249<br \/>\n6. Brak wy\u0142\u0105czenia warto\u015bci kart sportowych w cz\u0119\u015bci finansowanej przez pracownika | str. 250<br \/>\n7. Podsumowanie | str. 251<\/p>\n<p>Rozdzia\u0142 XIV<br \/>\nWarto\u015b\u0107 udost\u0119pnianych pracownikom miejsc parkingowych | str. 253<br \/>\n1. Wprowadzenie | str. 253<br \/>\n2. Jednolita linia interpretacyjna | str. 254<br \/>\n3. Podsumowanie | str. 256<\/p>\n<p>Literatura | str. 257<\/p>\n","protected":false},"excerpt":{"rendered":"<p>Tomasz Brzezicki, Monika Noga, Jacek Wantoch-Rekowski Wydawnictwo: Wolters Kluwer Polska [&hellip;]<\/p>\n","protected":false},"featured_media":13626,"template":"","meta":[],"product_brand":[],"product_cat":[22,18,7550,21],"product_tag":[1055,793,7797,643],"class_list":{"0":"post-13625","1":"product","2":"type-product","3":"status-publish","4":"has-post-thumbnail","6":"product_cat-podatki-i-prawo-podatkowe","7":"product_cat-prawo","8":"product_cat-prawo-pracy","9":"product_cat-ubezpieczenia","10":"product_tag-prawo-podatkowe","11":"product_tag-prawo-pracy","12":"product_tag-seria-poradniki-kadrowe","13":"product_tag-ubezpieczenia-spoleczne","15":"first","16":"instock","17":"sale","18":"shipping-taxable","19":"purchasable","20":"product-type-simple"},"_links":{"self":[{"href":"https:\/\/ksiegarnia-akademicka.pl\/index.php\/wp-json\/wp\/v2\/product\/13625","targetHints":{"allow":["GET"]}}],"collection":[{"href":"https:\/\/ksiegarnia-akademicka.pl\/index.php\/wp-json\/wp\/v2\/product"}],"about":[{"href":"https:\/\/ksiegarnia-akademicka.pl\/index.php\/wp-json\/wp\/v2\/types\/product"}],"wp:featuredmedia":[{"embeddable":true,"href":"https:\/\/ksiegarnia-akademicka.pl\/index.php\/wp-json\/wp\/v2\/media\/13626"}],"wp:attachment":[{"href":"https:\/\/ksiegarnia-akademicka.pl\/index.php\/wp-json\/wp\/v2\/media?parent=13625"}],"wp:term":[{"taxonomy":"product_brand","embeddable":true,"href":"https:\/\/ksiegarnia-akademicka.pl\/index.php\/wp-json\/wp\/v2\/product_brand?post=13625"},{"taxonomy":"product_cat","embeddable":true,"href":"https:\/\/ksiegarnia-akademicka.pl\/index.php\/wp-json\/wp\/v2\/product_cat?post=13625"},{"taxonomy":"product_tag","embeddable":true,"href":"https:\/\/ksiegarnia-akademicka.pl\/index.php\/wp-json\/wp\/v2\/product_tag?post=13625"}],"curies":[{"name":"wp","href":"https:\/\/api.w.org\/{rel}","templated":true}]}}