{"id":13558,"date":"2020-11-17T12:07:13","date_gmt":"2020-11-17T11:07:13","guid":{"rendered":"http:\/\/ksiegarnia-akademicka.pl\/?post_type=product&#038;p=13558"},"modified":"2021-12-02T11:53:30","modified_gmt":"2021-12-02T10:53:30","slug":"stachury-i-domagaly-patologia-znaczy-slowo-o-chorobie-tom-1-2","status":"publish","type":"product","link":"https:\/\/ksiegarnia-akademicka.pl\/index.php\/product\/stachury-i-domagaly-patologia-znaczy-slowo-o-chorobie-tom-1-2\/","title":{"rendered":"Stachury i Domaga\u0142y PATOLOGIA Znaczy s\u0142owo o chorobie &#8211; Tom 1"},"content":{"rendered":"<p>Wenancjusz Domaga\u0142a<br \/>\nRok wydania: 2016<br \/>\nWydanie: 3<br \/>\nIlo\u015b\u0107 stron: 676<br \/>\nOprawa: twarda<br \/>\nISBN: 978-83-7676-241-8<\/p>\n<p>W obecnym wydaniu Patologii wprowadzono szereg zmian i uzupe\u0142nie\u0144 zwi\u0105zanych z post\u0119pem w patomorfologii (patologii) i w naukach medycznych w ci\u0105gu ostatnich kilku lat. Wykorzystano najnowsze pi\u015bmiennictwo naukowe (do 2016 r. w\u0142\u0105cznie) dotycz\u0105ce wy\u017cej wymienionych i innych zagadnie\u0144. W rozdz. Nowotwory m.in. szczeg\u00f3\u0142owo om\u00f3wiono kom\u00f3rki macierzyste nowotwor\u00f3w, biologiczne cechy nowotwor\u00f3w z\u0142o\u015bliwych i niekt\u00f3re nowe aspekty ich patogenezy. W osobnym paragrafie om\u00f3wiono zagadnienia patologii predykcyjnej, celowanej terapii i molekularnej klasyfikacji nowotwor\u00f3w. Przedstawione i om\u00f3wione zosta\u0142y najnowsze klasyfikacje nowotwor\u00f3w:: klasyfikacje WHO rak\u00f3w p\u0142uc (2015), nowotwor\u00f3w serca (2015), ch\u0142oniak\u00f3w (2016), nowotwor\u00f3w tkanek mi\u0119kkich (2013) oraz klasyfikacja nowotwor\u00f3w i malformacji naczyniowych (ISSVA, 2014). Om\u00f3wiono nie tylko klasyfikacje mikroskopowe nowotwor\u00f3w, ale r\u00f3wnie\u017c ostatnio sformu\u0142owane klasyfikacje molekularne (np. raka jelita grubego czy raka sutka), a tak\u017ce nowe mikroskopowe kryteria diagnostyczne wprowadzone w innych jednostkach chorobowych. W innych rozdzia\u0142ach m.in. om\u00f3wiono wsp\u00f3\u0142czesne pogl\u0105dy na temat starzenia si\u0119 kom\u00f3rek i organizmu, a tak\u017ce dodano opis epidemiologii, patomorfologii i objaw\u00f3w klinicznych choroby wirusowej Ebola. Tam, gdzie to potrzebne, dodano informacje na temat marker\u00f3w immunohistochemicznych i molekularnych istotnych we wsp\u00f3\u0142czesnej diagnostyce patomorfologicznej (fragmenty tekstu na \u017c\u00f3\u0142tym tle). W obecnym wydaniu zrezygnowano z rozdzia\u0142u po\u015bwi\u0119conego chorobom uwarunkowanym genetycznie, gdy\u017c choroby te oraz zespo\u0142y s\u0105 szczeg\u00f3\u0142owo opisane w specjalistycznych podr\u0119cznikach genetyki klinicznej.<br \/>\nZdrowy organizm doros\u0142ego cz\u0142owieka przypomina bardzo dobrze funkcjonuj\u0105ce pa\u0144stwo. Ma szczelne, skutecznie pilnowane przed inwazj\u0105 z zewn\u0105trz granice (sk\u00f3ra, b\u0142ony \u015bluzowe), centrum dowodzenia (m\u00f3zg) i nieprzekupn\u0105 w\u0142adz\u0119 s\u0105downicz\u0105 (dobrze uformowane sumienie). Gdy granice zostan\u0105 sforsowane przez r\u00f3\u017cnego rodzaju patogeny lub wybuchnie niekontrolowana rewolta harmonijnie dotychczas ze sob\u0105 wsp\u00f3\u0142pracuj\u0105cych subpopulacji kom\u00f3rek, kt\u00f3re nie chc\u0105 ju\u017c pe\u0142ni\u0107 wyznaczonej im roli we wsp\u00f3lnocie, lub inne wydarzenia zaburz\u0105 funkcjonowanie wsp\u00f3lnoty kom\u00f3rek organizmu, dochodzi do anarchii, a nast\u0119pnie do katastrofy zwanej chorob\u0105. I o przyczynach, objawach (na poziomie morfologicznym, immunohistochemicznym i molekularnym) i klinicznych skutkach choroby traktuje niniejsza monografia. Oddajemy Czytelnikom obecne III wydanie Patologii w nadziei, \u017ce pozwoli im zapozna\u0107 si\u0119 ze wsp\u00f3\u0142czesnym stanem wiedzy dotycz\u0105cym patologii (patomorfologii), a studentom medycyny lub nauk pokrewnych dostarczy odpowiedzi na pytania zwi\u0105zane z patogenez\u0105, morfologi\u0105 i klinik\u0105 omawianych zmian i jednostek chorobowych.<br \/>\nNazwy jednostek chorobowych podano w j\u0119zykach polskim i \u0142aci\u0144skim. Tam, gdzie to potrzebne &#8211; poniewa\u017c nie ma odpowiednika w j\u0119zyku polskim lub nazwa angielska jest cz\u0119sto stosowana zar\u00f3wno w pi\u015bmiennictwie medycznym, jak i w codziennej praktyce &#8211; r\u00f3wnie\u017c w j\u0119zyku angielskim (poprzedzone skr\u00f3tem \u201eang.). W III wydaniu \u201ePatologii\u201d pozosta\u0142y znajduj\u0105ce si\u0119 w poprzednich wydaniach ryciny przedrukowane z przewodnika do nauki histopatologii (W. Domaga\u0142a, M. Chosia, E. Bedner, Tajemniczy \u015bwiat chorych kom\u00f3rek cz\u0142owieka. Przewodnik do nauki histopatologii, Wydawnictwo Pomorskiej Akademii Medycznej, Szczecin 2000).<br \/>\nWenancjusz Domaga\u0142a<\/p>\n<p>Spis tre\u015bci:<br \/>\n1. Uszkodzenie i \u015bmier\u0107 kom\u00f3rki<br \/>\n2. Procesy adaptacyjne i zwyrodnieniowe<br \/>\n3. Og\u00f3lne zaburzenia kr\u0105\u017cenia<br \/>\n4. Zapalenia<br \/>\n5. Regeneracja tkanek i gojenie ran<br \/>\n6. Immunopatologia<br \/>\n7. Nowotwory<br \/>\n8. Choroby zaka\u017ane i paso\u017cytnicze<br \/>\n9. Patologia \u015brodowiskowa i stanu od\u017cywienia<br \/>\n10. Choroby dzieci<br \/>\n11. Choroby naczy\u0144<br \/>\n12. Choroby serca<br \/>\n13. Hematopatologia I<br \/>\n14. Nowotwory tkanek mi\u0119kkich<br \/>\n15. Nienowotworowe choroby p\u0142uc i op\u0142ucnej<br \/>\n16. Nowotwory p\u0142uc, op\u0142ucnej i \u015br\u00f3dpiersia<\/p>\n","protected":false},"excerpt":{"rendered":"<p>Wenancjusz Domaga\u0142a Rok wydania: 2016 Wydanie: 3 Ilo\u015b\u0107 stron: 676 [&hellip;]<\/p>\n","protected":false},"featured_media":13559,"template":"","meta":[],"product_brand":[],"product_cat":[7493],"product_tag":[3994,5436],"class_list":{"0":"post-13558","1":"product","2":"type-product","3":"status-publish","4":"has-post-thumbnail","6":"product_cat-medycyna","7":"product_tag-medycyna","8":"product_tag-patologia","10":"first","11":"instock","12":"sale","13":"shipping-taxable","14":"purchasable","15":"product-type-simple"},"_links":{"self":[{"href":"https:\/\/ksiegarnia-akademicka.pl\/index.php\/wp-json\/wp\/v2\/product\/13558","targetHints":{"allow":["GET"]}}],"collection":[{"href":"https:\/\/ksiegarnia-akademicka.pl\/index.php\/wp-json\/wp\/v2\/product"}],"about":[{"href":"https:\/\/ksiegarnia-akademicka.pl\/index.php\/wp-json\/wp\/v2\/types\/product"}],"wp:featuredmedia":[{"embeddable":true,"href":"https:\/\/ksiegarnia-akademicka.pl\/index.php\/wp-json\/wp\/v2\/media\/13559"}],"wp:attachment":[{"href":"https:\/\/ksiegarnia-akademicka.pl\/index.php\/wp-json\/wp\/v2\/media?parent=13558"}],"wp:term":[{"taxonomy":"product_brand","embeddable":true,"href":"https:\/\/ksiegarnia-akademicka.pl\/index.php\/wp-json\/wp\/v2\/product_brand?post=13558"},{"taxonomy":"product_cat","embeddable":true,"href":"https:\/\/ksiegarnia-akademicka.pl\/index.php\/wp-json\/wp\/v2\/product_cat?post=13558"},{"taxonomy":"product_tag","embeddable":true,"href":"https:\/\/ksiegarnia-akademicka.pl\/index.php\/wp-json\/wp\/v2\/product_tag?post=13558"}],"curies":[{"name":"wp","href":"https:\/\/api.w.org\/{rel}","templated":true}]}}