{"id":13507,"date":"2020-10-29T10:49:57","date_gmt":"2020-10-29T09:49:57","guid":{"rendered":"http:\/\/ksiegarnia-akademicka.pl\/?post_type=product&#038;p=13507"},"modified":"2020-10-29T10:49:59","modified_gmt":"2020-10-29T09:49:59","slug":"podatki-i-skladki-z-tytulu-zatrudnienia","status":"publish","type":"product","link":"https:\/\/ksiegarnia-akademicka.pl\/index.php\/product\/podatki-i-skladki-z-tytulu-zatrudnienia\/","title":{"rendered":"Podatki i sk\u0142adki z tytu\u0142u zatrudnienia"},"content":{"rendered":"<p>Redakcja naukowa:<br \/>\nDorota Dzienisiuk, Maria Supera-Markowska<br \/>\nDiana Bo\u017cek, Anna Dubowik, Dorota Dzienisiuk, Hanna Litwi\u0144czuk, Magdalena Porze\u017cy\u0144ska, Maria Supera-Markowska, Andrzej Szybkie<br \/>\nWydawnictwo: Wolters Kluwer Polska<br \/>\nRok publikacji: 2020<br \/>\nWydanie: 1<br \/>\nLiczba stron: 384<br \/>\nSeria: Poradniki LEX<br \/>\nOk\u0142adka: mi\u0119kka<br \/>\nFormat: B5<br \/>\nISBN: 978-83-8223-061-1<\/p>\n<p>W ksi\u0105\u017cce przedstawiono zagadnienia prawa podatkowego, prawa ubezpiecze\u0144 spo\u0142ecznych i innych dziedzin zwi\u0105zane z obci\u0105\u017ceniami daninowymi wynikaj\u0105cymi z zatrudnienia. Uwzgl\u0119dniono problematyk\u0119 podatku dochodowego od os\u00f3b fizycznych oraz sk\u0142adek na ubezpieczenia spo\u0142eczne, ubezpieczenie zdrowotne, Fundusz Emerytur Pomostowych, Fundusz Pracy, Fundusz Gwarantowanych \u015awiadcze\u0144 Pracowniczych i Fundusz Solidarno\u015bciowy.<\/p>\n<p>W publikacji om\u00f3wiono m.in.:<\/p>\n<p>kwestie zwi\u0105zane z tworzeniem pracowniczych plan\u00f3w kapita\u0142owych oraz dobrowolnych form zabezpieczenia zatrudnionych,<br \/>\nistot\u0119 podatk\u00f3w i sk\u0142adek jako danin publicznych,<br \/>\nr\u00f3\u017cne formy zatrudnienia w kontek\u015bcie zagadnienia \u017ar\u00f3de\u0142 przychod\u00f3w i tytu\u0142\u00f3w ubezpiecze\u0144,<br \/>\nzasady ustalania przychod\u00f3w i koszt\u00f3w ich uzyskania dla poszczeg\u00f3lnych \u017ar\u00f3de\u0142 przychod\u00f3w,<br \/>\nsk\u0142adki na ubezpieczenia spo\u0142eczne, kt\u00f3re podlegaj\u0105 odliczeniu od dochodu w celu ustalenia podstawy obliczenia zaliczki na podatek lub podatku, pomniejszanych o cz\u0119\u015b\u0107 stosownie ustalonej sk\u0142adki na ubezpieczenie zdrowotne,<br \/>\nw\u0142a\u015bciwo\u015b\u0107 opodatkowania pracownik\u00f3w transgranicznych,<br \/>\nodpowiedzialno\u015b\u0107 za podatki i sk\u0142adki,<br \/>\ncharakterystyk\u0119 administracji skarbowej i Zak\u0142adu Ubezpiecze\u0144 Spo\u0142ecznych, z kt\u00f3rymi mo\u017ce kontaktowa\u0107 si\u0119 zatrudniony lub zatrudniaj\u0105cy.<br \/>\nAdresaci:<br \/>\nKsi\u0105\u017cka jest przeznaczona dla adwokat\u00f3w, radc\u00f3w prawnych, pracownik\u00f3w biur rachunkowych i dzia\u0142\u00f3w zasob\u00f3w ludzkich, ekonomist\u00f3w, ksi\u0119gowych, mened\u017cer\u00f3w, przedsi\u0119biorc\u00f3w. B\u0119dzie cennym \u017ar\u00f3d\u0142em wiedzy dla przedstawicieli nauki oraz student\u00f3w.<\/p>\n","protected":false},"excerpt":{"rendered":"<p>Redakcja naukowa: Dorota Dzienisiuk, Maria Supera-Markowska Diana Bo\u017cek, Anna Dubowik, [&hellip;]<\/p>\n","protected":false},"featured_media":13508,"template":"","meta":[],"product_brand":[],"product_cat":[22,18,7550],"product_tag":[1055,793,6474],"class_list":{"0":"post-13507","1":"product","2":"type-product","3":"status-publish","4":"has-post-thumbnail","6":"product_cat-podatki-i-prawo-podatkowe","7":"product_cat-prawo","8":"product_cat-prawo-pracy","9":"product_tag-prawo-podatkowe","10":"product_tag-prawo-pracy","11":"product_tag-seria-poradniki-lex","13":"first","14":"instock","15":"sale","16":"shipping-taxable","17":"purchasable","18":"product-type-simple"},"_links":{"self":[{"href":"https:\/\/ksiegarnia-akademicka.pl\/index.php\/wp-json\/wp\/v2\/product\/13507","targetHints":{"allow":["GET"]}}],"collection":[{"href":"https:\/\/ksiegarnia-akademicka.pl\/index.php\/wp-json\/wp\/v2\/product"}],"about":[{"href":"https:\/\/ksiegarnia-akademicka.pl\/index.php\/wp-json\/wp\/v2\/types\/product"}],"wp:featuredmedia":[{"embeddable":true,"href":"https:\/\/ksiegarnia-akademicka.pl\/index.php\/wp-json\/wp\/v2\/media\/13508"}],"wp:attachment":[{"href":"https:\/\/ksiegarnia-akademicka.pl\/index.php\/wp-json\/wp\/v2\/media?parent=13507"}],"wp:term":[{"taxonomy":"product_brand","embeddable":true,"href":"https:\/\/ksiegarnia-akademicka.pl\/index.php\/wp-json\/wp\/v2\/product_brand?post=13507"},{"taxonomy":"product_cat","embeddable":true,"href":"https:\/\/ksiegarnia-akademicka.pl\/index.php\/wp-json\/wp\/v2\/product_cat?post=13507"},{"taxonomy":"product_tag","embeddable":true,"href":"https:\/\/ksiegarnia-akademicka.pl\/index.php\/wp-json\/wp\/v2\/product_tag?post=13507"}],"curies":[{"name":"wp","href":"https:\/\/api.w.org\/{rel}","templated":true}]}}