{"id":13479,"date":"2020-10-28T09:29:27","date_gmt":"2020-10-28T08:29:27","guid":{"rendered":"http:\/\/ksiegarnia-akademicka.pl\/?post_type=product&#038;p=13479"},"modified":"2020-10-28T09:29:27","modified_gmt":"2020-10-28T08:29:27","slug":"teorie-i-podejscia-badawcze-geopolityki","status":"publish","type":"product","link":"https:\/\/ksiegarnia-akademicka.pl\/index.php\/product\/teorie-i-podejscia-badawcze-geopolityki\/","title":{"rendered":"Teorie i podej\u015bcia badawcze geopolityki"},"content":{"rendered":"<p>Redakcja: Tyszkiewicz Adrian<br \/>\nWydawca: Wydawnictwo Uniwersytetu Jagiello\u0144skiego<br \/>\nOprawa: Twarda<br \/>\nFormat: 15.8&#215;23.5cm<br \/>\nLiczba stron: 640<br \/>\nRok wydania: 2020<br \/>\nJ\u0119zyk wydania: polski<\/p>\n<p>Tytu\u0142 proponowanej Czytelnikom ksi\u0105\u017cki Teorie i podej\u015bcia badawcze geopolityki jest odpowiedzi\u0105 na kilka zasadniczych kwestii, kt\u00f3re wyznaczaj\u0105 o\u015b prowadzonych rozwa\u017ca\u0144 w niniejszej pracy \u2013 pyta\u0144 o status zgromadzonej wiedzy geopolitycznej, o jej miejsce w uporz\u0105dkowanym systemie wiedzy zwanym nauk\u0105, a tym samym o dominuj\u0105ce wsp\u00f3\u0142cze\u015bnie zasady jej wytwarzania. Zak\u0142adamy, \u017ce je\u017celi geopolityka ma by\u0107 nauk\u0105, to musi wyj\u015b\u0107 poza potoczn\u0105 czy propagandow\u0105 wiedz\u0119, aby nie tyle \u201edostrzega\u0107\u201d mi\u0119dzynarodowy \u015bwiat, ile jednoznacznie pokazywa\u0107 zwi\u0105zki mi\u0119dzy zjawiskami a teoriami. Musi dysponowa\u0107: teoretycznymi poj\u0119ciami, schematami, modelami oraz teoriami, zbudowanymi wed\u0142ug rygorystycznych, obiektywnych zasad, zwanych metod\u0105 naukow\u0105. Tytu\u0142 pracy w du\u017cej cz\u0119\u015bci nie ma uzasadnienia. Jest jednak wytyczeniem przysz\u0142o\u015bciowego programu dla geopolityki, jest wyrazem wiary w jej naukowy dalszy rozw\u00f3j, gdy\u017c nasz optymizm przewy\u017csza wsp\u00f3\u0142czesne oceny naukowej kondycji wiedzy o zwi\u0105zkach przestrzeni z polityk\u0105. Z wprowadzenia<\/p>\n","protected":false},"excerpt":{"rendered":"<p>Redakcja: Tyszkiewicz Adrian Wydawca: Wydawnictwo Uniwersytetu Jagiello\u0144skiego Oprawa: Twarda Format: [&hellip;]<\/p>\n","protected":false},"featured_media":13480,"template":"","meta":[],"product_brand":[],"product_cat":[27,7507],"product_tag":[3882,495],"class_list":{"0":"post-13479","1":"product","2":"type-product","3":"status-publish","4":"has-post-thumbnail","6":"product_cat-nauki-spoleczne","7":"product_cat-politologia","8":"product_tag-geopolityka","9":"product_tag-polityka","11":"first","12":"instock","13":"sale","14":"shipping-taxable","15":"purchasable","16":"product-type-simple"},"_links":{"self":[{"href":"https:\/\/ksiegarnia-akademicka.pl\/index.php\/wp-json\/wp\/v2\/product\/13479","targetHints":{"allow":["GET"]}}],"collection":[{"href":"https:\/\/ksiegarnia-akademicka.pl\/index.php\/wp-json\/wp\/v2\/product"}],"about":[{"href":"https:\/\/ksiegarnia-akademicka.pl\/index.php\/wp-json\/wp\/v2\/types\/product"}],"wp:featuredmedia":[{"embeddable":true,"href":"https:\/\/ksiegarnia-akademicka.pl\/index.php\/wp-json\/wp\/v2\/media\/13480"}],"wp:attachment":[{"href":"https:\/\/ksiegarnia-akademicka.pl\/index.php\/wp-json\/wp\/v2\/media?parent=13479"}],"wp:term":[{"taxonomy":"product_brand","embeddable":true,"href":"https:\/\/ksiegarnia-akademicka.pl\/index.php\/wp-json\/wp\/v2\/product_brand?post=13479"},{"taxonomy":"product_cat","embeddable":true,"href":"https:\/\/ksiegarnia-akademicka.pl\/index.php\/wp-json\/wp\/v2\/product_cat?post=13479"},{"taxonomy":"product_tag","embeddable":true,"href":"https:\/\/ksiegarnia-akademicka.pl\/index.php\/wp-json\/wp\/v2\/product_tag?post=13479"}],"curies":[{"name":"wp","href":"https:\/\/api.w.org\/{rel}","templated":true}]}}