{"id":13444,"date":"2020-10-20T11:06:42","date_gmt":"2020-10-20T09:06:42","guid":{"rendered":"http:\/\/ksiegarnia-akademicka.pl\/?post_type=product&#038;p=13444"},"modified":"2020-10-20T11:06:42","modified_gmt":"2020-10-20T09:06:42","slug":"poradnik-dla-dozoru-i-elektromonterow-zdajacych-egzamin-kwalifikacyjny-ure-grupy-g1","status":"publish","type":"product","link":"https:\/\/ksiegarnia-akademicka.pl\/index.php\/product\/poradnik-dla-dozoru-i-elektromonterow-zdajacych-egzamin-kwalifikacyjny-ure-grupy-g1\/","title":{"rendered":"Poradnik dla dozoru i elektromonter\u00f3w zdaj\u0105cych egzamin kwalifikacyjny URE Grupy G1"},"content":{"rendered":"<p>Autor:<br \/>\nStanis\u0142aw Paciorek<br \/>\nWydawca: Helion<br \/>\nOprawa: Mi\u0119kka<br \/>\nFormat: 14.0&#215;21.0cm<br \/>\nLiczba stron: 104<br \/>\nRok wydania: 2020<br \/>\nJ\u0119zyk wydania: polski<br \/>\nCi\u0119\u017car: 0,135 kg<\/p>\n<p>Przygotuj si\u0119 dobrze i uzyskaj potwierdzenie swoich uprawnie\u0144<br \/>\nPoradnik jest przeznaczony dla pracownik\u00f3w dozoru i elektromonter\u00f3w pracuj\u0105cych w r\u00f3\u017cnych bran\u017cach ? w tym w kopalniach i zak\u0142adach energetycznych ? przygotowuj\u0105cych si\u0119 do egzaminu kwalifikacyjnego URE Grupy G1. Certyfikat ten jest zwykle wymagany od os\u00f3b, kt\u00f3re zajmuj\u0105 si\u0119 eksploatacj\u0105 urz\u0105dze\u0144 elektroenergetycznych w przedsi\u0119biorstwach lub wykonuj\u0105 us\u0142ugi na rzecz innych podmiot\u00f3w i os\u00f3b fizycznych.<\/p>\n<p>Podr\u0119cznik omawia w zakresie podstawowym problematyk\u0119 regulowan\u0105 przepisami wydanymi na podstawie Kodeksu pracy, Prawa energetycznego i Prawa budowlanego. Dotyka tak\u017ce zagadnie\u0144 wynikaj\u0105cych z przepis\u00f3w wydanych na podstawie Prawa geologicznego i g\u00f3rniczego. Ksi\u0105\u017cka zawiera przyk\u0142adowe pytania, kt\u00f3re mog\u0105 zosta\u0107 zadane podczas egzaminu, wraz z odpowiedziami. Zdany egzamin pozwala uzyska\u0107 \u015bwiadectwo kwalifikacyjne, uprawniaj\u0105ce do samodzielnego wykonywania prac eksploatacyjnych przy urz\u0105dzeniach elektroenergetycznych na stanowiskach dozoru i eksploatacji grupy G1.<\/p>\n","protected":false},"excerpt":{"rendered":"<p>Autor: Stanis\u0142aw Paciorek Wydawca: Helion Oprawa: Mi\u0119kka Format: 14.0&#215;21.0cm Liczba [&hellip;]<\/p>\n","protected":false},"featured_media":13445,"template":"","meta":[],"product_brand":[],"product_cat":[7722,41],"product_tag":[8074,4247],"class_list":{"0":"post-13444","1":"product","2":"type-product","3":"status-publish","4":"has-post-thumbnail","6":"product_cat-energetyka","7":"product_cat-nauki-techniczne","8":"product_tag-egzamin-kwalifikacyjny-ure-g1","9":"product_tag-energetyka","11":"first","12":"instock","13":"sale","14":"shipping-taxable","15":"purchasable","16":"product-type-simple"},"_links":{"self":[{"href":"https:\/\/ksiegarnia-akademicka.pl\/index.php\/wp-json\/wp\/v2\/product\/13444","targetHints":{"allow":["GET"]}}],"collection":[{"href":"https:\/\/ksiegarnia-akademicka.pl\/index.php\/wp-json\/wp\/v2\/product"}],"about":[{"href":"https:\/\/ksiegarnia-akademicka.pl\/index.php\/wp-json\/wp\/v2\/types\/product"}],"wp:featuredmedia":[{"embeddable":true,"href":"https:\/\/ksiegarnia-akademicka.pl\/index.php\/wp-json\/wp\/v2\/media\/13445"}],"wp:attachment":[{"href":"https:\/\/ksiegarnia-akademicka.pl\/index.php\/wp-json\/wp\/v2\/media?parent=13444"}],"wp:term":[{"taxonomy":"product_brand","embeddable":true,"href":"https:\/\/ksiegarnia-akademicka.pl\/index.php\/wp-json\/wp\/v2\/product_brand?post=13444"},{"taxonomy":"product_cat","embeddable":true,"href":"https:\/\/ksiegarnia-akademicka.pl\/index.php\/wp-json\/wp\/v2\/product_cat?post=13444"},{"taxonomy":"product_tag","embeddable":true,"href":"https:\/\/ksiegarnia-akademicka.pl\/index.php\/wp-json\/wp\/v2\/product_tag?post=13444"}],"curies":[{"name":"wp","href":"https:\/\/api.w.org\/{rel}","templated":true}]}}