{"id":13430,"date":"2020-10-20T10:13:37","date_gmt":"2020-10-20T08:13:37","guid":{"rendered":"http:\/\/ksiegarnia-akademicka.pl\/?post_type=product&#038;p=13430"},"modified":"2020-10-20T10:13:37","modified_gmt":"2020-10-20T08:13:37","slug":"pracownicze-plany-kapitalowe-obowiazki-pracodawcy","status":"publish","type":"product","link":"https:\/\/ksiegarnia-akademicka.pl\/index.php\/product\/pracownicze-plany-kapitalowe-obowiazki-pracodawcy\/","title":{"rendered":"Pracownicze plany kapita\u0142owe Obowi\u0105zki pracodawcy"},"content":{"rendered":"<p>Autor:<br \/>\nAneta Ol\u0119dzka<br \/>\nWydawca: Infor<br \/>\nOprawa: Mi\u0119kka<br \/>\nFormat: 16.5&#215;23.5cm<br \/>\nLiczba stron: 86<br \/>\nRok wydania: 2020<br \/>\nJ\u0119zyk wydania: polski<br \/>\nCi\u0119\u017car: 0,14 kg<\/p>\n<p>Pracownicze plany kapita\u0142owe (PPK) s\u0105 now\u0105 form\u0105 dodatkowego i d\u0142ugoterminowego oszcz\u0119dzania z mo\u017cliwo\u015bci\u0105 skorzystania ze zgromadzonych \u015brodk\u00f3w po uko\u0144czeniu 60 roku \u017cycia. Dla os\u00f3b zatrudnionych przyst\u0105pienie do programu jest dobrowolne. W ka\u017cdej chwili tak\u017ce mog\u0105 do niego przyst\u0105pi\u0107 lub z niego zrezygnowa\u0107. Natomiast podmioty zatrudniaj\u0105ce (np. pracodawcy, zleceniodawcy) maj\u0105 obowi\u0105zek przyst\u0105pienia do PPK.<br \/>\nWdro\u017cenie PPK w firmach to nie lada wyzwanie. Nast\u0119puje ono etapami. W tym roku do PPK do\u0142\u0105cz\u0105 firmy zatrudniaj\u0105ce co najmniej 50 i co najmniej 20 os\u00f3b. Natomiast od 1 stycznia 2021 r. obowi\u0105zek stosowania ustawy o PPK spocznie na pozosta\u0142ych podmiotach zatrudniaj\u0105cych oraz na jednostkach sektora publicznego. Wi\u0105\u017c\u0105 si\u0119 tym nowe obowi\u0105zki, terminy, procedury.<br \/>\nW publikacji zawarto informacje zar\u00f3wno dla adresat\u00f3w programu, jak i dla firm maj\u0105cych obowi\u0105zek jego wdro\u017cenia. W przejrzysty spos\u00f3b opisana zosta\u0142a krok po kroku procedura wdro\u017cenia PPK, a tak\u017ce pozosta\u0142e obowi\u0105zki zwi\u0105zane z jego prowadzeniem. Uczestnicy programu dowiedz\u0105 si\u0119 z publikacji, w jaki spos\u00f3b mog\u0105 rozporz\u0105dza\u0107 zgromadzonymi w PPK \u015brodkami \u2013 m.in. jak najkorzystniej je wyp\u0142aca\u0107, w jakich przypadkach taka wyp\u0142ata jest mo\u017cliwa czy te\u017c jak nimi dysponowa\u0107 w razie \u015bmierci.<br \/>\nTo przyst\u0119pne i wyczerpuj\u0105ce opracowanie pomo\u017ce w pracy specjalistom z zakresu kadr i p\u0142ac, kadrowym i ksi\u0119gowym. Zainteresuje te\u017c pracodawc\u00f3w oraz biura rachunkowe, kt\u00f3re prowadz\u0105 obs\u0142ug\u0119 w zakresie rozliczania wynagrodze\u0144.<\/p>\n","protected":false},"excerpt":{"rendered":"<p>Autor: Aneta Ol\u0119dzka Wydawca: Infor Oprawa: Mi\u0119kka Format: 16.5&#215;23.5cm Liczba [&hellip;]<\/p>\n","protected":false},"featured_media":13431,"template":"","meta":[],"product_brand":[],"product_cat":[18,7550,21],"product_tag":[793,643],"class_list":{"0":"post-13430","1":"product","2":"type-product","3":"status-publish","4":"has-post-thumbnail","6":"product_cat-prawo","7":"product_cat-prawo-pracy","8":"product_cat-ubezpieczenia","9":"product_tag-prawo-pracy","10":"product_tag-ubezpieczenia-spoleczne","12":"first","13":"instock","14":"sale","15":"shipping-taxable","16":"purchasable","17":"product-type-simple"},"_links":{"self":[{"href":"https:\/\/ksiegarnia-akademicka.pl\/index.php\/wp-json\/wp\/v2\/product\/13430","targetHints":{"allow":["GET"]}}],"collection":[{"href":"https:\/\/ksiegarnia-akademicka.pl\/index.php\/wp-json\/wp\/v2\/product"}],"about":[{"href":"https:\/\/ksiegarnia-akademicka.pl\/index.php\/wp-json\/wp\/v2\/types\/product"}],"wp:featuredmedia":[{"embeddable":true,"href":"https:\/\/ksiegarnia-akademicka.pl\/index.php\/wp-json\/wp\/v2\/media\/13431"}],"wp:attachment":[{"href":"https:\/\/ksiegarnia-akademicka.pl\/index.php\/wp-json\/wp\/v2\/media?parent=13430"}],"wp:term":[{"taxonomy":"product_brand","embeddable":true,"href":"https:\/\/ksiegarnia-akademicka.pl\/index.php\/wp-json\/wp\/v2\/product_brand?post=13430"},{"taxonomy":"product_cat","embeddable":true,"href":"https:\/\/ksiegarnia-akademicka.pl\/index.php\/wp-json\/wp\/v2\/product_cat?post=13430"},{"taxonomy":"product_tag","embeddable":true,"href":"https:\/\/ksiegarnia-akademicka.pl\/index.php\/wp-json\/wp\/v2\/product_tag?post=13430"}],"curies":[{"name":"wp","href":"https:\/\/api.w.org\/{rel}","templated":true}]}}