{"id":13426,"date":"2020-10-20T10:08:57","date_gmt":"2020-10-20T08:08:57","guid":{"rendered":"http:\/\/ksiegarnia-akademicka.pl\/?post_type=product&#038;p=13426"},"modified":"2024-12-05T08:32:41","modified_gmt":"2024-12-05T07:32:41","slug":"prawo-karne-przepisy-2020","status":"publish","type":"product","link":"https:\/\/ksiegarnia-akademicka.pl\/index.php\/product\/prawo-karne-przepisy-2020\/","title":{"rendered":"Prawo Karne Przepisy 2021"},"content":{"rendered":"<p>Redakcja: Kaszok Agnieszka<br \/>\nWydawca: Od.Nowa<br \/>\nOprawa: Mi\u0119kka<br \/>\nFormat: 21.0&#215;26.0cm<br \/>\nLiczba stron: 394<br \/>\nWydanie: 8<br \/>\nRok wydania: 2021<br \/>\nJ\u0119zyk wydania: polski<\/p>\n<p>STAN PRAWNY STYCZE\u0143 2021<\/p>\n<p>\u201ePrzepisy 2021\u201d Prawo karne \u2013 zawiera jednolite teksty ustaw:<br \/>\n\u2013 ustawy z dnia 6 czerwca 1997 r. Kodeks karny<br \/>\n\u2013 ustawy z dnia 6 czerwca 1997 r. Kodeks post\u0119powania karnego<br \/>\n\u2013 ustawy z dnia 6 czerwca 1997 r. Kodeks karny wykonawczy<br \/>\n\u2013 ustawy z dnia 10 wrze\u015bnia 1999 r. Kodeks karny skarbowy<br \/>\n\u2013 ustawy z dnia 20 maja 1971 r. Kodeks wykrocze\u0144<br \/>\n\u2013 ustawy z dnia 24 sierpnia 2001 r. Kodeks post\u0119powania w sprawach o wykroczenia<br \/>\n\u2013 ustawy z dnia 29 lipca 2005 r. o przeciwdzia\u0142aniu narkomanii<br \/>\n\u2013 ustawy z dnia 26 pa\u017adziernika 1982 r. o wychowaniu w trze\u017awo\u015bci i przeciwdzia\u0142aniu alkoholizmowi<br \/>\n\u2013 ustawy z dnia 26 pa\u017adziernika 1982 r. o post\u0119powaniu w sprawach nieletnich<br \/>\n\u2013 ustawy z dnia 23 czerwca 1973 r. o op\u0142atach w sprawach karnych<br \/>\n\u2013 ustawy z dnia 25 czerwca 1997 r. o \u015bwiadku koronnym<\/p>\n<p>Poprzez system przypis\u00f3w publikacja umo\u017cliwia studentom i praktykom \u0142atwe \u015bledzenie zmian prawnych. Zalet\u0105 ksi\u0105\u017cki jest jej praktyczny, du\u017cy format, przejrzysty uk\u0142ad graficzny i niska cena. \u0141atw\u0105 orientacj\u0119 w materiale umo\u017cliwia obszerny skorowidz zbiorczy. Stan prawny: 1 sierpnia 2019 r. Przepisy wchodz\u0105ce w \u017cycie p\u00f3\u017aniej ni\u017c podany stan prawny aktu prawnego ale ju\u017c og\u0142oszone w Dzienniku Ustaw podajemy w ramkach z zachowaniem przepisu w dotychczas obowi\u0105zuj\u0105cym brzmieniu.<\/p>\n<p>Publikacja wska\u017ce Ci m.in.:<br \/>\n&#8211; informacje dotycz\u0105ce prawa karnego materialnego, proceduralnego, prawa karnego wykonawczego<br \/>\n&#8211; informacje dotycz\u0105ce prawa karnego skarbowego<br \/>\n&#8211; informacje dotycz\u0105ce prawa wykrocze\u0144 i post\u0119powania wykroczeniowego<br \/>\n&#8211; informacje dotycz\u0105ce op\u0142at w sprawach karnych, przeciwdzia\u0142ania narkomani i wychowania w trze\u017awo\u015bci<br \/>\n&#8211; informacje dotycz\u0105ce post\u0119powania w sprawach nieletnich<br \/>\n&#8211; informacje dotycz\u0105ce instytucji \u015bwiadka koronnego<\/p>\n<p>Szczeg\u00f3lnie pomocna dla:<br \/>\n\u2013 student\u00f3w i wyk\u0142adowc\u00f3w<br \/>\n\u2013 os\u00f3b przygotowuj\u0105cych si\u0119 do egzamin\u00f3w<br \/>\n\u2013 aplikant\u00f3w<br \/>\n\u2013 os\u00f3b ceni\u0105cych sobie wyj\u0105tkowy format oraz przyst\u0119pn\u0105 cen\u0119<\/p>\n","protected":false},"excerpt":{"rendered":"<p>Redakcja: Kaszok Agnieszka Wydawca: Od.Nowa Oprawa: Mi\u0119kka Format: 21.0&#215;26.0cm Liczba [&hellip;]<\/p>\n","protected":false},"featured_media":14016,"template":"","meta":[],"product_brand":[],"product_cat":[7490,18],"product_tag":[296,1883],"class_list":{"0":"post-13426","1":"product","2":"type-product","3":"status-publish","4":"has-post-thumbnail","6":"product_cat-karne","7":"product_cat-prawo","8":"product_tag-prawo-karne","9":"product_tag-przepisy","11":"first","12":"instock","13":"sale","14":"shipping-taxable","15":"purchasable","16":"product-type-simple"},"_links":{"self":[{"href":"https:\/\/ksiegarnia-akademicka.pl\/index.php\/wp-json\/wp\/v2\/product\/13426","targetHints":{"allow":["GET"]}}],"collection":[{"href":"https:\/\/ksiegarnia-akademicka.pl\/index.php\/wp-json\/wp\/v2\/product"}],"about":[{"href":"https:\/\/ksiegarnia-akademicka.pl\/index.php\/wp-json\/wp\/v2\/types\/product"}],"wp:featuredmedia":[{"embeddable":true,"href":"https:\/\/ksiegarnia-akademicka.pl\/index.php\/wp-json\/wp\/v2\/media\/14016"}],"wp:attachment":[{"href":"https:\/\/ksiegarnia-akademicka.pl\/index.php\/wp-json\/wp\/v2\/media?parent=13426"}],"wp:term":[{"taxonomy":"product_brand","embeddable":true,"href":"https:\/\/ksiegarnia-akademicka.pl\/index.php\/wp-json\/wp\/v2\/product_brand?post=13426"},{"taxonomy":"product_cat","embeddable":true,"href":"https:\/\/ksiegarnia-akademicka.pl\/index.php\/wp-json\/wp\/v2\/product_cat?post=13426"},{"taxonomy":"product_tag","embeddable":true,"href":"https:\/\/ksiegarnia-akademicka.pl\/index.php\/wp-json\/wp\/v2\/product_tag?post=13426"}],"curies":[{"name":"wp","href":"https:\/\/api.w.org\/{rel}","templated":true}]}}