{"id":13385,"date":"2020-10-16T10:45:14","date_gmt":"2020-10-16T08:45:14","guid":{"rendered":"http:\/\/ksiegarnia-akademicka.pl\/?post_type=product&#038;p=13385"},"modified":"2021-12-06T13:46:56","modified_gmt":"2021-12-06T12:46:56","slug":"higiena-podrecznik-dla-studentow-wydzialow-kosmetologii","status":"publish","type":"product","link":"https:\/\/ksiegarnia-akademicka.pl\/index.php\/product\/higiena-podrecznik-dla-studentow-wydzialow-kosmetologii\/","title":{"rendered":"Higiena Podr\u0119cznik dla student\u00f3w wydzia\u0142\u00f3w kosmetologii"},"content":{"rendered":"<p>Autor:<br \/>\nMarcin Zawadzki<br \/>\nEugenia Murawska-Cia\u0142owicz<br \/>\nWydawca: G\u00f3rnicki<br \/>\nOprawa: Mi\u0119kka<br \/>\nFormat: 17.5&#215;23.5cm<br \/>\nLiczba stron: 202<br \/>\nRok wydania: 2012<br \/>\nJ\u0119zyk wydania: polski<\/p>\n<p>Wsp\u00f3\u0142czesne trendy lansuj\u0105 wizerunek osoby pe\u0142nej wigoru, szczup\u0142ej, opalonej i wypiel\u0119gnowanej. Wszystko to mo\u017cna dosta\u0107 w gabinecie kosmetycznym. Nie zawsze jednak, korzystaj\u0105c z us\u0142ug kosmetycznych, zdajemy sobie spraw\u0119 z tego, jak dzia\u0142aj\u0105 \u015brodki prowadz\u0105ce do uzyskania oczekiwanego przez nas efektu, czy s\u0105 bezpieczne, jak nale\u017cy z nich korzysta\u0107 oraz jak pracowa\u0107, aby niepotrzebnie si\u0119 nie nara\u017ca\u0107. Cz\u0119\u015bciowo odpowied\u017a na te pytania daje niniejszy podr\u0119cznik, kierowany przede wszystkim do \u015brodowiska kosmetycznego, ale r\u00f3wnie\u017c do os\u00f3b chc\u0105cych zapozna\u0107 si\u0119 z problemami kosmetologii.<\/p>\n","protected":false},"excerpt":{"rendered":"<p>Autor: Marcin Zawadzki Eugenia Murawska-Cia\u0142owicz Wydawca: G\u00f3rnicki Oprawa: Mi\u0119kka Format: [&hellip;]<\/p>\n","protected":false},"featured_media":13386,"template":"","meta":[],"product_brand":[],"product_cat":[7625],"product_tag":[8070,4934,7770],"class_list":{"0":"post-13385","1":"product","2":"type-product","3":"status-publish","4":"has-post-thumbnail","6":"product_cat-nauki-o-zdrowiu","7":"product_tag-higiena","8":"product_tag-kosmetologia","9":"product_tag-zdrowie-czlowieka","11":"first","12":"instock","13":"sale","14":"shipping-taxable","15":"purchasable","16":"product-type-simple"},"_links":{"self":[{"href":"https:\/\/ksiegarnia-akademicka.pl\/index.php\/wp-json\/wp\/v2\/product\/13385","targetHints":{"allow":["GET"]}}],"collection":[{"href":"https:\/\/ksiegarnia-akademicka.pl\/index.php\/wp-json\/wp\/v2\/product"}],"about":[{"href":"https:\/\/ksiegarnia-akademicka.pl\/index.php\/wp-json\/wp\/v2\/types\/product"}],"wp:featuredmedia":[{"embeddable":true,"href":"https:\/\/ksiegarnia-akademicka.pl\/index.php\/wp-json\/wp\/v2\/media\/13386"}],"wp:attachment":[{"href":"https:\/\/ksiegarnia-akademicka.pl\/index.php\/wp-json\/wp\/v2\/media?parent=13385"}],"wp:term":[{"taxonomy":"product_brand","embeddable":true,"href":"https:\/\/ksiegarnia-akademicka.pl\/index.php\/wp-json\/wp\/v2\/product_brand?post=13385"},{"taxonomy":"product_cat","embeddable":true,"href":"https:\/\/ksiegarnia-akademicka.pl\/index.php\/wp-json\/wp\/v2\/product_cat?post=13385"},{"taxonomy":"product_tag","embeddable":true,"href":"https:\/\/ksiegarnia-akademicka.pl\/index.php\/wp-json\/wp\/v2\/product_tag?post=13385"}],"curies":[{"name":"wp","href":"https:\/\/api.w.org\/{rel}","templated":true}]}}