{"id":13373,"date":"2020-10-08T14:22:55","date_gmt":"2020-10-08T12:22:55","guid":{"rendered":"http:\/\/ksiegarnia-akademicka.pl\/?post_type=product&#038;p=13373"},"modified":"2024-10-10T13:49:21","modified_gmt":"2024-10-10T11:49:21","slug":"patofizjologia-czlowieka-w-zarysie-3","status":"publish","type":"product","link":"https:\/\/ksiegarnia-akademicka.pl\/index.php\/product\/patofizjologia-czlowieka-w-zarysie-3\/","title":{"rendered":"Patofizjologia cz\u0142owieka w zarysie"},"content":{"rendered":"<p>Autor:<br \/>\nJan W. Guzek<br \/>\nWydawca: PZWL<br \/>\nOprawa: Twarda<br \/>\nFormat: 15.0&#215;21.0cm<br \/>\nLiczba stron: 700<br \/>\nWydanie: 1<br \/>\nRok wydania: 2019<br \/>\nJ\u0119zyk wydania: polski<br \/>\nISBN:\t978-83-200-4940-4<\/p>\n<p>Podr\u0119cznik zgodny z programem nauczania patofizjologii na wydzia\u0142ach lekarskich. Powinien s\u0142u\u017cy\u0107 jako podr\u0119cznik pierwszego kontaktu.<\/p>\n<p>Zwi\u0119z\u0142a forma podr\u0119cznika umo\u017cliwia szybkie powt\u00f3rzenie materia\u0142u.<\/p>\n<p>Publikacja przeznaczona jest dla student\u00f3w uniwersytet\u00f3w medycznych &#8211; wydzia\u0142\u00f3w lekarskich, stomatologii i farmacji, a tak\u017ce kierunk\u00f3w zwi\u0105zanych z ochron\u0105 zdrowia.<\/p>\n","protected":false},"excerpt":{"rendered":"<p>Autor: Jan W. Guzek Wydawca: PZWL Oprawa: Twarda Format: 15.0&#215;21.0cm [&hellip;]<\/p>\n","protected":false},"featured_media":13374,"template":"","meta":[],"product_brand":[],"product_cat":[8069,7493],"product_tag":[1655,5436],"class_list":{"0":"post-13373","1":"product","2":"type-product","3":"status-publish","4":"has-post-thumbnail","6":"product_cat-fizjologia","7":"product_cat-medycyna","8":"product_tag-fizjologia","9":"product_tag-patologia","11":"first","12":"outofstock","13":"sale","14":"shipping-taxable","15":"purchasable","16":"product-type-simple"},"_links":{"self":[{"href":"https:\/\/ksiegarnia-akademicka.pl\/index.php\/wp-json\/wp\/v2\/product\/13373","targetHints":{"allow":["GET"]}}],"collection":[{"href":"https:\/\/ksiegarnia-akademicka.pl\/index.php\/wp-json\/wp\/v2\/product"}],"about":[{"href":"https:\/\/ksiegarnia-akademicka.pl\/index.php\/wp-json\/wp\/v2\/types\/product"}],"wp:featuredmedia":[{"embeddable":true,"href":"https:\/\/ksiegarnia-akademicka.pl\/index.php\/wp-json\/wp\/v2\/media\/13374"}],"wp:attachment":[{"href":"https:\/\/ksiegarnia-akademicka.pl\/index.php\/wp-json\/wp\/v2\/media?parent=13373"}],"wp:term":[{"taxonomy":"product_brand","embeddable":true,"href":"https:\/\/ksiegarnia-akademicka.pl\/index.php\/wp-json\/wp\/v2\/product_brand?post=13373"},{"taxonomy":"product_cat","embeddable":true,"href":"https:\/\/ksiegarnia-akademicka.pl\/index.php\/wp-json\/wp\/v2\/product_cat?post=13373"},{"taxonomy":"product_tag","embeddable":true,"href":"https:\/\/ksiegarnia-akademicka.pl\/index.php\/wp-json\/wp\/v2\/product_tag?post=13373"}],"curies":[{"name":"wp","href":"https:\/\/api.w.org\/{rel}","templated":true}]}}