{"id":13358,"date":"2020-10-08T11:20:25","date_gmt":"2020-10-08T09:20:25","guid":{"rendered":"http:\/\/ksiegarnia-akademicka.pl\/?post_type=product&#038;p=13358"},"modified":"2020-10-08T11:20:26","modified_gmt":"2020-10-08T09:20:26","slug":"pracownicze-plany-kapitalowe","status":"publish","type":"product","link":"https:\/\/ksiegarnia-akademicka.pl\/index.php\/product\/pracownicze-plany-kapitalowe\/","title":{"rendered":"Pracownicze plany kapita\u0142owe"},"content":{"rendered":"<p>Autor:<br \/>\nMarcin Wojew\u00f3dka<br \/>\nAntoni Kolek<br \/>\nWydawca: ODDK<br \/>\nOprawa: Mi\u0119kka<br \/>\nLiczba stron: 182<br \/>\nRok wydania: 2020<br \/>\nJ\u0119zyk wydania: polski<br \/>\nISBN:\t978-83-7804-741-4<\/p>\n<p>Pracownicze plany kapita\u0142owe \u2013 nowe wyzwania i obowi\u0105zki dla pracodawc\u00f3w!<\/p>\n<p>Pracownicze plany kapita\u0142owe (PPK) to nowy, niezale\u017cny od ZUS, program dodatkowego i dobrowolnego oszcz\u0119dzania. Jest to system dobrowolny dla os\u00f3b zatrudnionych, ale obowi\u0105zkowy dla pracodawc\u00f3w, kt\u00f3rzy zostali obarczeni wieloma wa\u017cnymi i trudnymi obowi\u0105zkami.<\/p>\n<p>W poradniku przedstawiono kompleksowo wszystkie aspekty dotycz\u0105ce funkcjonowania pracowniczych plan\u00f3w kapita\u0142owych z uwzgl\u0119dnieniem zmian wprowadzonych w ramach tzw. tarcz antykryzysowych zwi\u0105zanych z pandemi\u0105 COVID-19, w tym m.in.:<\/p>\n<p>g\u0142\u00f3wne za\u0142o\u017cenia PPK z om\u00f3wieniem szczeg\u00f3lnej roli podmiotu zatrudniaj\u0105cego,<br \/>\naspekty praktyczne za\u0142o\u017cenia i prowadzenia PPK w firmie, w tym:<br \/>\nobowi\u0105zki administracyjne podmiotu zatrudniaj\u0105cego<br \/>\netapy wyboru us\u0142ugodawcy PPK<br \/>\ntre\u015b\u0107 i charakter umowy o zarz\u0105dzanie PPK<br \/>\nkomunikacja i wsp\u00f3\u0142praca z reprezentacj\u0105 pracownik\u00f3w<br \/>\nsankcje dla podmiot\u00f3w zatrudniaj\u0105cych,<br \/>\nzasady finansowania PPK i polityka inwestycyjna, w tym:<br \/>\nwysoko\u015b\u0107 i zasady finansowania wp\u0142aty podstawowej i wp\u0142aty dodatkowej<br \/>\ndop\u0142aty ze \u015brodk\u00f3w publicznych<br \/>\nbezpiecze\u0144stwo \u015brodk\u00f3w i odpowiedzialno\u015b\u0107 podmiot\u00f3w zatrudniaj\u0105cych,<br \/>\nwarunki wykorzystania oszcz\u0119dno\u015bci zgormadzonych w PPK,<br \/>\ndobre praktyki we wdra\u017caniu i obs\u0142udze PPK,<br \/>\nr\u00f3\u017cnice pomi\u0119dzy pracowniczymi planami kapita\u0142owymi (PPK) a pracowniczymi programami emerytalnymi (PPE).<\/p>\n<p>Celem publikacji jest u\u0142atwienie poruszania si\u0119 w nowym porz\u0105dku prawnym oraz bezpieczne pos\u0142ugiwanie si\u0119 kategoriami wprowadzanymi przez ustaw\u0119 o PPK. Komentarzom do poszczeg\u00f3lnych zagadnie\u0144 towarzysz\u0105 praktyczne wyja\u015bnienia i przyk\u0142ady obja\u015bniaj\u0105ce stosowanie nowych regulacji.<\/p>\n","protected":false},"excerpt":{"rendered":"<p>Autor: Marcin Wojew\u00f3dka Antoni Kolek Wydawca: ODDK Oprawa: Mi\u0119kka Liczba [&hellip;]<\/p>\n","protected":false},"featured_media":13359,"template":"","meta":[],"product_brand":[],"product_cat":[18,7550],"product_tag":[7788,793],"class_list":{"0":"post-13358","1":"product","2":"type-product","3":"status-publish","4":"has-post-thumbnail","6":"product_cat-prawo","7":"product_cat-prawo-pracy","8":"product_tag-pracownicze-plany-kapitalowe","9":"product_tag-prawo-pracy","11":"first","12":"instock","13":"sale","14":"shipping-taxable","15":"purchasable","16":"product-type-simple"},"_links":{"self":[{"href":"https:\/\/ksiegarnia-akademicka.pl\/index.php\/wp-json\/wp\/v2\/product\/13358","targetHints":{"allow":["GET"]}}],"collection":[{"href":"https:\/\/ksiegarnia-akademicka.pl\/index.php\/wp-json\/wp\/v2\/product"}],"about":[{"href":"https:\/\/ksiegarnia-akademicka.pl\/index.php\/wp-json\/wp\/v2\/types\/product"}],"wp:featuredmedia":[{"embeddable":true,"href":"https:\/\/ksiegarnia-akademicka.pl\/index.php\/wp-json\/wp\/v2\/media\/13359"}],"wp:attachment":[{"href":"https:\/\/ksiegarnia-akademicka.pl\/index.php\/wp-json\/wp\/v2\/media?parent=13358"}],"wp:term":[{"taxonomy":"product_brand","embeddable":true,"href":"https:\/\/ksiegarnia-akademicka.pl\/index.php\/wp-json\/wp\/v2\/product_brand?post=13358"},{"taxonomy":"product_cat","embeddable":true,"href":"https:\/\/ksiegarnia-akademicka.pl\/index.php\/wp-json\/wp\/v2\/product_cat?post=13358"},{"taxonomy":"product_tag","embeddable":true,"href":"https:\/\/ksiegarnia-akademicka.pl\/index.php\/wp-json\/wp\/v2\/product_tag?post=13358"}],"curies":[{"name":"wp","href":"https:\/\/api.w.org\/{rel}","templated":true}]}}