{"id":13338,"date":"2020-10-05T15:35:44","date_gmt":"2020-10-05T13:35:44","guid":{"rendered":"http:\/\/ksiegarnia-akademicka.pl\/?post_type=product&#038;p=13338"},"modified":"2020-10-05T15:35:45","modified_gmt":"2020-10-05T13:35:45","slug":"system-podatkowy-zarys-wykladu","status":"publish","type":"product","link":"https:\/\/ksiegarnia-akademicka.pl\/index.php\/product\/system-podatkowy-zarys-wykladu\/","title":{"rendered":"System podatkowy. Zarys wyk\u0142adu"},"content":{"rendered":"<p>Robert Wola\u0144ski<br \/>\nWydawnictwo: Wolters Kluwer Polska<br \/>\nRok publikacji: 2020<br \/>\nWydanie: 1<br \/>\nLiczba stron: 548<br \/>\nSeria: Akademicka<\/p>\n<p>W podr\u0119czniku om\u00f3wiono najwa\u017cniejsze zagadnienia dotycz\u0105ce podatk\u00f3w i prawa podatkowego. Przybli\u017cono tak\u017ce wybrane elementy system\u00f3w podatkowych i procesu harmonizacji podatk\u00f3w w Unii Europejskiej oraz stopie\u0144 dostosowania polskich regulacji do unormowa\u0144 unijnych.<\/p>\n<p>W opracowaniu przedstawiono m.in. takie tematy jak:<\/p>\n<p>istota podatku jako instytucji prawnej;<br \/>\nmiejsce prawa podatkowego w systemie prawnym, jego \u017ar\u00f3d\u0142a i wyk\u0142adnia;<br \/>\nkonstrukcje podatk\u00f3w w Polsce, zw\u0142aszcza w zakresie podatk\u00f3w dochodowych i podatk\u00f3w obrotowych;<br \/>\norgany podatkowe i ich kompetencje;<br \/>\nzobowi\u0105zania podatkowe i post\u0119powanie podatkowe;<br \/>\nwybrane zagadnienia mi\u0119dzynarodowego prawa podatkowego.<\/p>\n<p>Adresaci:<br \/>\nKsi\u0105\u017cka przeznaczona jest przede wszystkim dla student\u00f3w wydzia\u0142\u00f3w prawa, administracji, ekonomii i zarz\u0105dzania. Mo\u017ce by\u0107 te\u017c wykorzystana na kursach podyplomowych i szkoleniach. Zainteresuje r\u00f3wnie\u017c doradc\u00f3w podatkowych i pracownik\u00f3w aparatu skarbowego.<\/p>\n","protected":false},"excerpt":{"rendered":"<p>Robert Wola\u0144ski Wydawnictwo: Wolters Kluwer Polska Rok publikacji: 2020 Wydanie: [&hellip;]<\/p>\n","protected":false},"featured_media":13339,"template":"","meta":[],"product_brand":[],"product_cat":[22],"product_tag":[1214,1055,330],"class_list":{"0":"post-13338","1":"product","2":"type-product","3":"status-publish","4":"has-post-thumbnail","6":"product_cat-podatki-i-prawo-podatkowe","7":"product_tag-postepowanie-podatkowe","8":"product_tag-prawo-podatkowe","9":"product_tag-seria-akademicka","11":"first","12":"instock","13":"sale","14":"shipping-taxable","15":"purchasable","16":"product-type-simple"},"_links":{"self":[{"href":"https:\/\/ksiegarnia-akademicka.pl\/index.php\/wp-json\/wp\/v2\/product\/13338","targetHints":{"allow":["GET"]}}],"collection":[{"href":"https:\/\/ksiegarnia-akademicka.pl\/index.php\/wp-json\/wp\/v2\/product"}],"about":[{"href":"https:\/\/ksiegarnia-akademicka.pl\/index.php\/wp-json\/wp\/v2\/types\/product"}],"wp:featuredmedia":[{"embeddable":true,"href":"https:\/\/ksiegarnia-akademicka.pl\/index.php\/wp-json\/wp\/v2\/media\/13339"}],"wp:attachment":[{"href":"https:\/\/ksiegarnia-akademicka.pl\/index.php\/wp-json\/wp\/v2\/media?parent=13338"}],"wp:term":[{"taxonomy":"product_brand","embeddable":true,"href":"https:\/\/ksiegarnia-akademicka.pl\/index.php\/wp-json\/wp\/v2\/product_brand?post=13338"},{"taxonomy":"product_cat","embeddable":true,"href":"https:\/\/ksiegarnia-akademicka.pl\/index.php\/wp-json\/wp\/v2\/product_cat?post=13338"},{"taxonomy":"product_tag","embeddable":true,"href":"https:\/\/ksiegarnia-akademicka.pl\/index.php\/wp-json\/wp\/v2\/product_tag?post=13338"}],"curies":[{"name":"wp","href":"https:\/\/api.w.org\/{rel}","templated":true}]}}