{"id":13279,"date":"2020-09-15T08:34:11","date_gmt":"2020-09-15T06:34:11","guid":{"rendered":"http:\/\/ksiegarnia-akademicka.pl\/?post_type=product&#038;p=13279"},"modified":"2020-09-15T08:34:12","modified_gmt":"2020-09-15T06:34:12","slug":"matematyka-dla-kierunkow-ekonomicznych-przyklady-i-zadania-wraz-z-repetytorium-ze-szkoly-sredniej-2","status":"publish","type":"product","link":"https:\/\/ksiegarnia-akademicka.pl\/index.php\/product\/matematyka-dla-kierunkow-ekonomicznych-przyklady-i-zadania-wraz-z-repetytorium-ze-szkoly-sredniej-2\/","title":{"rendered":"Matematyka dla kierunk\u00f3w ekonomicznych Przyk\u0142ady i zadania wraz z repetytorium ze szko\u0142y \u015bredniej."},"content":{"rendered":"<p>Autor:<br \/>\nGurgul Henryk, Suder Marcin<br \/>\nWydawca: Nieoczywiste<br \/>\nOprawa: Mi\u0119kka<br \/>\nFormat: 16.5&#215;24.0cm<br \/>\nLiczba stron: 792<br \/>\nWydanie: 7<br \/>\nRok wydania: 2020<br \/>\nJ\u0119zyk wydania: polski<br \/>\nISBN:\t978-83-66402-50-8<\/p>\n<p>Podr\u0119cznik obejmuje podstawowy program nauczania matematyki i jej zastosowa\u0144 w ekonomii i zarz\u0105dzaniu. Tre\u015bci czysto matematyczne i zastosowania s\u0105 przedstawione w wyodr\u0119bnionych rozdzia\u0142ach. Dlatego ten podr\u0119cznik mo\u017ce by\u0107 przydatny tak\u017ce dla studi\u00f3w technicznych i rolniczych. Ksi\u0105\u017cka wyr\u00f3\u017cnia si\u0119 du\u017c\u0105 liczb\u0105 ca\u0142kowicie rozwi\u0105zanych \u0107wicze\u0144 i zada\u0144. Do wszystkich zada\u0144 przeznaczonych do samodzielnego rozwi\u0105zania s\u0105 podane pe\u0142ne odpowiedzi. Publikacja jest nieocenion\u0105 pomoc\u0105 szczeg\u00f3lnie w nauczaniu zdalnym.<br \/>\nDr hab. Henryk Zawadzki, prof. UE<br \/>\nUniwersytet Ekonomiczny w Katowicach<\/p>\n<p>Ksi\u0105\u017cka korzystnie wyr\u00f3\u017cnia si\u0119 na tle podr\u0119cznik\u00f3w z matematyki adresowanych do student\u00f3w. Studenci, rekrutuj\u0105cy si\u0119 z r\u00f3\u017cnych szk\u00f3\u0142 \u015brednich, o r\u00f3\u017cnych profilach i poziomach, maj\u0105 mo\u017cliwo\u015b\u0107 samodzielnego uzupe\u0142nienia brak\u00f3w. Prezentowane w ksi\u0105\u017cce zastosowania matematyki w ekonomii przedstawiaj\u0105 metody rozwi\u0105zywania powa\u017cnych problem\u00f3w komparatywnych, elementy teorii u\u017cyteczno\u015bci, podstawy teorii wzrostu ekonomicznego itp.<br \/>\nProf. dr hab. Edward Smaga<br \/>\nUniwersytet Ekonomiczny w Krakowie<\/p>\n<p>Ksi\u0105\u017cka jest napisana w spos\u00f3b bardzo przyst\u0119pny. Zawiera m.in. zadania i przyk\u0142ady dotycz\u0105ce element\u00f3w geometrii w przestrzeni, ca\u0142ek funkcji trygonometrycznych oraz r\u00f3wna\u0144 r\u00f3\u017cniczkowych liniowych rz\u0119du II o sta\u0142ych wsp\u00f3\u0142czynnikach. Du\u017ca liczba przyk\u0142ad\u00f3w oraz zada\u0144 wraz z odpowiedziami sprawia, \u017ce z podr\u0119cznika mog\u0105 korzysta\u0107 studenci nie tylko kierunk\u00f3w ekonomicznych, ale r\u00f3wnie\u017c kierunk\u00f3w technicznych.<br \/>\nDr hab. Zygmunt Wronicz, prof. AGH<br \/>\nAkademia G\u00f3rniczo-Hutnicza w Krakowie<\/p>\n<p>Tre\u015b\u0107 podr\u0119cznika jest kompatybilna z obowi\u0105zuj\u0105cym programem nauczania w uczelniach ekonomicznych. Z pe\u0142nego spektrum zagadnie\u0144 zwi\u0105zanych z matematyk\u0105 elementarn\u0105, algebr\u0105 liniow\u0105 i analiz\u0105 matematyczn\u0105 oraz ich zastosowaniami w naukach ekonomicznych autorzy wybrali zagadnienia zapewniaj\u0105ce odpowiednie tzw. minimum programowe dla studiuj\u0105cych nauki ekonomiczne i nauki o zarz\u0105dzaniu oraz dyscypliny pokrewne.<br \/>\nProf. dr hab. Jerzy Mika<br \/>\nUniwersytet Ekonomiczny w Katowicach<\/p>\n<p>Podr\u0119cznik zawiera bardzo bogaty materia\u0142 z r\u00f3\u017cnych dzia\u0142\u00f3w matematyki. Umiej\u0119tnie \u0142\u0105czy rozwi\u0105zania teoretyczne z aplikacjami ekonomicznymi. Z podr\u0119cznika mog\u0105 korzysta\u0107 wyk\u0142adowcy i studenci na uczelniach, na kt\u00f3rych jest r\u00f3\u017cny wymiar zaj\u0119\u0107 z matematyki. Podr\u0119cznik stanowi bardzo dobr\u0105 podbudow\u0119 do zaj\u0119\u0107 ze statystyki, ekonometrii oraz programowania matematycznego.<br \/>\nProf. dr hab. Tadeusz Stanisz<br \/>\nUniwersytet Ekonomiczny w Krakowie<\/p>\n","protected":false},"excerpt":{"rendered":"<p>Autor: Gurgul Henryk, Suder Marcin Wydawca: Nieoczywiste Oprawa: Mi\u0119kka Format: [&hellip;]<\/p>\n","protected":false},"featured_media":13280,"template":"","meta":[],"product_brand":[],"product_cat":[7519,35],"product_tag":[337,253],"class_list":{"0":"post-13279","1":"product","2":"type-product","3":"status-publish","4":"has-post-thumbnail","6":"product_cat-matematyka","7":"product_cat-matematyka-i-jej-zastosowania","8":"product_tag-ekonomia","9":"product_tag-matematyka","11":"first","12":"instock","13":"sale","14":"shipping-taxable","15":"purchasable","16":"product-type-simple"},"_links":{"self":[{"href":"https:\/\/ksiegarnia-akademicka.pl\/index.php\/wp-json\/wp\/v2\/product\/13279","targetHints":{"allow":["GET"]}}],"collection":[{"href":"https:\/\/ksiegarnia-akademicka.pl\/index.php\/wp-json\/wp\/v2\/product"}],"about":[{"href":"https:\/\/ksiegarnia-akademicka.pl\/index.php\/wp-json\/wp\/v2\/types\/product"}],"wp:featuredmedia":[{"embeddable":true,"href":"https:\/\/ksiegarnia-akademicka.pl\/index.php\/wp-json\/wp\/v2\/media\/13280"}],"wp:attachment":[{"href":"https:\/\/ksiegarnia-akademicka.pl\/index.php\/wp-json\/wp\/v2\/media?parent=13279"}],"wp:term":[{"taxonomy":"product_brand","embeddable":true,"href":"https:\/\/ksiegarnia-akademicka.pl\/index.php\/wp-json\/wp\/v2\/product_brand?post=13279"},{"taxonomy":"product_cat","embeddable":true,"href":"https:\/\/ksiegarnia-akademicka.pl\/index.php\/wp-json\/wp\/v2\/product_cat?post=13279"},{"taxonomy":"product_tag","embeddable":true,"href":"https:\/\/ksiegarnia-akademicka.pl\/index.php\/wp-json\/wp\/v2\/product_tag?post=13279"}],"curies":[{"name":"wp","href":"https:\/\/api.w.org\/{rel}","templated":true}]}}