{"id":13234,"date":"2020-09-09T09:53:47","date_gmt":"2020-09-09T07:53:47","guid":{"rendered":"http:\/\/ksiegarnia-akademicka.pl\/?post_type=product&#038;p=13234"},"modified":"2024-12-05T08:35:01","modified_gmt":"2024-12-05T07:35:01","slug":"wprowadzenie-do-zarzadzania-danymi-naukowymi","status":"publish","type":"product","link":"https:\/\/ksiegarnia-akademicka.pl\/index.php\/product\/wprowadzenie-do-zarzadzania-danymi-naukowymi\/","title":{"rendered":"Wprowadzenie do zarz\u0105dzania danymi naukowymi"},"content":{"rendered":"<p>Autor:<br \/>\nMaria M. Paw\u0142owska<br \/>\nWydawca: Difin<br \/>\nOprawa: Mi\u0119kka<br \/>\nFormat: 16.0&#215;23.0cm<br \/>\nLiczba stron: 202<br \/>\nRok wydania: 2020<br \/>\nJ\u0119zyk wydania: polski<br \/>\nISBN:\t978-83-8085-519-9<\/p>\n<p>Monografia podejmuje pierwsz\u0105 w Polsce pr\u00f3b\u0119 kompleksowego uj\u0119cia zagadnienia zarz\u0105dzania danymi naukowymi oraz opisuje problematyk\u0119 gromadzenia, przechowywania, archiwizacji i udost\u0119pniania danych. Przedstawione zosta\u0142y aspekty zwi\u0105zane ze znaczeniem metadanych, jako\u015bci\u0105 repozytori\u00f3w naukowych czy te\u017c konieczno\u015bci\u0105 dbania o szerokie udost\u0119pnienie danych \u015brodowisku naukowemu. Publikacja opisuje r\u00f3wnie\u017c zadania stewarda danych, podaje szereg rekomendacji dotycz\u0105cych kontroli zarz\u0105dczej, a tak\u017ce wskazuje na rol\u0119 danych w realizacji strategii ochrony w\u0142asno\u015bci intelektualnej w jednostkach naukowych. Monografia obfituje w liczne praktyczne przyk\u0142ady, dzi\u0119ki czemu w przyst\u0119pny spos\u00f3b przekazuje wiedz\u0119 dotycz\u0105c\u0105 roli poprawnego zarz\u0105dzania danymi w realizacji cel\u00f3w naukowych indywidualnych badaczy oraz ca\u0142ych instytucji naukowych. Przedstawiona jest r\u00f3wnie\u017c problematyka konieczno\u015bci ochrony interes\u00f3w prawnych i finansowych wynikaj\u0105cych z posiadania i archiwizowania danych. Uzupe\u0142nieniem publikacji s\u0105 praktyczne wskaz\u00f3wki dotycz\u0105ce zasad przygotowywania planu zarz\u0105dzania danymi (ang. Data Management Plan).<\/p>\n","protected":false},"excerpt":{"rendered":"<p>Autor: Maria M. Paw\u0142owska Wydawca: Difin Oprawa: Mi\u0119kka Format: 16.0&#215;23.0cm [&hellip;]<\/p>\n","protected":false},"featured_media":13235,"template":"","meta":[],"product_brand":[],"product_cat":[7511,27,7508,30],"product_tag":[5759,320,1902],"class_list":{"0":"post-13234","1":"product","2":"type-product","3":"status-publish","4":"has-post-thumbnail","6":"product_cat-kierowanie-i-zarzadzanie","7":"product_cat-nauki-spoleczne","8":"product_cat-socjologia","9":"product_cat-zarzadzanie","10":"product_tag-badania-naukowe","11":"product_tag-nauka","12":"product_tag-organizacja-i-zarzadzanie","14":"first","15":"instock","16":"sale","17":"shipping-taxable","18":"purchasable","19":"product-type-simple"},"_links":{"self":[{"href":"https:\/\/ksiegarnia-akademicka.pl\/index.php\/wp-json\/wp\/v2\/product\/13234","targetHints":{"allow":["GET"]}}],"collection":[{"href":"https:\/\/ksiegarnia-akademicka.pl\/index.php\/wp-json\/wp\/v2\/product"}],"about":[{"href":"https:\/\/ksiegarnia-akademicka.pl\/index.php\/wp-json\/wp\/v2\/types\/product"}],"wp:featuredmedia":[{"embeddable":true,"href":"https:\/\/ksiegarnia-akademicka.pl\/index.php\/wp-json\/wp\/v2\/media\/13235"}],"wp:attachment":[{"href":"https:\/\/ksiegarnia-akademicka.pl\/index.php\/wp-json\/wp\/v2\/media?parent=13234"}],"wp:term":[{"taxonomy":"product_brand","embeddable":true,"href":"https:\/\/ksiegarnia-akademicka.pl\/index.php\/wp-json\/wp\/v2\/product_brand?post=13234"},{"taxonomy":"product_cat","embeddable":true,"href":"https:\/\/ksiegarnia-akademicka.pl\/index.php\/wp-json\/wp\/v2\/product_cat?post=13234"},{"taxonomy":"product_tag","embeddable":true,"href":"https:\/\/ksiegarnia-akademicka.pl\/index.php\/wp-json\/wp\/v2\/product_tag?post=13234"}],"curies":[{"name":"wp","href":"https:\/\/api.w.org\/{rel}","templated":true}]}}