{"id":13197,"date":"2020-09-03T09:37:54","date_gmt":"2020-09-03T07:37:54","guid":{"rendered":"http:\/\/ksiegarnia-akademicka.pl\/?post_type=product&#038;p=13197"},"modified":"2020-09-03T09:37:54","modified_gmt":"2020-09-03T07:37:54","slug":"kodeks-cywilny-tom-ii-komentarz-do-artykulow-450-1088-przepisy-wprowadzajace","status":"publish","type":"product","link":"https:\/\/ksiegarnia-akademicka.pl\/index.php\/product\/kodeks-cywilny-tom-ii-komentarz-do-artykulow-450-1088-przepisy-wprowadzajace\/","title":{"rendered":"Kodeks cywilny. Tom II Komentarz do artyku\u0142\u00f3w 450-1088. Przepisy wprowadzaj\u0105ce"},"content":{"rendered":"<p>Redakcja: SSN prof. dr hab. Krzysztof Pietrzykowski<br \/>\nAutor: dr hab. Zbigniew Banaszczyk, prof. dr hab. Adam Brzozowski, dr Marcin K\u0142oda, dr Jan Mojak, prof. dr hab. Leszek Ogieg\u0142o, prof. dr hab. Maksymilian Pazdan, Janusz Pietrzykowski \u2020, prof. dr hab. Wojciech Popio\u0142ek, prof. dr hab. Marek Safjan, prof. dr hab. El\u017cbieta Skowro\u0144ska-Bocian, dr hab. Micha\u0142 Warci\u0144ski,<br \/>\nWydawnictwo C.H. Beck<br \/>\nSeria: Du\u017ce Komentarze Becka<br \/>\nRok wydania: 2018<br \/>\nWydanie: 9<br \/>\nOprawa: Twarda<br \/>\nLiczba stron: 1412<br \/>\nWaga: 1920 g<br \/>\nISBN: 978-83-812-8368-7<\/p>\n<p>Wydawnictwo prezentuje kolejne, 9. wydanie bardzo dobrze znanego na rynku dwutomowego Komentarza do Kodeksu cywilnego z najwybitniejszym sk\u0142adem autorskim.<\/p>\n<p>Kodeks cywilny. Komentarz. Tom II zawiera wyja\u015bnienia do art. 450\u20131088.<\/p>\n<p>Szczeg\u00f3\u0142owo zosta\u0142y w nim om\u00f3wione zagadnienia dotycz\u0105ce: wykonywania zobowi\u0105za\u0144 i skutk\u00f3w ich niewykonania, potr\u0105cenia, odnowienia, zwolnienia z d\u0142ugu, zmiany wierzyciela lub d\u0142u\u017cnika, ochrony wierzyciela w razie niewyp\u0142acalno\u015bci d\u0142u\u017cnika, um\u00f3w nazwanych (m.in. sprzeda\u017c, zamiana, najem, dzier\u017cawa, po\u017cyczka, zlecenie), prawa spadkowego (zosta\u0142y om\u00f3wione zagadnienia takie jak: forma testamentu, zapis i polecenie, stwierdzenie nabycia spadku lub przedmiotu zapisu windykacyjnego, po\u015bwiadczenie dziedziczenia i ochrona spadkobiercy, odpowiedzialno\u015b\u0107 za d\u0142ugi spadkowe, wsp\u00f3lno\u015b\u0107 maj\u0105tku spadkowego i dzia\u0142 spadku, umowy dotycz\u0105ce spadku).<\/p>\n<p>Nowe, 9. wydanie uwzgl\u0119dnia zmiany wynikaj\u0105ce z:<\/p>\n<p>zmiany wynikaj\u0105ce z ustawy o zarz\u0105dzie sukcesyjnym przedsi\u0119biorstwem osoby fizycznej (Dz.U. z 2018 r. poz. 1629), reguluj\u0105cej m.in. zasady tymczasowego zarz\u0105dzania przedsi\u0119biorstwem po \u015bmierci przedsi\u0119biorcy, kt\u00f3ry wykonywa\u0142 we w\u0142asnym imieniu dzia\u0142alno\u015b\u0107 gospodarcz\u0105 na podstawie wpisu do CEIDG, oraz kontynuowania dzia\u0142alno\u015bci gospodarczej wykonywanej z wykorzystaniem tego przedsi\u0119biorstwa;<br \/>\nustawy Przepisy wprowadzaj\u0105ce ustaw\u0119 \u2013 Prawo przedsi\u0119biorc\u00f3w oraz inne ustawy dotycz\u0105ce dzia\u0142alno\u015bci gospodarczej (Dz.U. z 2018 r. poz. 646) dotycz\u0105ce prokury. Zmieniony zosta\u0142 tak\u017ce art. 1091 \u00a7 1 KC poprzez wyra\u017ane upowa\u017cnienie przedsi\u0119biorc\u00f3w \u2013 os\u00f3b fizycznych do udzielania prokury, po uzyskaniu wpisu w CEIDG;<br \/>\nustawy o zmianie ustawy o Krajowym Rejestrze S\u0105dowym oraz niekt\u00f3rych innych ustaw (Dz.U. 2018 poz. 398) dotycz\u0105ce ustanowienia kuratora w sytuacji braku organ\u00f3w oraz wyga\u015bni\u0119cia prokury. Ustawa o zmianie ustawy o Krajowym Rejestrze S\u0105dowym oraz niekt\u00f3rych innych ustaw doda\u0142a do art. 1097 KC \u00a7 31, zgodnie z kt\u00f3rym ustanowienie kuratora na podstawie art. 42 \u00a7 1 KC spowoduje wyga\u015bni\u0119cie prokury, a w okresie trwania kurateli nie b\u0119dzie mo\u017cliwe ustanowienie prokury;<br \/>\nustawy z 24.11.2017 r. o imprezach turystycznych i powi\u0105zanych us\u0142ugach turystycznych (Dz.U. z 2017 r. poz. 2361) dotycz\u0105ce transpozycji do polskiego porz\u0105dku prawnego dyrektywy Parlamentu Europejskiego i Rady Nr 2015\/2302\/UE z 25.11.2015 r. w celu poprawy funkcjonuj\u0105cych rozwi\u0105za\u0144 prawnych, w szczeg\u00f3lno\u015bci w zakresie zabezpiecze\u0144 podr\u00f3\u017cnych przed skutkami niewyp\u0142acalno\u015bci organizator\u00f3w turystyki i przedsi\u0119biorc\u00f3w u\u0142atwiaj\u0105cych nabywanie us\u0142ug turystycznych;<br \/>\nustawy z 7.4.2017 r. o zmianie niekt\u00f3rych ustaw w celu u\u0142atwienia dochodzenia wierzytelno\u015bci (Dz.U. z 2017 r. poz. 933) dotycz\u0105ce odpowiedzialno\u015bci solidarnej inwestora i podwykonawcy.<br \/>\nDodano tak\u017ce najnowsze orzecznictwo, bardzo istotne z punktu widzenia praktyki oraz zaprezentowano najnowsze pogl\u0105dy doktryny. W zaktualizowanym komentarzu dokonano tak\u017ce wiele istotnych zmian w sposobie prezentowania tre\u015bci przez Autor\u00f3w: wprowadzono szczeg\u00f3\u0142owe spisy wewn\u0119trzne, dzi\u0119ki czemu komentarz jest bardziej czytelny, a korzystanie z niego sta\u0142o si\u0119 \u0142atwiejsze.<\/p>\n<p>Nowe 9 wydanie komentarza to:<\/p>\n<p>Precyzyjna nawigacja wewn\u0119trzna:<\/p>\n<p>szczeg\u00f3\u0142owy podzia\u0142 wewn\u0119trzny komentarza do danego artyku\u0142u,<br \/>\nbardzo szczeg\u00f3\u0142owe spisy tre\u015bci do artyku\u0142\u00f3w,<br \/>\ntytu\u0142y tez, pozwalaj\u0105ce w szybki spos\u00f3b na znalezienie w\u0142a\u015bciwego zagadnienia,<br \/>\nnumery tez pozwalaj\u0105ce na sprawne korzystanie z wewn\u0119trznych odes\u0142a\u0144 oraz odszukanie podstawowych hase\u0142 w indeksie.<br \/>\nPraktyczne opracowanie tematu:<\/p>\n<p>argumenty do obrony w\u0142asnych racji: najnowsze orzecznictwo z danego tematu, pozwalaj\u0105ce na sprawdzenie najnowszej linii orzeczniczej,<br \/>\nom\u00f3wienia wybitnych specjalist\u00f3w z danego tematu oraz pogl\u0105dy doktryny w danej materii: zawiera odniesienia do pogl\u0105d\u00f3w wyra\u017conych w innych pozycjach literatury.<br \/>\nNajwybitniejszy sk\u0142ad autorski:<\/p>\n<p>Redaktorem naukowym komentarza jest Krzysztof Pietrzykowski \u2013 profesor Uniwersytetu Warszawskiego, s\u0119dzia S\u0105du Najwy\u017cszego.<\/p>\n<p>Autorami komentarza s\u0105 praktycy, a jednocze\u015bnie wybitni teoretycy: s\u0119dziowie S\u0105du Najwy\u017cszego, Trybuna\u0142u sprawiedliwo\u015bci Unii Europejskiej, radcowie prawni; profesorowie prawa i wyk\u0142adowcy Uniwersytetu Jagiello\u0144skiego, Uniwersytetu Marii Curie-Sk\u0142odowskiej, Uniwersytetu \u015al\u0105skiego i Uniwersytetu Warszawskiego.<\/p>\n","protected":false},"excerpt":{"rendered":"<p>Redakcja: SSN prof. dr hab. Krzysztof Pietrzykowski Autor: dr hab. [&hellip;]<\/p>\n","protected":false},"featured_media":13198,"template":"","meta":[],"product_brand":[],"product_cat":[7491,18],"product_tag":[3868,615,781],"class_list":{"0":"post-13197","1":"product","2":"type-product","3":"status-publish","4":"has-post-thumbnail","6":"product_cat-cywilne","7":"product_cat-prawo","8":"product_tag-kodeks-cywilny","9":"product_tag-prawo-cywilne","10":"product_tag-seria-duze-komentarze-becka","12":"first","13":"instock","14":"sale","15":"shipping-taxable","16":"purchasable","17":"product-type-simple"},"_links":{"self":[{"href":"https:\/\/ksiegarnia-akademicka.pl\/index.php\/wp-json\/wp\/v2\/product\/13197","targetHints":{"allow":["GET"]}}],"collection":[{"href":"https:\/\/ksiegarnia-akademicka.pl\/index.php\/wp-json\/wp\/v2\/product"}],"about":[{"href":"https:\/\/ksiegarnia-akademicka.pl\/index.php\/wp-json\/wp\/v2\/types\/product"}],"wp:featuredmedia":[{"embeddable":true,"href":"https:\/\/ksiegarnia-akademicka.pl\/index.php\/wp-json\/wp\/v2\/media\/13198"}],"wp:attachment":[{"href":"https:\/\/ksiegarnia-akademicka.pl\/index.php\/wp-json\/wp\/v2\/media?parent=13197"}],"wp:term":[{"taxonomy":"product_brand","embeddable":true,"href":"https:\/\/ksiegarnia-akademicka.pl\/index.php\/wp-json\/wp\/v2\/product_brand?post=13197"},{"taxonomy":"product_cat","embeddable":true,"href":"https:\/\/ksiegarnia-akademicka.pl\/index.php\/wp-json\/wp\/v2\/product_cat?post=13197"},{"taxonomy":"product_tag","embeddable":true,"href":"https:\/\/ksiegarnia-akademicka.pl\/index.php\/wp-json\/wp\/v2\/product_tag?post=13197"}],"curies":[{"name":"wp","href":"https:\/\/api.w.org\/{rel}","templated":true}]}}