{"id":13195,"date":"2020-09-03T09:34:22","date_gmt":"2020-09-03T07:34:22","guid":{"rendered":"http:\/\/ksiegarnia-akademicka.pl\/?post_type=product&#038;p=13195"},"modified":"2024-12-05T08:18:05","modified_gmt":"2024-12-05T07:18:05","slug":"kodeks-cywilny-tom-i-komentarz-do-art-1-44910","status":"publish","type":"product","link":"https:\/\/ksiegarnia-akademicka.pl\/index.php\/product\/kodeks-cywilny-tom-i-komentarz-do-art-1-44910\/","title":{"rendered":"Kodeks cywilny. Tom I. Komentarz do art. 1\u2013449(10)"},"content":{"rendered":"<p>Redakcja: SSN prof. dr hab. Krzysztof Pietrzykowski<br \/>\nAutor: dr hab. Zbigniew Banaszczyk, prof. dr hab. Adam Brzozowski, dr Marcin K\u0142oda, dr Jan Mojak, prof. dr hab. Maksymilian Pazdan, prof. dr hab. Wojciech Popio\u0142ek, prof. dr hab. Marek Safjan, prof. dr hab. El\u017cbieta Skowro\u0144ska-Bocian, dr hab. Micha\u0142 Warci\u0144ski, dr hab. Kamil Zaradkiewicz, prof. dr hab. Kazimierz Zawada<br \/>\nWydawnictwo: C.H. Beck<br \/>\nSeria: Du\u017ce Komentarze Becka<br \/>\nRok wydania: 2020<br \/>\nWydanie: 10<br \/>\nOprawa: Twarda<br \/>\nLiczba stron: 1716<br \/>\nWaga: 2260 g<br \/>\nISBN: 978-83-8198-437-9<\/p>\n<p>Kodeks cywilny. Komentarz. Tom I zawiera wyja\u015bnienia do art. 1\u201344910.<br \/>\nWydawnictwo prezentuje kolejne, 10. wydanie bardzo dobrze znanego na rynku dwutomowego Komentarza do Kodeksu cywilnego z najwybitniejszym sk\u0142adem autorskim.<\/p>\n<p>Szczeg\u00f3\u0142owo zosta\u0142y om\u00f3wione w nim zagadnienia po\u015bwi\u0119cone:<\/p>\n<p>osobom fizycznym: zdolno\u015bci prawnej i zdolno\u015bci do czynno\u015bci prawnych; miejscu zamieszkania i uznaniu za zmar\u0142ego; osobom prawnym oraz przedsi\u0119biorcom i ich oznaczeniom;<br \/>\nmieniu;<br \/>\nczynno\u015bciom prawnym i zagadnieniom takim jak: zawarcie umowy, forma czynno\u015bci prawnych, wady o\u015bwiadczenia woli, warunek, przedstawicielstwo, pe\u0142nomocnictwo, prokura, termin, przedawnienie roszcze\u0144;<br \/>\nw\u0142asno\u015bci (tre\u015bci prawa, nabyciu i jego utracie, wsp\u00f3\u0142w\u0142asno\u015bci, ochronie w\u0142asno\u015bci, u\u017cytkowaniu wieczystemu, prawom rzeczowym ograniczonym, u\u017cytkowaniu, s\u0142u\u017cebno\u015bciom, zastawowi i posiadaniu);<br \/>\ncz\u0119\u015bci og\u00f3lnej zobowi\u0105za\u0144.<br \/>\nNowe, 10. wydanie uwzgl\u0119dnia zmiany wynikaj\u0105ce z:<\/p>\n<p>ustawy z 2.3.2020 r. o szczeg\u00f3lnych rozwi\u0105zaniach zwi\u0105zanych z zapobieganiem, przeciwdzia\u0142aniem i zwalczaniem COVID-19, innych chor\u00f3b zaka\u017anych oraz wywo\u0142anych nimi sytuacji kryzysowych (Dz.U. z 2020 poz. 374 ze zm.), dotycz\u0105cych m.in. wp\u0142ywu regulacji ustawowej na przerwanie lub zawieszenie biegu przedawnienia roszcze\u0144 zwi\u0105zanego z funkcjonowaniem s\u0105d\u00f3w w okresie stanu zagro\u017cenia epidemicznego albo stanu epidemii oraz ogranicze\u0144 zasady swobody um\u00f3w w zwi\u0105zku ze szczeg\u00f3lnymi okoliczno\u015bciami. Wprowadzone zosta\u0142y tak\u017ce zmiany zwi\u0105zane z trwaniem w czasie zobowi\u0105zania ci\u0105g\u0142ego (regulacje dotycz\u0105ce m.in.: wypowiedzenia umowy najmu oraz wypowiedzenia wysoko\u015bci czynszu um\u00f3w najmu, dzier\u017cawy lub innych podobnych um\u00f3w, przez kt\u00f3re dochodzi do oddania do u\u017cywania powierzchni handlowej w obiektach handlowych o powierzchni sprzeda\u017cy powy\u017cej 2000 m2);<br \/>\nustawy z 31.7.2019 r. o zmianie niekt\u00f3rych ustaw w celu ograniczenia obci\u0105\u017ce\u0144 regulacyjnych (Dz.U. z 2019 r. poz. 1495) dotycz\u0105cej osoby fizycznej, kt\u00f3ra zawiera z innym przedsi\u0119biorc\u0105 umow\u0119 zwi\u0105zan\u0105 bezpo\u015brednio z prowadzon\u0105 przez ni\u0105 dzia\u0142alno\u015bci\u0105 gospodarcz\u0105 lub zawodow\u0105, lecz niemaj\u0105c\u0105 dla niej charakteru zawodowego. Osobie tej, b\u0119d\u0105cej przedsi\u0119biorc\u0105, b\u0119dzie przys\u0142ugiwa\u0142a ochrona przewidziana dla konsument\u00f3w, w zakresie stosowania klauzul abuzywnych, r\u0119kojmi za wady oraz w zakresie prawa odst\u0105pienia od umowy zawartej na odleg\u0142o\u015b\u0107 lub poza lokalem przedsi\u0119biorstwa \u2013 regulacje wchodz\u0105 w \u017cycie od 1.1.2021 r.;<br \/>\nustawy z 9.11.2018 r. o zmianie niekt\u00f3rych ustaw w celu wprowadzenia uproszcze\u0144 dla przedsi\u0119biorc\u00f3w w prawie podatkowym i gospodarczym (Dz.U. 2018 r. poz. 2244), kt\u00f3ra umo\u017cliwi potwierdzanie um\u00f3w zawartych przez organ osoby prawnej z przekroczeniem zakresu umocowania, co wp\u0142ynie na popraw\u0119 bezpiecze\u0144stwa obrotu prawnego, a tak\u017ce efektywno\u015b\u0107 dzia\u0142ania przedsi\u0119biorcy oraz u\u0142atwi prowadzenie dzia\u0142alno\u015bci gospodarczej;<br \/>\nustawy z 13.4.2018 r. o zmianie ustawy \u2013 Kodeks cywilny oraz niekt\u00f3rych innych ustaw (Dz.U. z 2018 r. poz. 1104) dotycz\u0105cej skr\u00f3cenia termin\u00f3w przedawnienia, co ma przyczyni\u0107 si\u0119 do szybszego kszta\u0142towania stan\u00f3w faktycznych w spos\u00f3b zgodny ze stanem prawnym oraz zapewnienia stabilno\u015bci stosunk\u00f3w spo\u0142ecznych. Na skutek zmiany og\u00f3lny termin przedawnienia wynosi 6 lat, jednak pozostawiono regulacj\u0119, dotycz\u0105c\u0105 3-letniego terminu przedawnienia dla roszcze\u0144 o \u015bwiadczenia okresowe oraz roszcze\u0144 zwi\u0105zanych z prowadzeniem dzia\u0142alno\u015bci gospodarczej. Ustawa reguluje tak\u017ce kwesti\u0119 sposobu liczenia terminu przedawnienia (t.j. zako\u0144czenie biegu przedawnienia na koniec roku kalendarzowego dla termin\u00f3w dwuletnich i d\u0142u\u017cszych ni\u017c dwa lata), co u\u0142atwi obron\u0119 oraz wywrze pozytywny wp\u0142yw na sytuacj\u0119 wierzycieli, kt\u00f3rzy nie b\u0119d\u0105 musieli dokonywa\u0107 szczeg\u00f3\u0142owych oblicze\u0144. Ponadto wskutek regulacji wprowadzone zostan\u0105 przepisy szczeg\u00f3lne dotycz\u0105ce przedawnienia roszcze\u0144 przys\u0142uguj\u0105cych przeciwko konsumentom, kt\u00f3re zapewni\u0105 ich ochron\u0119 poprzez utrat\u0119 prawa dochodzenia roszcze\u0144 przys\u0142uguj\u0105cych przedsi\u0119biorcom wobec konsument\u00f3w po up\u0142ywie terminu.<br \/>\nGwarancj\u0105 praktyczno\u015bci s\u0105 Autorzy, kt\u00f3rzy \u0142\u0105cz\u0105 prac\u0119 naukow\u0105 z praktyk\u0105 zawodow\u0105: s\u0119dziego S\u0105du Najwy\u017cszego oraz Trybuna\u0142u Sprawiedliwo\u015bci Unii Europejskiej, radcy prawnego, adwokata.<\/p>\n<p>Nowe, 10. wydanie komentarza to:<\/p>\n<p>Precyzyjna nawigacja wewn\u0119trzna:<\/p>\n<p>szczeg\u00f3\u0142owy podzia\u0142 wewn\u0119trzny komentarza do danego artyku\u0142u,<br \/>\nbardzo szczeg\u00f3\u0142owe spisy tre\u015bci do artyku\u0142\u00f3w,<br \/>\ntytu\u0142y tez, pozwalaj\u0105ce w szybki spos\u00f3b na znalezienie w\u0142a\u015bciwego zagadnienia,<br \/>\nnumery tez pozwalaj\u0105ce na sprawne korzystanie z wewn\u0119trznych odes\u0142a\u0144 oraz odszukanie podstawowych hase\u0142 w indeksie.<br \/>\nPraktyczne opracowanie tematu:<\/p>\n<p>argumenty do obrony w\u0142asnych racji: najnowsze orzecznictwo z danego tematu, pozwalaj\u0105ce na sprawdzenie najnowszej linii orzeczniczej,<br \/>\nom\u00f3wienia wybitnych specjalist\u00f3w z danego tematu oraz pogl\u0105dy doktryny w danej materii: zawiera odniesienia do pogl\u0105d\u00f3w wyra\u017conych w innych pozycjach literatury.<br \/>\nNajwybitniejszy sk\u0142ad autorski:<\/p>\n<p>Redaktorem naukowym komentarza jest Krzysztof Pietrzykowski \u2013 profesor Uniwersytetu Warszawskiego, s\u0119dzia S\u0105du Najwy\u017cszego.<br \/>\nAutorami komentarza s\u0105 praktycy, a jednocze\u015bnie wybitni teoretycy: s\u0119dziowie S\u0105du Najwy\u017cszego, Trybuna\u0142u Sprawiedliwo\u015bci Unii Europejskiej, radcowie prawni; profesorowie prawa i wyk\u0142adowcy m.in. Uniwersytetu Jagiello\u0144skiego, Uniwersytetu Marii Curie-Sk\u0142odowskiej, Uniwersytetu \u015al\u0105skiego i Uniwersytetu Warszawskiego.<\/p>\n","protected":false},"excerpt":{"rendered":"<p>Redakcja: SSN prof. dr hab. Krzysztof Pietrzykowski Autor: dr hab. [&hellip;]<\/p>\n","protected":false},"featured_media":13196,"template":"","meta":[],"product_brand":[],"product_cat":[7491,18],"product_tag":[3868,615,781],"class_list":{"0":"post-13195","1":"product","2":"type-product","3":"status-publish","4":"has-post-thumbnail","6":"product_cat-cywilne","7":"product_cat-prawo","8":"product_tag-kodeks-cywilny","9":"product_tag-prawo-cywilne","10":"product_tag-seria-duze-komentarze-becka","12":"first","13":"instock","14":"sale","15":"shipping-taxable","16":"purchasable","17":"product-type-simple"},"_links":{"self":[{"href":"https:\/\/ksiegarnia-akademicka.pl\/index.php\/wp-json\/wp\/v2\/product\/13195","targetHints":{"allow":["GET"]}}],"collection":[{"href":"https:\/\/ksiegarnia-akademicka.pl\/index.php\/wp-json\/wp\/v2\/product"}],"about":[{"href":"https:\/\/ksiegarnia-akademicka.pl\/index.php\/wp-json\/wp\/v2\/types\/product"}],"wp:featuredmedia":[{"embeddable":true,"href":"https:\/\/ksiegarnia-akademicka.pl\/index.php\/wp-json\/wp\/v2\/media\/13196"}],"wp:attachment":[{"href":"https:\/\/ksiegarnia-akademicka.pl\/index.php\/wp-json\/wp\/v2\/media?parent=13195"}],"wp:term":[{"taxonomy":"product_brand","embeddable":true,"href":"https:\/\/ksiegarnia-akademicka.pl\/index.php\/wp-json\/wp\/v2\/product_brand?post=13195"},{"taxonomy":"product_cat","embeddable":true,"href":"https:\/\/ksiegarnia-akademicka.pl\/index.php\/wp-json\/wp\/v2\/product_cat?post=13195"},{"taxonomy":"product_tag","embeddable":true,"href":"https:\/\/ksiegarnia-akademicka.pl\/index.php\/wp-json\/wp\/v2\/product_tag?post=13195"}],"curies":[{"name":"wp","href":"https:\/\/api.w.org\/{rel}","templated":true}]}}