{"id":13169,"date":"2020-09-02T09:38:39","date_gmt":"2020-09-02T07:38:39","guid":{"rendered":"http:\/\/ksiegarnia-akademicka.pl\/?post_type=product&#038;p=13169"},"modified":"2020-09-02T09:40:04","modified_gmt":"2020-09-02T07:40:04","slug":"seksuolozki-nowe-rozmowy","status":"publish","type":"product","link":"https:\/\/ksiegarnia-akademicka.pl\/index.php\/product\/seksuolozki-nowe-rozmowy\/","title":{"rendered":"Seksuolo\u017cki Nowe rozmowy"},"content":{"rendered":"<p>Autor:<br \/>\nMarta Szarejko<br \/>\nWydawca: Znak Horyzont<br \/>\nOprawa: Mi\u0119kka ze skrzyde\u0142kami<br \/>\nFormat: 13.5&#215;21.0cm<br \/>\nLiczba stron: 336<br \/>\nWydanie: 1<br \/>\nRok wydania: 2020<br \/>\nJ\u0119zyk wydania: polski<br \/>\nISBN:\t978-83-240-7845-5<\/p>\n<p>\u201eWi\u0119kszo\u015b\u0107 wizyt u seksuologa to historia wstydu\u201d. A jedna ksi\u0105\u017cka to za ma\u0142o, by je wszystkie opowiedzie\u0107.<br \/>\nKONTYNUACJA BESTSELLEROWEJ KSI\u0104\u017bKI \u201eSEKSUOLO\u017bKI. SEKRETY GABINET\u00d3W\u201d.<\/p>\n<p>Z jakimi problemami na terapi\u0119 do seksuologa zg\u0142aszaj\u0105 si\u0119 polskie pary?<br \/>\nDlaczego kobiety boj\u0105 si\u0119 odmawia\u0107 seksu?<br \/>\nCzy brak po\u017c\u0105dania to choroba?<br \/>\nJak wygl\u0105da \u017cycie kobiet, kt\u00f3re by\u0142y wykorzystywane seksualnie w dzieci\u0144stwie?<br \/>\nCo bardziej rujnuje libido? Depresja czy jej leczenie?<br \/>\nJak zaburzenia osobowo\u015bci wp\u0142ywaj\u0105 na \u017cycie seksualne?<br \/>\nZ jakiego powodu ma\u0142e dziewczynki przyprowadza si\u0119 na wizyt\u0119 do seksuologa?<br \/>\nJak naprawd\u0119 wygl\u0105da chemiczny aspekt bycia kobiet\u0105, czyli dzia\u0142anie jej hormon\u00f3w?<br \/>\nJak cz\u0119sto granice Polek zostaj\u0105 przekroczone w \u0142\u00f3\u017cku?<br \/>\nDlaczego dzieci si\u0119 masturbuj\u0105?<br \/>\nJak ci\u0105\u017ca i por\u00f3d wp\u0142ywaj\u0105 na nasz\u0105 seksualno\u015b\u0107?<br \/>\nDlaczego kobieta czuje si\u0119 winna, je\u015bli nie ma ochoty na seks?<br \/>\nDlaczego w polskich zwi\u0105zkach przyjemno\u015b\u0107 m\u0119\u017cczyzny jest wa\u017cniejsza ni\u017c satysfakcja kobiety?<br \/>\nCzy osoby zara\u017cone wirusem HIV mog\u0105 w og\u00f3le uprawia\u0107 seks?<br \/>\nMarta Szarejko po raz kolejny zabiera nas na spotkanie z seksuolo\u017ckami. Wsp\u00f3lnie ze swoimi rozm\u00f3wczyniami odkrywa przed nami tajemnice gabinet\u00f3w seksuologicznych oraz obna\u017ca stereotypy, w jakich uwi\u0119ziona jest nasza kobieco\u015b\u0107 i seksualno\u015b\u0107. Szuka odpowiedzi na liczne pytania \u2013 nie tylko te, kt\u00f3re wstydzimy si\u0119 zada\u0107, lecz tak\u017ce te, o kt\u00f3rych woleliby\u015bmy nawet nie my\u015ble\u0107.<\/p>\n","protected":false},"excerpt":{"rendered":"<p>Autor: Marta Szarejko Wydawca: Znak Horyzont Oprawa: Mi\u0119kka ze skrzyde\u0142kami [&hellip;]<\/p>\n","protected":false},"featured_media":13170,"template":"","meta":[],"product_brand":[],"product_cat":[7707],"product_tag":[8055,4548,7847],"class_list":{"0":"post-13169","1":"product","2":"type-product","3":"status-publish","4":"has-post-thumbnail","6":"product_cat-literatura","7":"product_tag-kobiety","8":"product_tag-reportaz","9":"product_tag-sex","11":"first","12":"instock","13":"sale","14":"shipping-taxable","15":"purchasable","16":"product-type-simple"},"_links":{"self":[{"href":"https:\/\/ksiegarnia-akademicka.pl\/index.php\/wp-json\/wp\/v2\/product\/13169","targetHints":{"allow":["GET"]}}],"collection":[{"href":"https:\/\/ksiegarnia-akademicka.pl\/index.php\/wp-json\/wp\/v2\/product"}],"about":[{"href":"https:\/\/ksiegarnia-akademicka.pl\/index.php\/wp-json\/wp\/v2\/types\/product"}],"wp:featuredmedia":[{"embeddable":true,"href":"https:\/\/ksiegarnia-akademicka.pl\/index.php\/wp-json\/wp\/v2\/media\/13170"}],"wp:attachment":[{"href":"https:\/\/ksiegarnia-akademicka.pl\/index.php\/wp-json\/wp\/v2\/media?parent=13169"}],"wp:term":[{"taxonomy":"product_brand","embeddable":true,"href":"https:\/\/ksiegarnia-akademicka.pl\/index.php\/wp-json\/wp\/v2\/product_brand?post=13169"},{"taxonomy":"product_cat","embeddable":true,"href":"https:\/\/ksiegarnia-akademicka.pl\/index.php\/wp-json\/wp\/v2\/product_cat?post=13169"},{"taxonomy":"product_tag","embeddable":true,"href":"https:\/\/ksiegarnia-akademicka.pl\/index.php\/wp-json\/wp\/v2\/product_tag?post=13169"}],"curies":[{"name":"wp","href":"https:\/\/api.w.org\/{rel}","templated":true}]}}