{"id":13157,"date":"2020-09-02T09:22:35","date_gmt":"2020-09-02T07:22:35","guid":{"rendered":"http:\/\/ksiegarnia-akademicka.pl\/?post_type=product&#038;p=13157"},"modified":"2020-09-02T09:22:36","modified_gmt":"2020-09-02T07:22:36","slug":"udar-mozgu-kompendium-dla-praktyka","status":"publish","type":"product","link":"https:\/\/ksiegarnia-akademicka.pl\/index.php\/product\/udar-mozgu-kompendium-dla-praktyka\/","title":{"rendered":"Udar m\u00f3zgu Kompendium dla praktyka"},"content":{"rendered":"<p>Autor:<br \/>\nHalina Sienkiewicz-Jarosz<br \/>\nWydawca: PZWL<br \/>\nOprawa: Mi\u0119kka<br \/>\nFormat: 15.0&#215;23.5cm<br \/>\nLiczba stron: 289<br \/>\nWydanie: 1<br \/>\nRok wydania: 2020<br \/>\nJ\u0119zyk wydania: polski<br \/>\nISBN:\t978-83-200-6118-5<\/p>\n<p>\u201eUdar m\u00f3zgu. Kompendium dla praktyka\u201d kolejny tytu\u0142 w serii Choroby m\u00f3zgu.<br \/>\n\u201eUdar m\u00f3zgu \u2013 kompendium dla praktyka\u201d to syntetyczne uj\u0119cie najnowszej wiedzy dotycz\u0105cej epidemiologii, czynnik\u00f3w ryzyka oraz metod prewencji pierwotnej i wt\u00f3rnej udaru.<br \/>\nObjawy kliniczne udaru zosta\u0142y om\u00f3wione w kontek\u015bcie neuroanatomicznym. Zgodnie z obowi\u0105zuj\u0105cymi rekomendacjami diagnostyki i leczenia udar\u00f3w przedstawiono dob\u00f3r bada\u0144 diagnostycznych oraz zasady organizacji opieki nad pacjentem, a tak\u017ce leczenie w okresie ostrym i przewlek\u0142ym. W publikacji om\u00f3wiono r\u00f3wnie\u017c rzadkie przyczyny udaru i opiek\u0119 nad szczeg\u00f3lnymi populacjami chorych (kobiety w ci\u0105\u017cy, m\u0142odzi doro\u015bli, osoby uzale\u017cnione od lek\u00f3w i alkoholu) oraz najcz\u0119stsze problemy psychospo\u0142eczne pacjent\u00f3w. Opisy przypadk\u00f3w ilustruj\u0105 zasady post\u0119powania w praktyce.<br \/>\nUdary m\u00f3zgu stanowi\u0105 obecnie jeden z g\u0142\u00f3wnych problem\u00f3w zdrowotnych w Polsce w kontek\u015bcie klinicznym, spo\u0142ecznym i ekonomicznym. Starzenie si\u0119 spo\u0142ecze\u0144stwa powoduje, \u017ce problem b\u0119dzie si\u0119 powi\u0119ksza\u0142. Szacuje si\u0119, \u017ce w latach 2005-2025 liczba nowych przypadk\u00f3w udaru m\u00f3zgu u m\u0119\u017cczyzn mo\u017ce wzrosn\u0105\u0107 o 37%, a u kobiet o oko\u0142o 38%. W udarze m\u00f3zgu bardzo istotne jest szybkie rozpocz\u0119cie odpowiedniego leczenia oraz profilaktyka.<\/p>\n","protected":false},"excerpt":{"rendered":"<p>Autor: Halina Sienkiewicz-Jarosz Wydawca: PZWL Oprawa: Mi\u0119kka Format: 15.0&#215;23.5cm Liczba [&hellip;]<\/p>\n","protected":false},"featured_media":13158,"template":"","meta":[],"product_brand":[],"product_cat":[7493],"product_tag":[3994,6070,8054],"class_list":{"0":"post-13157","1":"product","2":"type-product","3":"status-publish","4":"has-post-thumbnail","6":"product_cat-medycyna","7":"product_tag-medycyna","8":"product_tag-neurologia","9":"product_tag-udar-mozgu","11":"first","12":"instock","13":"sale","14":"shipping-taxable","15":"purchasable","16":"product-type-simple"},"_links":{"self":[{"href":"https:\/\/ksiegarnia-akademicka.pl\/index.php\/wp-json\/wp\/v2\/product\/13157","targetHints":{"allow":["GET"]}}],"collection":[{"href":"https:\/\/ksiegarnia-akademicka.pl\/index.php\/wp-json\/wp\/v2\/product"}],"about":[{"href":"https:\/\/ksiegarnia-akademicka.pl\/index.php\/wp-json\/wp\/v2\/types\/product"}],"wp:featuredmedia":[{"embeddable":true,"href":"https:\/\/ksiegarnia-akademicka.pl\/index.php\/wp-json\/wp\/v2\/media\/13158"}],"wp:attachment":[{"href":"https:\/\/ksiegarnia-akademicka.pl\/index.php\/wp-json\/wp\/v2\/media?parent=13157"}],"wp:term":[{"taxonomy":"product_brand","embeddable":true,"href":"https:\/\/ksiegarnia-akademicka.pl\/index.php\/wp-json\/wp\/v2\/product_brand?post=13157"},{"taxonomy":"product_cat","embeddable":true,"href":"https:\/\/ksiegarnia-akademicka.pl\/index.php\/wp-json\/wp\/v2\/product_cat?post=13157"},{"taxonomy":"product_tag","embeddable":true,"href":"https:\/\/ksiegarnia-akademicka.pl\/index.php\/wp-json\/wp\/v2\/product_tag?post=13157"}],"curies":[{"name":"wp","href":"https:\/\/api.w.org\/{rel}","templated":true}]}}